 {"id":67592,"date":"2021-06-12T11:19:42","date_gmt":"2021-06-12T09:19:42","guid":{"rendered":"https:\/\/www.comoditahome.com\/al\/?post_type=product&#038;p=67592"},"modified":"2026-04-23T09:00:35","modified_gmt":"2026-04-23T07:00:35","slug":"jastek-mbeshtetes-gel-cervikale","status":"publish","type":"product","link":"https:\/\/www.comoditahome.com\/al\/product\/jastek-mbeshtetes-gel-cervikale\/","title":{"rendered":"Jast\u00ebk mb\u00ebshtet\u00ebs gel cervikale"},"content":{"rendered":"","protected":false},"excerpt":{"rendered":"<div class=\"woocommerce-product-details__short-description\">\n<p style=\"text-align: left;\">Relaksoni trupin tuaj kur udh\u00ebtoni me jast\u00ebkun e duhur mb\u00ebshtet\u00ebs t\u00eb qaf\u00ebs t\u00eb kombinuar me efektin freskues. Form\u00ebsohet sipas formave t\u00eb qaf\u00ebs tuaj p\u00ebr t\u00eb liruar pikat e presionit dhe shtrirje t\u00eb duhur t\u00eb qaf\u00ebs. Shtresa freskuese e xhelit e integruar p\u00ebrsip\u00ebr, absorbon temperatur\u00ebn e trupit, dhe ju mban t\u00eb fresk\u00ebt e t\u00eb qet\u00eb.<br \/>\n\u2022 Mb\u00ebshtetje e qaf\u00ebs gjat\u00eb udh\u00ebtimeve ose p\u00ebr rehati n\u00eb sht\u00ebpi.<br \/>\n\u2022 Dizajni ortopedik mb\u00ebshtet kok\u00ebn, qaf\u00ebn dhe krah\u00ebt.<br \/>\n\u2022 Shtres\u00eb freskuese me xhel e integruar mbi jast\u00ebkun me shkum\u00eb memory p\u00ebr t\u00eb ndihmuar n\u00eb shp\u00ebrndarjen e nxeht\u00ebsis\u00eb n\u00ebp\u00ebrmjet jast\u00ebkut.<br \/>\n\u2022 Shkuma memory shp\u00ebrndan pesh\u00ebn e kok\u00ebs dhe qaf\u00ebs tuaj n\u00eb m\u00ebnyr\u00eb t\u00eb nj\u00ebtrajtshme.<br \/>\n\u2022 Mb\u00ebshtjell\u00ebs me fibra bamboo-je q\u00eb mund t\u00eb lahet.<\/p>\n<p style=\"text-align: left;\"><strong>Dimensioni \/ Kompozicioni:<\/strong> 30X29X29cm<\/p>\n<p style=\"text-align: left;\"><strong>NGJYRA:<\/strong> I bardh\u00eb<\/p>\n<p style=\"text-align: left;\"><strong>MATERIALI:<\/strong> Gel<\/p>\n<p style=\"text-align: left;\"><strong>UDH\u00cbZIMET E P\u00cbRDORIMIT:<\/strong> Nuk pastrohet, vet\u00ebm ajroset<\/p>\n<p style=\"text-align: left;\"><strong>KUSHTET E KTHIMIT \/ GARANCION:<\/strong> P\u00ebr shkak t\u00eb kontaktit me higjien\u00eb personale, p\u00ebr produktet e tekstilit nuk pranohen kthime apo reklamacione.<br \/>\n<span style=\"color: #ffffff;\">3907489190031<\/span><\/p>\n<\/div>\n","protected":false},"featured_media":67593,"template":"","meta":[],"product_cat":[199,51,76],"product_tag":[],"_links":{"self":[{"href":"https:\/\/www.comoditahome.com\/al\/wp-json\/wp\/v2\/product\/67592"}],"collection":[{"href":"https:\/\/www.comoditahome.com\/al\/wp-json\/wp\/v2\/product"}],"about":[{"href":"https:\/\/www.comoditahome.com\/al\/wp-json\/wp\/v2\/types\/product"}],"version-history":[{"count":1,"href":"https:\/\/www.comoditahome.com\/al\/wp-json\/wp\/v2\/product\/67592\/revisions"}],"predecessor-version":[{"id":67599,"href":"https:\/\/www.comoditahome.com\/al\/wp-json\/wp\/v2\/product\/67592\/revisions\/67599"}],"wp:featuredmedia":[{"embeddable":true,"href":"https:\/\/www.comoditahome.com\/al\/wp-json\/wp\/v2\/media\/67593"}],"wp:attachment":[{"href":"https:\/\/www.comoditahome.com\/al\/wp-json\/wp\/v2\/media?parent=67592"}],"wp:term":[{"taxonomy":"product_cat","embeddable":true,"href":"https:\/\/www.comoditahome.com\/al\/wp-json\/wp\/v2\/product_cat?post=67592"},{"taxonomy":"product_tag","embeddable":true,"href":"https:\/\/www.comoditahome.com\/al\/wp-json\/wp\/v2\/product_tag?post=67592"}],"curies":[{"name":"wp","href":"https:\/\/api.w.org\/{rel}","templated":true}]}}