 {"id":67606,"date":"2023-06-12T11:25:38","date_gmt":"2023-06-12T09:25:38","guid":{"rendered":"https:\/\/www.comoditahome.com\/al\/?post_type=product&#038;p=67606"},"modified":"2026-03-02T09:11:45","modified_gmt":"2026-03-02T07:11:45","slug":"derrase-per-prerje-akacia-5","status":"publish","type":"product","link":"https:\/\/www.comoditahome.com\/al\/product\/derrase-per-prerje-akacia-5\/","title":{"rendered":"D\u00ebrras\u00eb p\u00ebr prerje Akacia"},"content":{"rendered":"","protected":false},"excerpt":{"rendered":"<div class=\"woocommerce-product-details__short-description\">\n<p style=\"text-align: left;\">D\u00ebrrasa p\u00ebr prerje Akacia dallohet p\u00ebr form\u00ebn artistike, trash\u00ebsin\u00eb dhe ngjyr\u00ebn natyrale t\u00eb drurit. P\u00ebrdoreni at\u00eb p\u00ebr t\u00eb prer\u00eb t\u00eb gjitha ushqimet q\u00eb ju duhen n\u00eb m\u00ebnyr\u00eb q\u00eb procesi i gatimit t\u00eb jet\u00eb m\u00eb i shpejt\u00eb dhe kompakt. Por, krahas dizajnit t\u00eb saj unik me detaje ngjyrash n\u00eb secilin cep, kjo d\u00ebrras\u00eb mund t\u00eb p\u00ebrdoret leht\u00ebsisht edhe p\u00ebr servimin e ushqimeve t\u00eb ftohta.<\/p>\n<p style=\"text-align: left;\"><strong>Dimensioni \/ Kompozicioni:<\/strong> 56x22x2cm<\/p>\n<p style=\"text-align: left;\"><strong>NGJYRA:<\/strong> E kaft\u00eb<\/p>\n<p style=\"text-align: left;\"><strong>MATERIALI:<\/strong> Dru<\/p>\n<p style=\"text-align: left;\"><strong>UDH\u00cbZIMET E P\u00cbRDORIMIT:<\/strong> T\u00eb pastrohet me Dor\u00eb<\/p>\n<p style=\"text-align: left;\"><strong>KUSHTET E KTHIMIT \/ GARANCION:<\/strong>P\u00ebr k\u00ebt\u00eb produkt pranohet reklamacion brenda 24 or\u00ebve pasi t\u00eb pranoni porosin\u00eb.<br \/>\n<span style=\"color: #ffffff;\">3907489100979<\/span><\/p>\n<\/div>\n","protected":false},"featured_media":67608,"template":"","meta":[],"product_cat":[58,55,59,57],"product_tag":[],"_links":{"self":[{"href":"https:\/\/www.comoditahome.com\/al\/wp-json\/wp\/v2\/product\/67606"}],"collection":[{"href":"https:\/\/www.comoditahome.com\/al\/wp-json\/wp\/v2\/product"}],"about":[{"href":"https:\/\/www.comoditahome.com\/al\/wp-json\/wp\/v2\/types\/product"}],"version-history":[{"count":1,"href":"https:\/\/www.comoditahome.com\/al\/wp-json\/wp\/v2\/product\/67606\/revisions"}],"predecessor-version":[{"id":67611,"href":"https:\/\/www.comoditahome.com\/al\/wp-json\/wp\/v2\/product\/67606\/revisions\/67611"}],"wp:featuredmedia":[{"embeddable":true,"href":"https:\/\/www.comoditahome.com\/al\/wp-json\/wp\/v2\/media\/67608"}],"wp:attachment":[{"href":"https:\/\/www.comoditahome.com\/al\/wp-json\/wp\/v2\/media?parent=67606"}],"wp:term":[{"taxonomy":"product_cat","embeddable":true,"href":"https:\/\/www.comoditahome.com\/al\/wp-json\/wp\/v2\/product_cat?post=67606"},{"taxonomy":"product_tag","embeddable":true,"href":"https:\/\/www.comoditahome.com\/al\/wp-json\/wp\/v2\/product_tag?post=67606"}],"curies":[{"name":"wp","href":"https:\/\/api.w.org\/{rel}","templated":true}]}}