 {"id":67618,"date":"2023-06-12T11:29:27","date_gmt":"2023-06-12T09:29:27","guid":{"rendered":"https:\/\/www.comoditahome.com\/al\/?post_type=product&#038;p=67618"},"modified":"2026-04-30T16:34:58","modified_gmt":"2026-04-30T14:34:58","slug":"set-filxhanesh-caji-bianca","status":"publish","type":"product","link":"https:\/\/www.comoditahome.com\/al\/product\/set-filxhanesh-caji-bianca\/","title":{"rendered":"Set filxhan\u00ebsh \u00e7aji Bianca"},"content":{"rendered":"","protected":false},"excerpt":{"rendered":"<p style=\"text-align: left;\">Seti i filxhan\u00ebve t\u00eb \u00e7ajit Bianca prezanton form\u00ebn e ve\u00e7ant\u00eb t\u00eb hijeshis\u00eb aristokrate me t\u00eb cil\u00ebn servimi i kafes\u00eb b\u00ebhet i paharruesh\u00ebm. Filxhan\u00ebt e k\u00ebtij seti kan\u00eb t\u00eb konturuara lule elegante me t\u00eb zez\u00eb, n\u00eb sip\u00ebrfaqe hiri n\u00eb pjes\u00ebn e sip\u00ebrme t\u00eb filxhanit. Mbajt\u00ebsja e tyre \u00ebsht\u00eb e q\u00ebndrushme, nd\u00ebrsa forma e filxhanit e rrumbullakosur lejojn\u00eb arom\u00ebn e kafes\u00eb t\u00eb ekspozohet natyrsh\u00ebm. Materiali i fort\u00eb i porcelanit t\u00eb bardh\u00eb e b\u00ebn\u00eb k\u00ebt\u00eb set jet\u00ebgjat\u00eb dhe shum\u00eb t\u00eb leht\u00eb p\u00ebr t\u2019u mir\u00ebmbajtur.<br \/>\n<strong><br \/>\nDimensioni \/ Kompozicioni:<\/strong> 200ml, 12 pjes\u00eb: 6x filxhan\u00eb, 6x pjat\u00ebza<br \/>\n<strong><br \/>\nNGJYRA:<\/strong> Me dizajn<br \/>\n<strong><br \/>\nMATERIALI:<\/strong> Porcelan<br \/>\n<strong><br \/>\nUDH\u00cbZIMET E P\u00cbRDORIMIT:<\/strong> T\u00eb pastrohet me Dor\u00eb<br \/>\n<strong><br \/>\nKUSHTET E KTHIMIT \/ GARANCION:<\/strong>P\u00ebr k\u00ebt\u00eb produkt pranohet reklamacion brenda 24 or\u00ebve pasi t\u00eb pranoni porosin\u00eb.<br \/>\n<span style=\"color: #ffffff;\">5310233001343<\/span><\/p>\n","protected":false},"featured_media":67619,"template":"","meta":[],"product_cat":[61,57],"product_tag":[],"_links":{"self":[{"href":"https:\/\/www.comoditahome.com\/al\/wp-json\/wp\/v2\/product\/67618"}],"collection":[{"href":"https:\/\/www.comoditahome.com\/al\/wp-json\/wp\/v2\/product"}],"about":[{"href":"https:\/\/www.comoditahome.com\/al\/wp-json\/wp\/v2\/types\/product"}],"version-history":[{"count":1,"href":"https:\/\/www.comoditahome.com\/al\/wp-json\/wp\/v2\/product\/67618\/revisions"}],"predecessor-version":[{"id":67623,"href":"https:\/\/www.comoditahome.com\/al\/wp-json\/wp\/v2\/product\/67618\/revisions\/67623"}],"wp:featuredmedia":[{"embeddable":true,"href":"https:\/\/www.comoditahome.com\/al\/wp-json\/wp\/v2\/media\/67619"}],"wp:attachment":[{"href":"https:\/\/www.comoditahome.com\/al\/wp-json\/wp\/v2\/media?parent=67618"}],"wp:term":[{"taxonomy":"product_cat","embeddable":true,"href":"https:\/\/www.comoditahome.com\/al\/wp-json\/wp\/v2\/product_cat?post=67618"},{"taxonomy":"product_tag","embeddable":true,"href":"https:\/\/www.comoditahome.com\/al\/wp-json\/wp\/v2\/product_tag?post=67618"}],"curies":[{"name":"wp","href":"https:\/\/api.w.org\/{rel}","templated":true}]}}