 {"id":67907,"date":"2023-07-10T14:57:32","date_gmt":"2023-07-10T12:57:32","guid":{"rendered":"https:\/\/www.comoditahome.com\/al\/?post_type=product&#038;p=67907"},"modified":"2026-04-10T06:10:38","modified_gmt":"2026-04-10T04:10:38","slug":"set-pjatash-gold-vintage-11-falas-kopje","status":"publish","type":"product","link":"https:\/\/www.comoditahome.com\/al\/product\/set-pjatash-gold-vintage-11-falas-kopje\/","title":{"rendered":"Set pjatash Gold Vintage"},"content":{"rendered":"","protected":false},"excerpt":{"rendered":"<div class=\"woocommerce-product-details__short-description\">\n<div class=\"woocommerce-product-details__short-description\">\n<div class=\"woocommerce-product-details__short-description\">\n<p>Seti i pjatave Gold Vintage ve\u00e7ohet p\u00ebr form\u00ebn e rrumbullak\u00ebt me k\u00ebnde t\u00eb dizajnuara n\u00eb stilin bohem, n\u00eb nj\u00eb simetri t\u00eb p\u00ebrkryer. Secila nga pjatat reflektohet nga bardh\u00ebsia e porcelanit dhe detajet e konturuara me kujdes q\u00eb i rezistojn\u00eb viteve. Gold Vintage kan\u00eb dizajnin e ve\u00e7ant\u00eb t\u00eb vijave t\u00eb arit, ku secili gravirim l\u00eb hap\u00ebsir\u00eb p\u00ebr t\u00eb ofruar dhe shijuar pamjen totale t\u00eb madh\u00ebshtis\u00eb.<\/p>\n<p><strong>Dimensioni \/ Kompozicioni:<\/strong>\u00a0Seti ka 31 pjes\u00eb: 6x pjata p\u00ebr ushqim, 6x pjata t\u00eb thella, 6x pjata p\u00ebr desert, 1x pjat\u00eb e thell\u00eb p\u00ebr sallat\u00eb, 6x filxhan\u00eb, 6x pjat\u00ebza.<\/p>\n<p><strong>NGJYRA:<\/strong>\u00a0Me dizajn<\/p>\n<p><strong>MATERIALI:<\/strong> Porcelan<\/p>\n<p><strong>UDH\u00cbZIMET E P\u00cbRDORIMIT:<\/strong>\u00a0T\u00eb pastrohet me dor\u00eb<\/p>\n<p><strong>KUSHTET E KTHIMIT \/ GARANCION:<\/strong>\u00a0P\u00ebr k\u00ebt\u00eb produkt pranohet reklamacion brenda 24 or\u00ebve pasi t\u00eb pranoni porosin\u00eb.<br \/>\n3907489170675<\/p>\n<\/div>\n<\/div>\n<\/div>\n","protected":false},"featured_media":67908,"template":"","meta":[],"product_cat":[63,57],"product_tag":[],"_links":{"self":[{"href":"https:\/\/www.comoditahome.com\/al\/wp-json\/wp\/v2\/product\/67907"}],"collection":[{"href":"https:\/\/www.comoditahome.com\/al\/wp-json\/wp\/v2\/product"}],"about":[{"href":"https:\/\/www.comoditahome.com\/al\/wp-json\/wp\/v2\/types\/product"}],"version-history":[{"count":4,"href":"https:\/\/www.comoditahome.com\/al\/wp-json\/wp\/v2\/product\/67907\/revisions"}],"predecessor-version":[{"id":68278,"href":"https:\/\/www.comoditahome.com\/al\/wp-json\/wp\/v2\/product\/67907\/revisions\/68278"}],"wp:featuredmedia":[{"embeddable":true,"href":"https:\/\/www.comoditahome.com\/al\/wp-json\/wp\/v2\/media\/67908"}],"wp:attachment":[{"href":"https:\/\/www.comoditahome.com\/al\/wp-json\/wp\/v2\/media?parent=67907"}],"wp:term":[{"taxonomy":"product_cat","embeddable":true,"href":"https:\/\/www.comoditahome.com\/al\/wp-json\/wp\/v2\/product_cat?post=67907"},{"taxonomy":"product_tag","embeddable":true,"href":"https:\/\/www.comoditahome.com\/al\/wp-json\/wp\/v2\/product_tag?post=67907"}],"curies":[{"name":"wp","href":"https:\/\/api.w.org\/{rel}","templated":true}]}}