 {"id":67947,"date":"2023-07-11T13:13:40","date_gmt":"2023-07-11T11:13:40","guid":{"rendered":"https:\/\/www.comoditahome.com\/al\/?post_type=product&#038;p=67947"},"modified":"2026-04-23T09:00:36","modified_gmt":"2026-04-23T07:00:36","slug":"set-pjatash-gold-fling-11-falas","status":"publish","type":"product","link":"https:\/\/www.comoditahome.com\/al\/product\/set-pjatash-gold-fling-11-falas\/","title":{"rendered":"Set pjatash Gold Fling"},"content":{"rendered":"","protected":false},"excerpt":{"rendered":"<div class=\"woocommerce-product-details__short-description\">\n<div class=\"woocommerce-product-details__short-description\">\n<p>Seti i pjatave Gold Fling vjen i konturuar n\u00eb form\u00eb t\u00eb rrumbullak\u00ebt, me sip\u00ebrfaqe t\u00eb hijeshuar nga simetria e ngjyrave dhe preciziteti i thell\u00ebsis\u00eb dhe shesht\u00ebsis\u00eb s\u00eb duhur. K\u00ebto pjata kan\u00eb materialin cil\u00ebsor t\u00eb porcelanit dhe dizajn t\u00eb frym\u00ebzuar nga ngjyrat q\u00eb prezantojn\u00eb gjelb\u00ebrimin, jet\u00ebn dhe gjall\u00ebrin\u00eb frym\u00ebzuese. Ky set \u00ebsht\u00eb i punuar nga materiali i porcelanit cil\u00ebsor, q\u00eb i b\u00ebn jasht\u00ebzakonisht t\u00eb q\u00ebndrueshme dhe shum\u00eb praktike n\u00eb pastrim.<\/p>\n<p><strong>Dimensioni \/ Kompozicioni:<\/strong>\u00a0Seti ka 31 pjes\u00eb: 6x pjata p\u00ebr ushqim, 6x pjata t\u00eb thella, 6x pjata p\u00ebr desert, 1x pjat\u00eb e thell\u00eb p\u00ebr sallat\u00eb, 6x filxhan\u00eb, 6x pjat\u00ebza.<\/p>\n<p><strong>NGJYRA:<\/strong>\u00a0Me dizajn<\/p>\n<p><strong>MATERIALI:<\/strong> Porcelan<\/p>\n<p><strong>UDH\u00cbZIMET E P\u00cbRDORIMIT:<\/strong>\u00a0T\u00eb pastrohet me dor\u00eb<\/p>\n<p><strong>KUSHTET E KTHIMIT \/ GARANCION:<\/strong>\u00a0P\u00ebr k\u00ebt\u00eb produkt pranohet reklamacion brenda 24 or\u00ebve pasi t\u00eb pranoni porosin\u00eb.<br \/>\n<span style=\"color: #ffffff;\">3902049440984 pijata tanir sahon<\/span><\/p>\n<\/div>\n<\/div>\n","protected":false},"featured_media":67948,"template":"","meta":[],"product_cat":[63,57],"product_tag":[],"_links":{"self":[{"href":"https:\/\/www.comoditahome.com\/al\/wp-json\/wp\/v2\/product\/67947"}],"collection":[{"href":"https:\/\/www.comoditahome.com\/al\/wp-json\/wp\/v2\/product"}],"about":[{"href":"https:\/\/www.comoditahome.com\/al\/wp-json\/wp\/v2\/types\/product"}],"version-history":[{"count":3,"href":"https:\/\/www.comoditahome.com\/al\/wp-json\/wp\/v2\/product\/67947\/revisions"}],"predecessor-version":[{"id":68275,"href":"https:\/\/www.comoditahome.com\/al\/wp-json\/wp\/v2\/product\/67947\/revisions\/68275"}],"wp:featuredmedia":[{"embeddable":true,"href":"https:\/\/www.comoditahome.com\/al\/wp-json\/wp\/v2\/media\/67948"}],"wp:attachment":[{"href":"https:\/\/www.comoditahome.com\/al\/wp-json\/wp\/v2\/media?parent=67947"}],"wp:term":[{"taxonomy":"product_cat","embeddable":true,"href":"https:\/\/www.comoditahome.com\/al\/wp-json\/wp\/v2\/product_cat?post=67947"},{"taxonomy":"product_tag","embeddable":true,"href":"https:\/\/www.comoditahome.com\/al\/wp-json\/wp\/v2\/product_tag?post=67947"}],"curies":[{"name":"wp","href":"https:\/\/api.w.org\/{rel}","templated":true}]}}