 {"id":68337,"date":"2023-07-28T09:57:01","date_gmt":"2023-07-28T07:57:01","guid":{"rendered":"https:\/\/www.comoditahome.com\/al\/?post_type=product&#038;p=68337"},"modified":"2026-04-23T09:00:36","modified_gmt":"2026-04-23T07:00:36","slug":"set-pjatash-labyrinth","status":"publish","type":"product","link":"https:\/\/www.comoditahome.com\/al\/product\/set-pjatash-labyrinth\/","title":{"rendered":"Set pjatash Labyrinth"},"content":{"rendered":"","protected":false},"excerpt":{"rendered":"<div class=\"woocommerce-product-details__short-description\">\n<div class=\"woocommerce-product-details__short-description\">\n<div class=\"woocommerce-product-details__short-description\">\n<div class=\"woocommerce-product-details__short-description\">\n<div class=\"woocommerce-product-details__short-description\">\n<p style=\"text-align: left;\">Seti i pjatave Labyrinth, vjen me dizajn modern, konturuar me forma vijash minimale. Dizajni i tyre artistik, i mund\u00ebson p\u00ebrdorim jet\u00ebgjat\u00eb dhe i b\u00ebn\u00eb shum\u00eb t\u00eb leht\u00eb p\u00ebr t\u2019u mir\u00ebmbajtur. Shijoni ushqimet tuaja me stil.<\/p>\n<p style=\"text-align: left;\"><strong>Dimensioni \/ Kompozicioni:<\/strong>\u00a0Seti ka 31 pjes\u00eb: 6x pjata p\u00ebr ushqim, 6x pjata t\u00eb thella, 6x pjata p\u00ebr desert, 1x pjat\u00eb e thell\u00eb p\u00ebr sallat\u00eb, 6x filxhan\u00eb, 6x pjat\u00ebza<\/p>\n<p style=\"text-align: left;\"><strong>NGJYRA:<\/strong>\u00a0Me dizajn<\/p>\n<p style=\"text-align: left;\"><strong>MATERIALI:<\/strong>\u00a0Porcelan<\/p>\n<p style=\"text-align: left;\"><strong>UDH\u00cbZIMET E P\u00cbRDORIMIT:<\/strong>\u00a0T\u00eb pastrohen me dor\u00eb<\/p>\n<p style=\"text-align: left;\"><strong>KUSHTET E KTHIMIT \/ GARANCION:<\/strong>\u00a0P\u00ebr k\u00ebt\u00eb produkt pranohet reklamacion brenda 24 or\u00ebve pasi t\u00eb pranoni porosin\u00eb.<br \/>\n<span style=\"color: #ffffff;\">3907489290441 pijata tanir sahon<\/span><\/p>\n<\/div>\n<\/div>\n<\/div>\n<\/div>\n<\/div>\n","protected":false},"featured_media":70435,"template":"","meta":[],"product_cat":[63,57],"product_tag":[],"_links":{"self":[{"href":"https:\/\/www.comoditahome.com\/al\/wp-json\/wp\/v2\/product\/68337"}],"collection":[{"href":"https:\/\/www.comoditahome.com\/al\/wp-json\/wp\/v2\/product"}],"about":[{"href":"https:\/\/www.comoditahome.com\/al\/wp-json\/wp\/v2\/types\/product"}],"version-history":[{"count":3,"href":"https:\/\/www.comoditahome.com\/al\/wp-json\/wp\/v2\/product\/68337\/revisions"}],"predecessor-version":[{"id":68347,"href":"https:\/\/www.comoditahome.com\/al\/wp-json\/wp\/v2\/product\/68337\/revisions\/68347"}],"wp:featuredmedia":[{"embeddable":true,"href":"https:\/\/www.comoditahome.com\/al\/wp-json\/wp\/v2\/media\/70435"}],"wp:attachment":[{"href":"https:\/\/www.comoditahome.com\/al\/wp-json\/wp\/v2\/media?parent=68337"}],"wp:term":[{"taxonomy":"product_cat","embeddable":true,"href":"https:\/\/www.comoditahome.com\/al\/wp-json\/wp\/v2\/product_cat?post=68337"},{"taxonomy":"product_tag","embeddable":true,"href":"https:\/\/www.comoditahome.com\/al\/wp-json\/wp\/v2\/product_tag?post=68337"}],"curies":[{"name":"wp","href":"https:\/\/api.w.org\/{rel}","templated":true}]}}