 {"id":68364,"date":"2023-07-28T10:07:29","date_gmt":"2023-07-28T08:07:29","guid":{"rendered":"https:\/\/www.comoditahome.com\/al\/?post_type=product&#038;p=68364"},"modified":"2026-04-23T09:00:36","modified_gmt":"2026-04-23T07:00:36","slug":"set-pjatash-sky","status":"publish","type":"product","link":"https:\/\/www.comoditahome.com\/al\/product\/set-pjatash-sky\/","title":{"rendered":"Set pjatash Sky"},"content":{"rendered":"","protected":false},"excerpt":{"rendered":"<div class=\"woocommerce-product-details__short-description\">\n<div class=\"woocommerce-product-details__short-description\">\n<div class=\"woocommerce-product-details__short-description\">\n<div class=\"woocommerce-product-details__short-description\">\n<div class=\"woocommerce-product-details__short-description\">\n<div class=\"woocommerce-product-details__short-description\">\n<div class=\"woocommerce-product-details__short-description\">\n<div class=\"woocommerce-product-details__short-description\">\n<p style=\"text-align: left;\">Seti i pjatave Sky njihet p\u00ebr ngjyr\u00eb unike, q\u00eb i japin fokus t\u00eb veqant\u00eb ushqimit kur servohet. Ky set \u00ebsht\u00eb i punuar nga porcelani cil\u00ebsor, q\u00eb i b\u00ebn jasht\u00ebzakonisht t\u00eb q\u00ebndrueshme dhe shum\u00eb praktike n\u00eb pastrim. Nj\u00eb set i till\u00eb, u jep madh\u00ebshti prezantimeve tuaja!<\/p>\n<p style=\"text-align: left;\"><strong>Dimensioni \/ Kompozicioni:<\/strong>\u00a0Seti ka 18 pjes\u00eb: 6x pjata p\u00ebr ushqim, 6x pjata p\u00ebr sup\u00eb, 6x pjata p\u00ebr desert<\/p>\n<p style=\"text-align: left;\"><strong>NGJYRA:<\/strong>\u00a0Kalt\u00ebr qel\u00eb<\/p>\n<p style=\"text-align: left;\"><strong>MATERIALI:<\/strong>\u00a0Porcelan<\/p>\n<p style=\"text-align: left;\"><strong>UDH\u00cbZIMET E P\u00cbRDORIMIT:<\/strong>\u00a0T\u00eb pastrohen me dor\u00eb<\/p>\n<p style=\"text-align: left;\"><strong>KUSHTET E KTHIMIT \/ GARANCION:<\/strong>\u00a0P\u00ebr k\u00ebt\u00eb produkt pranohet reklamacion brenda 24 or\u00ebve pasi t\u00eb pranoni porosin\u00eb.<br \/>\n<span style=\"color: #ffffff;\">3907489290670 pijata tanir sahon<\/span><\/p>\n<\/div>\n<\/div>\n<\/div>\n<\/div>\n<\/div>\n<\/div>\n<\/div>\n<\/div>\n","protected":false},"featured_media":68365,"template":"","meta":[],"product_cat":[63,57],"product_tag":[],"_links":{"self":[{"href":"https:\/\/www.comoditahome.com\/al\/wp-json\/wp\/v2\/product\/68364"}],"collection":[{"href":"https:\/\/www.comoditahome.com\/al\/wp-json\/wp\/v2\/product"}],"about":[{"href":"https:\/\/www.comoditahome.com\/al\/wp-json\/wp\/v2\/types\/product"}],"version-history":[{"count":2,"href":"https:\/\/www.comoditahome.com\/al\/wp-json\/wp\/v2\/product\/68364\/revisions"}],"predecessor-version":[{"id":68387,"href":"https:\/\/www.comoditahome.com\/al\/wp-json\/wp\/v2\/product\/68364\/revisions\/68387"}],"wp:featuredmedia":[{"embeddable":true,"href":"https:\/\/www.comoditahome.com\/al\/wp-json\/wp\/v2\/media\/68365"}],"wp:attachment":[{"href":"https:\/\/www.comoditahome.com\/al\/wp-json\/wp\/v2\/media?parent=68364"}],"wp:term":[{"taxonomy":"product_cat","embeddable":true,"href":"https:\/\/www.comoditahome.com\/al\/wp-json\/wp\/v2\/product_cat?post=68364"},{"taxonomy":"product_tag","embeddable":true,"href":"https:\/\/www.comoditahome.com\/al\/wp-json\/wp\/v2\/product_tag?post=68364"}],"curies":[{"name":"wp","href":"https:\/\/api.w.org\/{rel}","templated":true}]}}