 {"id":68597,"date":"2023-08-07T11:35:11","date_gmt":"2023-08-07T09:35:11","guid":{"rendered":"https:\/\/www.comoditahome.com\/al\/?post_type=product&#038;p=68597"},"modified":"2026-04-23T09:00:36","modified_gmt":"2026-04-23T07:00:36","slug":"set-pjatash-gold-fleck","status":"publish","type":"product","link":"https:\/\/www.comoditahome.com\/al\/product\/set-pjatash-gold-fleck\/","title":{"rendered":"Set pjatash Gold Fleck"},"content":{"rendered":"","protected":false},"excerpt":{"rendered":"<div class=\"woocommerce-product-details__short-description\">\n<div class=\"woocommerce-product-details__short-description\">\n<div class=\"woocommerce-product-details__short-description\">\n<div class=\"woocommerce-product-details__short-description\">\n<div class=\"woocommerce-product-details__short-description\">\n<div class=\"woocommerce-product-details__short-description\">\n<div class=\"woocommerce-product-details__short-description\">\n<div class=\"woocommerce-product-details__short-description\">\n<div class=\"woocommerce-product-details__short-description\">\n<div class=\"woocommerce-product-details__short-description\">\n<div class=\"woocommerce-product-details__short-description\">\n<p style=\"text-align: left;\">Seti i pjatave Gold Fleck ka konturim t\u00eb k\u00ebndeve mjaft\u00eb t\u00eb ve\u00e7ant\u00eb, q\u00eb shoq\u00ebrohet me vija t\u00eb arit anash dhe me pika rreth pjat\u00ebs. Servoni n\u00eb Gold Fleck, p\u00ebr momente t\u00eb paharruara.<\/p>\n<p style=\"text-align: left;\"><strong>Dimensioni \/ Kompozicioni:<\/strong>Seti ka 18 pjes\u00eb: 6x pjata p\u00ebr ushqim, 6x pjata t\u00eb thella, 6x pjata p\u00ebr desert.<\/p>\n<p style=\"text-align: left;\"><strong>NGJYRA:<\/strong>\u00a0Me dizajn<\/p>\n<p style=\"text-align: left;\"><strong>MATERIALI:<\/strong>\u00a0Porcelan<\/p>\n<p style=\"text-align: left;\"><strong>UDH\u00cbZIMET E P\u00cbRDORIMIT:<\/strong>\u00a0T\u00eb pastrohen me dor\u00eb<\/p>\n<p style=\"text-align: left;\"><strong>KUSHTET E KTHIMIT \/ GARANCION:<\/strong>\u00a0P\u00ebr k\u00ebt\u00eb produkt pranohet reklamacion brenda 24 or\u00ebve pasi t\u00eb pranoni porosin\u00eb.<br \/>\n<span style=\"color: #ffffff;\">3907489290847 pijata tanir sahon<\/span><\/p>\n<\/div>\n<\/div>\n<\/div>\n<\/div>\n<\/div>\n<\/div>\n<\/div>\n<\/div>\n<\/div>\n<\/div>\n<\/div>\n","protected":false},"featured_media":68598,"template":"","meta":[],"product_cat":[63,57],"product_tag":[],"_links":{"self":[{"href":"https:\/\/www.comoditahome.com\/al\/wp-json\/wp\/v2\/product\/68597"}],"collection":[{"href":"https:\/\/www.comoditahome.com\/al\/wp-json\/wp\/v2\/product"}],"about":[{"href":"https:\/\/www.comoditahome.com\/al\/wp-json\/wp\/v2\/types\/product"}],"version-history":[{"count":2,"href":"https:\/\/www.comoditahome.com\/al\/wp-json\/wp\/v2\/product\/68597\/revisions"}],"predecessor-version":[{"id":83032,"href":"https:\/\/www.comoditahome.com\/al\/wp-json\/wp\/v2\/product\/68597\/revisions\/83032"}],"wp:featuredmedia":[{"embeddable":true,"href":"https:\/\/www.comoditahome.com\/al\/wp-json\/wp\/v2\/media\/68598"}],"wp:attachment":[{"href":"https:\/\/www.comoditahome.com\/al\/wp-json\/wp\/v2\/media?parent=68597"}],"wp:term":[{"taxonomy":"product_cat","embeddable":true,"href":"https:\/\/www.comoditahome.com\/al\/wp-json\/wp\/v2\/product_cat?post=68597"},{"taxonomy":"product_tag","embeddable":true,"href":"https:\/\/www.comoditahome.com\/al\/wp-json\/wp\/v2\/product_tag?post=68597"}],"curies":[{"name":"wp","href":"https:\/\/api.w.org\/{rel}","templated":true}]}}