 {"id":68769,"date":"2023-08-16T14:29:09","date_gmt":"2023-08-16T12:29:09","guid":{"rendered":"https:\/\/www.comoditahome.com\/al\/?post_type=product&#038;p=68769"},"modified":"2026-04-23T09:00:37","modified_gmt":"2026-04-23T07:00:37","slug":"batanije-soft-touch-playful-per-nje-person","status":"publish","type":"product","link":"https:\/\/www.comoditahome.com\/al\/product\/batanije-soft-touch-playful-per-nje-person\/","title":{"rendered":"Batanije Soft Touch Playful p\u00ebr nj\u00eb p\u00ebrson"},"content":{"rendered":"","protected":false},"excerpt":{"rendered":"<div class=\"woocommerce-product-details__short-description\">\n<p style=\"text-align: left;\">Batanija Soft Touch Playful \u00ebsht\u00eb e qepur n\u00eb nj\u00eb ngjyr\u00eb t\u00eb hijshme, me nj\u00eb material i but\u00eb me tekstur\u00eb tejet t\u00eb k\u00ebndshme n\u00eb prekje, gj\u00eb \u00e7ka ju b\u00ebn\u00eb t\u00eb ndiheni rehatsh\u00ebm kur mb\u00ebshtilleni me t\u00eb.<\/p>\n<p style=\"text-align: left;\"><strong>Dimensioni \/ Kompozicioni: <\/strong>160x200cm<\/p>\n<p style=\"text-align: left;\"><strong>NGJYRA:<\/strong> Hiri<\/p>\n<p style=\"text-align: left;\"><strong>MATERIALI:<\/strong> Poliester<\/p>\n<p style=\"text-align: left;\"><strong>UDH\u00cbZIMET E P\u00cbRDORIMIT:<\/strong> N\u00eb makin\u00eb lar\u00ebse 30\u00b0C<\/p>\n<p style=\"text-align: left;\"><strong>KUSHTET E KTHIMIT \/ GARANCION:<\/strong> P\u00ebr shkak t\u00eb kontaktit me higjien\u00eb personale, p\u00ebr produktet e tekstilit nuk pranohen kthime apo reklamacione.<br \/>\n<span style=\"color: #ffffff;\">3907489300850 plaf qebe cebe<\/span><\/p>\n<\/div>\n","protected":false},"featured_media":68770,"template":"","meta":[],"product_cat":[74,49,51],"product_tag":[],"_links":{"self":[{"href":"https:\/\/www.comoditahome.com\/al\/wp-json\/wp\/v2\/product\/68769"}],"collection":[{"href":"https:\/\/www.comoditahome.com\/al\/wp-json\/wp\/v2\/product"}],"about":[{"href":"https:\/\/www.comoditahome.com\/al\/wp-json\/wp\/v2\/types\/product"}],"version-history":[{"count":1,"href":"https:\/\/www.comoditahome.com\/al\/wp-json\/wp\/v2\/product\/68769\/revisions"}],"predecessor-version":[{"id":68773,"href":"https:\/\/www.comoditahome.com\/al\/wp-json\/wp\/v2\/product\/68769\/revisions\/68773"}],"wp:featuredmedia":[{"embeddable":true,"href":"https:\/\/www.comoditahome.com\/al\/wp-json\/wp\/v2\/media\/68770"}],"wp:attachment":[{"href":"https:\/\/www.comoditahome.com\/al\/wp-json\/wp\/v2\/media?parent=68769"}],"wp:term":[{"taxonomy":"product_cat","embeddable":true,"href":"https:\/\/www.comoditahome.com\/al\/wp-json\/wp\/v2\/product_cat?post=68769"},{"taxonomy":"product_tag","embeddable":true,"href":"https:\/\/www.comoditahome.com\/al\/wp-json\/wp\/v2\/product_tag?post=68769"}],"curies":[{"name":"wp","href":"https:\/\/api.w.org\/{rel}","templated":true}]}}