 {"id":69089,"date":"2023-09-05T13:53:24","date_gmt":"2023-09-05T11:53:24","guid":{"rendered":"https:\/\/www.comoditahome.com\/al\/?post_type=product&#038;p=69089"},"modified":"2026-04-23T09:00:38","modified_gmt":"2026-04-23T07:00:38","slug":"set-gotash-per-vere-avant-garde","status":"publish","type":"product","link":"https:\/\/www.comoditahome.com\/al\/product\/set-gotash-per-vere-avant-garde\/","title":{"rendered":"Set gotash per ver\u00eb Avant Garde"},"content":{"rendered":"","protected":false},"excerpt":{"rendered":"<div class=\"woocommerce-product-details__short-description\">\n<p style=\"text-align: left;\">Seti i gotave t\u00eb ver\u00ebs nga linja Avant Garde, \u00ebsht\u00eb dizajnuar si model p\u00ebrplot\u00eb me eleganc\u00eb, i p\u00ebrkryer p\u00ebr servimin e pijeve gjat\u00eb ndonj\u00eb feste apo momenti special. Forma e tyre e gjer\u00eb, me vij\u00eb t\u00eb gjat\u00eb dhe p\u00ebrfundim t\u00eb l\u00ebmuar, i b\u00ebn\u00eb q\u00eb ky set t\u00eb mos i mungoj asnj\u00ebher\u00eb tavolin\u00ebs suaj festive.<\/p>\n<p style=\"text-align: left;\"><strong>Dimensioni \/ Kompozicioni:<\/strong> Seti ka 6 gota me v\u00ebllim 490ml.<\/p>\n<p style=\"text-align: left;\"><strong>NGJYRA:<\/strong> Transparente<\/p>\n<p style=\"text-align: left;\"><strong>MATERIALI:<\/strong> Xham<\/p>\n<p style=\"text-align: left;\"><strong>UDH\u00cbZIMET E P\u00cbRDORIMIT:<\/strong> T\u00eb pastrohet me Dor\u00eb<\/p>\n<p style=\"text-align: left;\"><strong>KUSHTET E KTHIMIT \/ GARANCION:<\/strong> P\u00ebr k\u00ebt\u00eb produkt pranohet reklamacion brenda 24 or\u00ebve pasi t\u00eb pranoni porosin\u00eb.<br \/>\n<span style=\"color: #ffffff;\">5900345790992 gastare gota<\/span><\/p>\n<\/div>\n","protected":false},"featured_media":69090,"template":"","meta":[],"product_cat":[95,57],"product_tag":[],"_links":{"self":[{"href":"https:\/\/www.comoditahome.com\/al\/wp-json\/wp\/v2\/product\/69089"}],"collection":[{"href":"https:\/\/www.comoditahome.com\/al\/wp-json\/wp\/v2\/product"}],"about":[{"href":"https:\/\/www.comoditahome.com\/al\/wp-json\/wp\/v2\/types\/product"}],"version-history":[{"count":2,"href":"https:\/\/www.comoditahome.com\/al\/wp-json\/wp\/v2\/product\/69089\/revisions"}],"predecessor-version":[{"id":69095,"href":"https:\/\/www.comoditahome.com\/al\/wp-json\/wp\/v2\/product\/69089\/revisions\/69095"}],"wp:featuredmedia":[{"embeddable":true,"href":"https:\/\/www.comoditahome.com\/al\/wp-json\/wp\/v2\/media\/69090"}],"wp:attachment":[{"href":"https:\/\/www.comoditahome.com\/al\/wp-json\/wp\/v2\/media?parent=69089"}],"wp:term":[{"taxonomy":"product_cat","embeddable":true,"href":"https:\/\/www.comoditahome.com\/al\/wp-json\/wp\/v2\/product_cat?post=69089"},{"taxonomy":"product_tag","embeddable":true,"href":"https:\/\/www.comoditahome.com\/al\/wp-json\/wp\/v2\/product_tag?post=69089"}],"curies":[{"name":"wp","href":"https:\/\/api.w.org\/{rel}","templated":true}]}}