 {"id":69096,"date":"2023-09-05T13:57:51","date_gmt":"2023-09-05T11:57:51","guid":{"rendered":"https:\/\/www.comoditahome.com\/al\/?post_type=product&#038;p=69096"},"modified":"2026-04-23T09:00:38","modified_gmt":"2026-04-23T07:00:38","slug":"set-gotash-fjord","status":"publish","type":"product","link":"https:\/\/www.comoditahome.com\/al\/product\/set-gotash-fjord\/","title":{"rendered":"Set gotash Fjord"},"content":{"rendered":"","protected":false},"excerpt":{"rendered":"<div class=\"woocommerce-product-details__short-description\">\n<p style=\"text-align: left;\">Set i gotave p\u00ebr l\u00ebngje Avant Gardem p\u00ebrb\u00ebhet nga 6 copa dhe vjen n\u00eb form\u00eb klasike dhe me ngjyr\u00eb transparente. P\u00ebrb\u00ebhet nga materiali i qelqit t\u00eb past\u00ebri past\u00ebr, q\u00eb njihet p\u00ebr q\u00ebndrueshm\u00ebri t\u00eb lart\u00eb ndaj thyerjes apo krisjes. L\u00ebngjet tuaja t\u00eb preferuara, lezetsh\u00ebm pihen nga kjo got\u00eb.<\/p>\n<p style=\"text-align: left;\"><strong>Dimensioni \/ Kompozicioni:<\/strong> Seti ka 6 cop\u00eb, 300ml.<\/p>\n<p style=\"text-align: left;\"><strong>NGJYRA:<\/strong> Transparente<\/p>\n<p style=\"text-align: left;\"><strong>MATERIALI:<\/strong> Xham<\/p>\n<p style=\"text-align: left;\"><strong>UDH\u00cbZIMET E P\u00cbRDORIMIT:<\/strong> T\u00eb pastrohet me Dor\u00eb<\/p>\n<p style=\"text-align: left;\"><strong>KUSHTET E KTHIMIT \/ GARANCION:<\/strong> P\u00ebr k\u00ebt\u00eb produkt pranohet reklamacion brenda 24 or\u00ebve pasi t\u00eb pranoni porosin\u00eb.<br \/>\n<span style=\"color: #ffffff;\">5900345877013 gastare gota<\/span><\/p>\n<\/div>\n","protected":false},"featured_media":69097,"template":"","meta":[],"product_cat":[95,57],"product_tag":[],"_links":{"self":[{"href":"https:\/\/www.comoditahome.com\/al\/wp-json\/wp\/v2\/product\/69096"}],"collection":[{"href":"https:\/\/www.comoditahome.com\/al\/wp-json\/wp\/v2\/product"}],"about":[{"href":"https:\/\/www.comoditahome.com\/al\/wp-json\/wp\/v2\/types\/product"}],"version-history":[{"count":2,"href":"https:\/\/www.comoditahome.com\/al\/wp-json\/wp\/v2\/product\/69096\/revisions"}],"predecessor-version":[{"id":69101,"href":"https:\/\/www.comoditahome.com\/al\/wp-json\/wp\/v2\/product\/69096\/revisions\/69101"}],"wp:featuredmedia":[{"embeddable":true,"href":"https:\/\/www.comoditahome.com\/al\/wp-json\/wp\/v2\/media\/69097"}],"wp:attachment":[{"href":"https:\/\/www.comoditahome.com\/al\/wp-json\/wp\/v2\/media?parent=69096"}],"wp:term":[{"taxonomy":"product_cat","embeddable":true,"href":"https:\/\/www.comoditahome.com\/al\/wp-json\/wp\/v2\/product_cat?post=69096"},{"taxonomy":"product_tag","embeddable":true,"href":"https:\/\/www.comoditahome.com\/al\/wp-json\/wp\/v2\/product_tag?post=69096"}],"curies":[{"name":"wp","href":"https:\/\/api.w.org\/{rel}","templated":true}]}}