 {"id":69102,"date":"2022-09-05T13:59:22","date_gmt":"2022-09-05T11:59:22","guid":{"rendered":"https:\/\/www.comoditahome.com\/al\/?post_type=product&#038;p=69102"},"modified":"2026-04-23T09:00:38","modified_gmt":"2026-04-23T07:00:38","slug":"set-gotash-per-vere-deco","status":"publish","type":"product","link":"https:\/\/www.comoditahome.com\/al\/product\/set-gotash-per-vere-deco\/","title":{"rendered":"Set gotash p\u00ebr ver\u00eb Deco"},"content":{"rendered":"","protected":false},"excerpt":{"rendered":"<div class=\"woocommerce-product-details__short-description\">\n<p style=\"text-align: left;\">Set i gotave p\u00ebr ver\u00eb nga linja Krista Deco, vjen me 6 gota me nj\u00eb stil unik dhe tejet modern, me gravirim n\u00eb t\u00eb. Jan\u00eb t\u00eb p\u00ebrb\u00ebra nga materiali i qelqit t\u00eb past\u00ebr, q\u00eb njihet p\u00ebr q\u00ebndrueshm\u00ebri t\u00eb lart\u00eb ndaj thyerjes apo krisjes dhe pastrohen leht\u00ebsisht. P\u00ebr nj\u00eb tryez\u00eb t\u00eb kuruar me detaje.<\/p>\n<p style=\"text-align: left;\"><strong>Dimensioni \/ Kompozicioni:<\/strong> Seti ka 6 gota. Gotat jan\u00eb 220ml.<\/p>\n<p style=\"text-align: left;\"><strong>NGJYRA:<\/strong> Transparente, me dizajn<\/p>\n<p style=\"text-align: left;\"><strong>MATERIALI:<\/strong> Xham<\/p>\n<p style=\"text-align: left;\"><strong>UDH\u00cbZIMET E P\u00cbRDORIMIT:<\/strong> T\u00eb pastrohet me Dor\u00eb<\/p>\n<p style=\"text-align: left;\"><strong>KUSHTET E KTHIMIT \/ GARANCION:<\/strong> P\u00ebr k\u00ebt\u00eb produkt pranohet reklamacion brenda 24 or\u00ebve pasi t\u00eb pranoni porosin\u00eb.<br \/>\n<span style=\"color: #ffffff;\">5900345788067 gastare gota<\/span><\/p>\n<\/div>\n","protected":false},"featured_media":69103,"template":"","meta":[],"product_cat":[95,57],"product_tag":[],"_links":{"self":[{"href":"https:\/\/www.comoditahome.com\/al\/wp-json\/wp\/v2\/product\/69102"}],"collection":[{"href":"https:\/\/www.comoditahome.com\/al\/wp-json\/wp\/v2\/product"}],"about":[{"href":"https:\/\/www.comoditahome.com\/al\/wp-json\/wp\/v2\/types\/product"}],"version-history":[{"count":3,"href":"https:\/\/www.comoditahome.com\/al\/wp-json\/wp\/v2\/product\/69102\/revisions"}],"predecessor-version":[{"id":71724,"href":"https:\/\/www.comoditahome.com\/al\/wp-json\/wp\/v2\/product\/69102\/revisions\/71724"}],"wp:featuredmedia":[{"embeddable":true,"href":"https:\/\/www.comoditahome.com\/al\/wp-json\/wp\/v2\/media\/69103"}],"wp:attachment":[{"href":"https:\/\/www.comoditahome.com\/al\/wp-json\/wp\/v2\/media?parent=69102"}],"wp:term":[{"taxonomy":"product_cat","embeddable":true,"href":"https:\/\/www.comoditahome.com\/al\/wp-json\/wp\/v2\/product_cat?post=69102"},{"taxonomy":"product_tag","embeddable":true,"href":"https:\/\/www.comoditahome.com\/al\/wp-json\/wp\/v2\/product_tag?post=69102"}],"curies":[{"name":"wp","href":"https:\/\/api.w.org\/{rel}","templated":true}]}}