 {"id":69202,"date":"2023-09-13T13:51:15","date_gmt":"2023-09-13T11:51:15","guid":{"rendered":"https:\/\/www.comoditahome.com\/al\/?post_type=product&#038;p=69202"},"modified":"2026-05-04T09:35:33","modified_gmt":"2026-05-04T07:35:33","slug":"kafe-per-espresso","status":"publish","type":"product","link":"https:\/\/www.comoditahome.com\/al\/product\/kafe-per-espresso\/","title":{"rendered":"Kafe p\u00ebr Espresso"},"content":{"rendered":"","protected":false},"excerpt":{"rendered":"<div class=\"woocommerce-product-details__short-description\">\n<div class=\"woocommerce-product-details__short-description\">\n<p>Kafeja p\u00ebr Espresso 1kg nga Prince Caffe dallohet p\u00ebr arom\u00ebn e g\u00ebrshetuar me ngjyr\u00eb dhe shije mahnit\u00ebse nga p\u00ebrzierja e kaf\u00ebs s\u00eb pjekur. N\u00eb k\u00ebt\u00eb edicion unik t\u00eb prodhimit t\u00eb kafes\u00eb, n\u00eb \u00e7do gram q\u00eb ndodhet brenda paketimit do t\u00eb takoni kualitetin e jasht\u00ebzakonsh\u00ebm!<\/p>\n<p><strong>Dimensioni \/ Kompozicioni:<\/strong><\/p>\n<p><strong>NGJYRA:<\/strong> Me dizajn<\/p>\n<p><strong>P\u00cbRMBAJTJA:<\/strong> Kafe<\/p>\n<p><strong>UDH\u00cbZIMET E P\u00cbRDORIMIT:<\/strong>\u00a0 T\u00eb q\u00ebndroj n\u00eb ambient t\u00eb mbrojtur nga lag\u00ebshtia<\/p>\n<p><strong>KUSHTET E KTHIMIT \/ GARANCION:<\/strong> P\u00ebr k\u00ebt\u00eb produkt pranohet reklamacion brenda 24 or\u00ebve pasi t\u00eb pranoni porosin\u00eb.<br \/>\n<span style=\"color: #ffffff;\">3904750980568<\/span><\/p>\n<\/div>\n<p style=\"text-align: left;\"><span style=\"color: #ffffff;\">\u00a0<\/span><\/p>\n<\/div>\n","protected":false},"featured_media":69203,"template":"","meta":[],"product_cat":[183,156,157],"product_tag":[],"_links":{"self":[{"href":"https:\/\/www.comoditahome.com\/al\/wp-json\/wp\/v2\/product\/69202"}],"collection":[{"href":"https:\/\/www.comoditahome.com\/al\/wp-json\/wp\/v2\/product"}],"about":[{"href":"https:\/\/www.comoditahome.com\/al\/wp-json\/wp\/v2\/types\/product"}],"version-history":[{"count":1,"href":"https:\/\/www.comoditahome.com\/al\/wp-json\/wp\/v2\/product\/69202\/revisions"}],"predecessor-version":[{"id":69205,"href":"https:\/\/www.comoditahome.com\/al\/wp-json\/wp\/v2\/product\/69202\/revisions\/69205"}],"wp:featuredmedia":[{"embeddable":true,"href":"https:\/\/www.comoditahome.com\/al\/wp-json\/wp\/v2\/media\/69203"}],"wp:attachment":[{"href":"https:\/\/www.comoditahome.com\/al\/wp-json\/wp\/v2\/media?parent=69202"}],"wp:term":[{"taxonomy":"product_cat","embeddable":true,"href":"https:\/\/www.comoditahome.com\/al\/wp-json\/wp\/v2\/product_cat?post=69202"},{"taxonomy":"product_tag","embeddable":true,"href":"https:\/\/www.comoditahome.com\/al\/wp-json\/wp\/v2\/product_tag?post=69202"}],"curies":[{"name":"wp","href":"https:\/\/api.w.org\/{rel}","templated":true}]}}