 {"id":69206,"date":"2023-09-13T13:52:27","date_gmt":"2023-09-13T11:52:27","guid":{"rendered":"https:\/\/www.comoditahome.com\/al\/?post_type=product&#038;p=69206"},"modified":"2026-05-07T09:34:23","modified_gmt":"2026-05-07T07:34:23","slug":"princ-caffe-premium-250gr","status":"publish","type":"product","link":"https:\/\/www.comoditahome.com\/al\/product\/princ-caffe-premium-250gr\/","title":{"rendered":"Princ Caffe Premium 250gr"},"content":{"rendered":"","protected":false},"excerpt":{"rendered":"<div class=\"woocommerce-product-details__short-description\">\n<div class=\"woocommerce-product-details__short-description\">\n<p style=\"text-align: left;\">Kafeja turke Princ dallohet p\u00ebr arom\u00ebn e g\u00ebrshetuar me ngjyr\u00eb dhe shije mahnit\u00ebse. K\u00ebsaj rradhe e gjeni t\u00eb veshur me paketimin madh\u00ebshtor, inspiruar nga veshjet tradicionale dhe kultura jon\u00eb aq e pasur. N\u00eb k\u00ebt\u00eb edicion unik t\u00eb prodhimit t\u00eb kafes\u00eb, n\u00eb \u00e7do gram q\u00eb ndodhet brenda paketimit do t\u00eb takoni kualitetin e jasht\u00ebzakonsh\u00ebm!<\/p>\n<p style=\"text-align: left;\"><strong>Dimensioni \/ Kompozicioni:<\/strong> 250gr<\/p>\n<p style=\"text-align: left;\"><strong>NGJYRA:<\/strong> Me dizajn<\/p>\n<p style=\"text-align: left;\"><strong>P\u00cbRMBAJTJA:<\/strong> Alumin<\/p>\n<p style=\"text-align: left;\"><strong>UDH\u00cbZIMET E P\u00cbRDORIMIT:<\/strong>\u00a0 T\u00eb q\u00ebndroj n\u00eb ambient t\u00eb mbrojtur nga lag\u00ebshtia<br \/>\n<strong>KUSHTET E KTHIMIT \/ GARANCION:<\/strong> P\u00ebr k\u00ebt\u00eb produkt pranohet reklamacion brenda 24 or\u00ebve pasi t\u00eb pranoni porosin\u00eb.<\/p>\n<p style=\"text-align: left;\"><span style=\"color: #ffffff;\">3904074550614<\/span><\/p>\n<\/div>\n<\/div>\n","protected":false},"featured_media":69207,"template":"","meta":[],"product_cat":[183,156,157],"product_tag":[],"_links":{"self":[{"href":"https:\/\/www.comoditahome.com\/al\/wp-json\/wp\/v2\/product\/69206"}],"collection":[{"href":"https:\/\/www.comoditahome.com\/al\/wp-json\/wp\/v2\/product"}],"about":[{"href":"https:\/\/www.comoditahome.com\/al\/wp-json\/wp\/v2\/types\/product"}],"version-history":[{"count":1,"href":"https:\/\/www.comoditahome.com\/al\/wp-json\/wp\/v2\/product\/69206\/revisions"}],"predecessor-version":[{"id":69213,"href":"https:\/\/www.comoditahome.com\/al\/wp-json\/wp\/v2\/product\/69206\/revisions\/69213"}],"wp:featuredmedia":[{"embeddable":true,"href":"https:\/\/www.comoditahome.com\/al\/wp-json\/wp\/v2\/media\/69207"}],"wp:attachment":[{"href":"https:\/\/www.comoditahome.com\/al\/wp-json\/wp\/v2\/media?parent=69206"}],"wp:term":[{"taxonomy":"product_cat","embeddable":true,"href":"https:\/\/www.comoditahome.com\/al\/wp-json\/wp\/v2\/product_cat?post=69206"},{"taxonomy":"product_tag","embeddable":true,"href":"https:\/\/www.comoditahome.com\/al\/wp-json\/wp\/v2\/product_tag?post=69206"}],"curies":[{"name":"wp","href":"https:\/\/api.w.org\/{rel}","templated":true}]}}