 {"id":69348,"date":"2021-09-25T13:29:26","date_gmt":"2021-09-25T11:29:26","guid":{"rendered":"https:\/\/www.comoditahome.com\/al\/?post_type=product&#038;p=69348"},"modified":"2026-04-23T09:00:38","modified_gmt":"2026-04-23T07:00:38","slug":"tigan-eden-28cm","status":"publish","type":"product","link":"https:\/\/www.comoditahome.com\/al\/product\/tigan-eden-28cm\/","title":{"rendered":"Tigan Eden 28cm"},"content":{"rendered":"","protected":false},"excerpt":{"rendered":"<div class=\"woocommerce-product-details__short-description\">\n<div class=\"woocommerce-product-details__short-description\">\n<p style=\"text-align: left;\">Tigani Eden 28cm \u00ebsht\u00eb i p\u00ebrb\u00ebr\u00eb nga alumini i ricikluar nga kana\u00e7et p\u00ebr p\u00ebrdorim ushqimor, nj\u00eb zgjedhje jo vet\u00ebm e sigurt higjienike, por edhe respektuese p\u00ebr mjedisin, duke pasur parasysh p\u00ebrdorimin e ul\u00ebt t\u00eb burimeve t\u00eb energjis\u00eb p\u00ebr prodhimin e tij. Veshje jongjit\u00ebse Artech kund\u00ebr g\u00ebrvishtjeve. P\u00ebr t\u00eb gjitha zjarret, me p\u00ebrjashtim t\u00eb induksionit. Rezistent ndaj temperaturave t\u00eb larta dhe i leht\u00eb p\u00ebr t\u2019u pastruar edhe n\u00eb en\u00eblar\u00ebse. 100% i prodhuar n\u00eb Itali. Pa Pfoa, Pa BPA, Pa nikel dhe metale t\u00eb r\u00ebnda. Linja e produkteve n\u00eb alumin t\u00eb ricikluar, me trash\u00ebsi t\u00eb lart\u00eb kund\u00ebr ngjitjes ARTECH.<br \/>\n<strong>Dimensioni \/ Kompozicioni:<\/strong>\u00a020cm<\/p>\n<p style=\"text-align: left;\"><strong>NGJYRA:<\/strong> E zez\u00eb dhe Hiri<\/p>\n<p style=\"text-align: left;\"><strong>MATERIALI:<\/strong> Alumin i ricikluar<\/p>\n<p style=\"text-align: left;\"><strong>UDH\u00cbZIMET E P\u00cbRDORIMIT:<\/strong>\u00a0T\u00eb pastrohet me dor\u00eb dhe n\u00eb en\u00eb lar\u00ebse<\/p>\n<p style=\"text-align: left;\"><strong>KUSHTET E KTHIMIT \/ GARANCION:<\/strong> P\u00ebr k\u00ebt\u00eb produkt pranohet reklamacion brenda 24 or\u00ebve pasi t\u00eb pranoni porosin\u00eb.<br \/>\n<span style=\"color: #ffffff;\">8003703176449 fertere filtere<\/span><\/p>\n<\/div>\n<\/div>\n","protected":false},"featured_media":69343,"template":"","meta":[],"product_cat":[56,55],"product_tag":[],"_links":{"self":[{"href":"https:\/\/www.comoditahome.com\/al\/wp-json\/wp\/v2\/product\/69348"}],"collection":[{"href":"https:\/\/www.comoditahome.com\/al\/wp-json\/wp\/v2\/product"}],"about":[{"href":"https:\/\/www.comoditahome.com\/al\/wp-json\/wp\/v2\/types\/product"}],"version-history":[{"count":1,"href":"https:\/\/www.comoditahome.com\/al\/wp-json\/wp\/v2\/product\/69348\/revisions"}],"predecessor-version":[{"id":69349,"href":"https:\/\/www.comoditahome.com\/al\/wp-json\/wp\/v2\/product\/69348\/revisions\/69349"}],"wp:featuredmedia":[{"embeddable":true,"href":"https:\/\/www.comoditahome.com\/al\/wp-json\/wp\/v2\/media\/69343"}],"wp:attachment":[{"href":"https:\/\/www.comoditahome.com\/al\/wp-json\/wp\/v2\/media?parent=69348"}],"wp:term":[{"taxonomy":"product_cat","embeddable":true,"href":"https:\/\/www.comoditahome.com\/al\/wp-json\/wp\/v2\/product_cat?post=69348"},{"taxonomy":"product_tag","embeddable":true,"href":"https:\/\/www.comoditahome.com\/al\/wp-json\/wp\/v2\/product_tag?post=69348"}],"curies":[{"name":"wp","href":"https:\/\/api.w.org\/{rel}","templated":true}]}}