 {"id":69350,"date":"2021-09-25T13:30:28","date_gmt":"2021-09-25T11:30:28","guid":{"rendered":"https:\/\/www.comoditahome.com\/al\/?post_type=product&#038;p=69350"},"modified":"2026-04-23T09:00:38","modified_gmt":"2026-04-23T07:00:38","slug":"tigan-hercules-20cm","status":"publish","type":"product","link":"https:\/\/www.comoditahome.com\/al\/product\/tigan-hercules-20cm\/","title":{"rendered":"Tigan Hercules 20cm"},"content":{"rendered":"","protected":false},"excerpt":{"rendered":"<div class=\"woocommerce-product-details__short-description\">\n<div class=\"woocommerce-product-details__short-description\">\n<div class=\"woocommerce-product-details__short-description\">\n<p>Tigani i linj\u00ebs Hercules, p\u00ebrb\u00ebhet nga shtresa 4mm e trash\u00eb e aluminit me veshje t\u00eb brendshme Artech Stone e cila \u00ebsht\u00eb jo ngjit\u00ebse dhe e p\u00ebrforcuar nga grimcat minerale dhe nj\u00eb dorez\u00eb bakelite me material \u00e7eliku inox. Me kualitetin e pakrahasuesh\u00ebm ju mund t\u2019I jepni nj\u00eb shije t\u00eb mrekullueshme ushqimit q\u00eb p\u00ebrgatisni<br \/>\n<strong>Dimensioni \/ Kompozicioni:<\/strong>\u00a020cm<\/p>\n<p><strong>NGJYRA:<\/strong> E zez\u00eb<\/p>\n<p><strong>MATERIALI:<\/strong> Gur\u00eb<\/p>\n<p><strong>UDH\u00cbZIMET E P\u00cbRDORIMIT:<\/strong>\u00a0T\u00eb pastrohet me dor\u00eb<\/p>\n<p><strong>KUSHTET E KTHIMIT \/ GARANCION:<\/strong> P\u00ebr k\u00ebt\u00eb produkt pranohet reklamacion brenda 24 or\u00ebve pasi t\u00eb pranoni porosin\u00eb.<br \/>\n<span style=\"color: #ffffff;\">8003703150500 fertere filtere<\/span><\/p>\n<\/div>\n<\/div>\n<\/div>\n","protected":false},"featured_media":69351,"template":"","meta":[],"product_cat":[56,55],"product_tag":[],"_links":{"self":[{"href":"https:\/\/www.comoditahome.com\/al\/wp-json\/wp\/v2\/product\/69350"}],"collection":[{"href":"https:\/\/www.comoditahome.com\/al\/wp-json\/wp\/v2\/product"}],"about":[{"href":"https:\/\/www.comoditahome.com\/al\/wp-json\/wp\/v2\/types\/product"}],"version-history":[{"count":1,"href":"https:\/\/www.comoditahome.com\/al\/wp-json\/wp\/v2\/product\/69350\/revisions"}],"predecessor-version":[{"id":69356,"href":"https:\/\/www.comoditahome.com\/al\/wp-json\/wp\/v2\/product\/69350\/revisions\/69356"}],"wp:featuredmedia":[{"embeddable":true,"href":"https:\/\/www.comoditahome.com\/al\/wp-json\/wp\/v2\/media\/69351"}],"wp:attachment":[{"href":"https:\/\/www.comoditahome.com\/al\/wp-json\/wp\/v2\/media?parent=69350"}],"wp:term":[{"taxonomy":"product_cat","embeddable":true,"href":"https:\/\/www.comoditahome.com\/al\/wp-json\/wp\/v2\/product_cat?post=69350"},{"taxonomy":"product_tag","embeddable":true,"href":"https:\/\/www.comoditahome.com\/al\/wp-json\/wp\/v2\/product_tag?post=69350"}],"curies":[{"name":"wp","href":"https:\/\/api.w.org\/{rel}","templated":true}]}}