 {"id":69696,"date":"2023-10-17T11:11:21","date_gmt":"2023-10-17T09:11:21","guid":{"rendered":"https:\/\/www.comoditahome.com\/al\/?post_type=product&#038;p=69696"},"modified":"2026-04-23T09:00:38","modified_gmt":"2026-04-23T07:00:38","slug":"pako-kapsulash-kafeje-alumini-e-zeze-espresso-2","status":"publish","type":"product","link":"https:\/\/www.comoditahome.com\/al\/product\/pako-kapsulash-kafeje-alumini-e-zeze-espresso-2\/","title":{"rendered":"Pako kapsulash kafeje Alumini e zez\u00eb Espresso"},"content":{"rendered":"","protected":false},"excerpt":{"rendered":"<div class=\"woocommerce-product-details__short-description\">\n<p>Ekspert\u00ebt nga Prince Espresso Capsule kan\u00eb kryer shum\u00eb testime, hulumtime dhe zhvillime p\u00ebr t\u00eb arritur n\u00eb formulimin e recet\u00ebs s\u00eb p\u00ebrkryer. K\u00ebshtu, kapsulat nga Prince Espresso jan\u00eb nj\u00eb p\u00ebrzierje ideale e gjitha komponenteve kualitative duke ju garantuar shijimin e nj\u00eb kafeje t\u00eb cil\u00ebsis\u00eb s\u00eb lart\u00eb.<br \/>\n\u00c7mimi i kapsul\u00ebs \u00ebsht\u00eb p\u00ebr nj\u00eb paketim t\u00eb t\u00ebr\u00eb me sasin\u00eb prej 10cop\u00ebsh.<br \/>\nIntensiteti 7\u2033<\/p>\n<p><strong>Dimensioni \/ Kompozicioni:<\/strong> P\u00ebr nj\u00eb p\u00ebrdorim<\/p>\n<p><strong>NGJYRA:<\/strong> E zez\u00eb<\/p>\n<p><strong>P\u00cbRMBAJTJA:<\/strong> Kafe<\/p>\n<p><strong>UDH\u00cbZIMET E P\u00cbRDORIMIT:<\/strong>\u00a0 T\u00eb q\u00ebndroj n\u00eb ambient t\u00eb mbrojtur nga lag\u00ebshtia<br \/>\n3904074500732<br \/>\n<strong>KUSHTET E KTHIMIT \/ GARANCION:<\/strong> P\u00ebr k\u00ebt\u00eb produkt pranohet reklamacion brenda 24 or\u00ebve pasi t\u00eb pranoni porosin\u00eb.<\/p>\n<p><span class=\"sku_wrapper\" style=\"color: #ffffff;\"><span class=\"sku\">3904074500732<\/span><\/span><\/p>\n<\/div>\n","protected":false},"featured_media":69697,"template":"","meta":[],"product_cat":[156,157],"product_tag":[],"_links":{"self":[{"href":"https:\/\/www.comoditahome.com\/al\/wp-json\/wp\/v2\/product\/69696"}],"collection":[{"href":"https:\/\/www.comoditahome.com\/al\/wp-json\/wp\/v2\/product"}],"about":[{"href":"https:\/\/www.comoditahome.com\/al\/wp-json\/wp\/v2\/types\/product"}],"version-history":[{"count":1,"href":"https:\/\/www.comoditahome.com\/al\/wp-json\/wp\/v2\/product\/69696\/revisions"}],"predecessor-version":[{"id":69702,"href":"https:\/\/www.comoditahome.com\/al\/wp-json\/wp\/v2\/product\/69696\/revisions\/69702"}],"wp:featuredmedia":[{"embeddable":true,"href":"https:\/\/www.comoditahome.com\/al\/wp-json\/wp\/v2\/media\/69697"}],"wp:attachment":[{"href":"https:\/\/www.comoditahome.com\/al\/wp-json\/wp\/v2\/media?parent=69696"}],"wp:term":[{"taxonomy":"product_cat","embeddable":true,"href":"https:\/\/www.comoditahome.com\/al\/wp-json\/wp\/v2\/product_cat?post=69696"},{"taxonomy":"product_tag","embeddable":true,"href":"https:\/\/www.comoditahome.com\/al\/wp-json\/wp\/v2\/product_tag?post=69696"}],"curies":[{"name":"wp","href":"https:\/\/api.w.org\/{rel}","templated":true}]}}