 {"id":69735,"date":"2023-10-17T11:23:19","date_gmt":"2023-10-17T09:23:19","guid":{"rendered":"https:\/\/www.comoditahome.com\/al\/?post_type=product&#038;p=69735"},"modified":"2026-04-09T11:55:10","modified_gmt":"2026-04-09T09:55:10","slug":"pako-kapsulash-kafeje-ristretto-cremoso","status":"publish","type":"product","link":"https:\/\/www.comoditahome.com\/al\/product\/pako-kapsulash-kafeje-ristretto-cremoso\/","title":{"rendered":"Pako kapsulash kafeje Ristretto Cremoso"},"content":{"rendered":"","protected":false},"excerpt":{"rendered":"<div class=\"woocommerce-product-details__short-description\">\n<div class=\"woocommerce-product-details__short-description\">\n<div class=\"woocommerce-product-details__short-description\">\n<p>Ekspert\u00ebt nga Prince Espresso Capsule kan\u00eb kryer shum\u00eb testime, hulumtime dhe zhvillime p\u00ebr t\u00eb arritur n\u00eb formulimin e recet\u00ebs s\u00eb p\u00ebrkryer. K\u00ebshtu, kapsulat nga Prince Espresso jan\u00eb nj\u00eb p\u00ebrzierje ideale e gjitha komponenteve kualitative duke ju garantuar shijimin e nj\u00eb kafeje t\u00eb cil\u00ebsis\u00eb s\u00eb lart\u00eb. P\u00ebrzgjedhni k\u00ebt\u00eb lloj kapsule dhe nuk mund t\u00eb prisni asgj\u00eb tjet\u00ebr p\u00ebrve\u00e7 nj\u00eb kafe t\u00eb \u00ebmb\u00ebl, aromatike dhe shum\u00eb t\u00eb shijshme.<br \/>\n\u00c7mimi i kapsul\u00ebs \u00ebsht\u00eb p\u00ebr nj\u00eb paketim t\u00eb t\u00ebr\u00eb me sasi prej 16cop\u00ebsh. Intensiteti 9<\/p>\n<p><strong>Dimensioni \/ Kompozicioni:<\/strong> P\u00ebr nj\u00eb p\u00ebrdorim<\/p>\n<p><strong>NGJYRA:<\/strong> E zez\u00eb<\/p>\n<p><strong>P\u00cbRMBAJTJA:<\/strong> Kafe<\/p>\n<p><strong>UDH\u00cbZIMET E P\u00cbRDORIMIT:<\/strong>\u00a0 T\u00eb q\u00ebndroj n\u00eb ambient t\u00eb mbrojtur nga lag\u00ebshtia<\/p>\n<p><strong>KUSHTET E KTHIMIT \/ GARANCION:<\/strong> P\u00ebr k\u00ebt\u00eb produkt pranohet reklamacion brenda 24 or\u00ebve pasi t\u00eb pranoni porosin\u00eb.<br \/>\n<span style=\"color: #ffffff;\">3904074540523<\/span><\/p>\n<\/div>\n<\/div>\n<\/div>\n","protected":false},"featured_media":69736,"template":"","meta":[],"product_cat":[15,156,157],"product_tag":[],"_links":{"self":[{"href":"https:\/\/www.comoditahome.com\/al\/wp-json\/wp\/v2\/product\/69735"}],"collection":[{"href":"https:\/\/www.comoditahome.com\/al\/wp-json\/wp\/v2\/product"}],"about":[{"href":"https:\/\/www.comoditahome.com\/al\/wp-json\/wp\/v2\/types\/product"}],"version-history":[{"count":2,"href":"https:\/\/www.comoditahome.com\/al\/wp-json\/wp\/v2\/product\/69735\/revisions"}],"predecessor-version":[{"id":69740,"href":"https:\/\/www.comoditahome.com\/al\/wp-json\/wp\/v2\/product\/69735\/revisions\/69740"}],"wp:featuredmedia":[{"embeddable":true,"href":"https:\/\/www.comoditahome.com\/al\/wp-json\/wp\/v2\/media\/69736"}],"wp:attachment":[{"href":"https:\/\/www.comoditahome.com\/al\/wp-json\/wp\/v2\/media?parent=69735"}],"wp:term":[{"taxonomy":"product_cat","embeddable":true,"href":"https:\/\/www.comoditahome.com\/al\/wp-json\/wp\/v2\/product_cat?post=69735"},{"taxonomy":"product_tag","embeddable":true,"href":"https:\/\/www.comoditahome.com\/al\/wp-json\/wp\/v2\/product_tag?post=69735"}],"curies":[{"name":"wp","href":"https:\/\/api.w.org\/{rel}","templated":true}]}}