 {"id":70003,"date":"2022-10-30T12:08:41","date_gmt":"2022-10-30T10:08:41","guid":{"rendered":"https:\/\/www.comoditahome.com\/al\/?post_type=product&#038;p=70003"},"modified":"2026-03-02T09:11:48","modified_gmt":"2026-03-02T07:11:48","slug":"set-mbulese-shtrati-diamond-per-dy-persona-2","status":"publish","type":"product","link":"https:\/\/www.comoditahome.com\/al\/product\/set-mbulese-shtrati-diamond-per-dy-persona-2\/","title":{"rendered":"Set mbules\u00eb shtrati Diamond p\u00ebr dy persona"},"content":{"rendered":"","protected":false},"excerpt":{"rendered":"<p style=\"text-align: left;\">Mbulesa e shtratit Diamond, argumenton eleganc\u00ebn q\u00eb sjell nj\u00eb model klasik, i dizajnuar me vija n\u00eb t\u00ebr\u00eb hap\u00ebsir\u00ebn. \u00cbsht\u00eb leht\u00ebsisht i p\u00ebrshtatsh\u00ebm n\u00eb stilimet e dhomave moderne apo tradicionale.<br \/>\n<strong>Dimensioni \/ Kompozicioni:<\/strong> Set me 3 pjes\u00eb: 1x mbules\u00eb shtrati 220x240cm, 2x k\u00ebll\u00ebf jast\u00ebku 50x70cm<br \/>\n<strong>NGJYRA:<\/strong> Bezh<br \/>\n<strong>MATERIALI:<\/strong> Poliest\u00ebr<br \/>\n<strong>UDH\u00cbZIMET E P\u00cbRDORIMIT:<\/strong> N\u00eb makin\u00eb lar\u00ebse 30\u00b0C<br \/>\n<strong>KUSHTET E KTHIMIT \/ GARANCION:<\/strong>\u00a0P\u00ebr shkak t\u00eb kontaktit me higjien\u00eb personale, p\u00ebr produktet e tekstilit nuk pranohen kthime apo reklamacione.<br \/>\n<span style=\"color: #ffffff;\">3907489301000 mbulesa<\/span><\/p>\n","protected":false},"featured_media":70010,"template":"","meta":[],"product_cat":[51,102],"product_tag":[],"_links":{"self":[{"href":"https:\/\/www.comoditahome.com\/al\/wp-json\/wp\/v2\/product\/70003"}],"collection":[{"href":"https:\/\/www.comoditahome.com\/al\/wp-json\/wp\/v2\/product"}],"about":[{"href":"https:\/\/www.comoditahome.com\/al\/wp-json\/wp\/v2\/types\/product"}],"version-history":[{"count":3,"href":"https:\/\/www.comoditahome.com\/al\/wp-json\/wp\/v2\/product\/70003\/revisions"}],"predecessor-version":[{"id":70014,"href":"https:\/\/www.comoditahome.com\/al\/wp-json\/wp\/v2\/product\/70003\/revisions\/70014"}],"wp:featuredmedia":[{"embeddable":true,"href":"https:\/\/www.comoditahome.com\/al\/wp-json\/wp\/v2\/media\/70010"}],"wp:attachment":[{"href":"https:\/\/www.comoditahome.com\/al\/wp-json\/wp\/v2\/media?parent=70003"}],"wp:term":[{"taxonomy":"product_cat","embeddable":true,"href":"https:\/\/www.comoditahome.com\/al\/wp-json\/wp\/v2\/product_cat?post=70003"},{"taxonomy":"product_tag","embeddable":true,"href":"https:\/\/www.comoditahome.com\/al\/wp-json\/wp\/v2\/product_tag?post=70003"}],"curies":[{"name":"wp","href":"https:\/\/api.w.org\/{rel}","templated":true}]}}