 {"id":71272,"date":"2021-01-15T11:37:43","date_gmt":"2021-01-15T09:37:43","guid":{"rendered":"https:\/\/www.comoditahome.com\/al\/?post_type=product&#038;p=71272"},"modified":"2026-05-07T09:34:26","modified_gmt":"2026-05-07T07:34:26","slug":"set-i-tapeteve-per-tualet-hat","status":"publish","type":"product","link":"https:\/\/www.comoditahome.com\/al\/product\/set-i-tapeteve-per-tualet-hat\/","title":{"rendered":"Set i tapet\u00ebve p\u00ebr tualet Hat"},"content":{"rendered":"","protected":false},"excerpt":{"rendered":"<div class=\"woocommerce-product-details__short-description\">\n<p style=\"text-align: left;\">Seti i tapet\u00ebve p\u00ebr banjo nga linja BLUENITY, vjen me dimensione standarde dhe me dizajn modern. Seti \u00ebsht\u00eb i nd\u00ebrtuar nga materiali cil\u00ebsor i pambukut, q\u00eb i jep q\u00ebndrueshm\u00ebri pavar\u00ebsisht lag\u00ebshtis\u00eb. Me hijeshin\u00eb q\u00eb prezantojn\u00eb, ky set do t\u00eb ndihmoj q\u00eb ambienti i banjos t\u00eb duket edhe m\u00eb i bukur.<br \/>\n<strong>Dimensioni \/ Kompozicioni:<\/strong>\u00a0Seti ka 2 pjes\u00eb: 1x 60x100cm dhe 1x 50x60cm<br \/>\n<strong>NGJYRA:<\/strong>\u00a0Me dizajn<br \/>\n<strong>MATERIALI:<\/strong>\u00a0100% Pambuk<br \/>\n<strong>UDH\u00cbZIMET E P\u00cbRDORIMIT:<\/strong>\u00a0Tepihet duhet t\u00eb pastrohen ve\u00e7mas nga rrobat e tjera qoft\u00eb me lavatri\u00e7e ose me larje n\u00eb dor\u00eb. Ju lutem p\u00ebrdorni shampo t\u00eb tepih\u00ebve ose pluhur sapuni. Rekomandohet t\u00eb p\u00ebrdoret detergjent q\u00eb ruan ngjyr\u00ebn. Mos p\u00ebrdorni zbardhues.<br \/>\n<strong>KUSHTET E KTHIMIT \/ GARANCION:<\/strong>\u00a0P\u00ebr k\u00ebt\u00eb produkt pranohet reklamacion brenda 24 or\u00ebve pasi t\u00eb pranoni porosin\u00eb.<br \/>\n<span style=\"color: #ffffff;\">3907489300744<\/span><\/p>\n<\/div>\n<p class=\"price\">\n","protected":false},"featured_media":71273,"template":"","meta":[],"product_cat":[99,97],"product_tag":[],"_links":{"self":[{"href":"https:\/\/www.comoditahome.com\/al\/wp-json\/wp\/v2\/product\/71272"}],"collection":[{"href":"https:\/\/www.comoditahome.com\/al\/wp-json\/wp\/v2\/product"}],"about":[{"href":"https:\/\/www.comoditahome.com\/al\/wp-json\/wp\/v2\/types\/product"}],"version-history":[{"count":1,"href":"https:\/\/www.comoditahome.com\/al\/wp-json\/wp\/v2\/product\/71272\/revisions"}],"predecessor-version":[{"id":71276,"href":"https:\/\/www.comoditahome.com\/al\/wp-json\/wp\/v2\/product\/71272\/revisions\/71276"}],"wp:featuredmedia":[{"embeddable":true,"href":"https:\/\/www.comoditahome.com\/al\/wp-json\/wp\/v2\/media\/71273"}],"wp:attachment":[{"href":"https:\/\/www.comoditahome.com\/al\/wp-json\/wp\/v2\/media?parent=71272"}],"wp:term":[{"taxonomy":"product_cat","embeddable":true,"href":"https:\/\/www.comoditahome.com\/al\/wp-json\/wp\/v2\/product_cat?post=71272"},{"taxonomy":"product_tag","embeddable":true,"href":"https:\/\/www.comoditahome.com\/al\/wp-json\/wp\/v2\/product_tag?post=71272"}],"curies":[{"name":"wp","href":"https:\/\/api.w.org\/{rel}","templated":true}]}}