 {"id":71348,"date":"2024-01-19T15:02:43","date_gmt":"2024-01-19T13:02:43","guid":{"rendered":"https:\/\/www.comoditahome.com\/al\/?post_type=product&#038;p=71348"},"modified":"2026-04-09T11:55:11","modified_gmt":"2026-04-09T09:55:11","slug":"set-carcafesh-per-femije-baby-mia-pink","status":"publish","type":"product","link":"https:\/\/www.comoditahome.com\/al\/product\/set-carcafesh-per-femije-baby-mia-pink\/","title":{"rendered":"Set \u00e7ar\u00e7af\u00ebsh p\u00ebr f\u00ebmij\u00eb Baby Mia Pink"},"content":{"rendered":"","protected":false},"excerpt":{"rendered":"<p style=\"text-align: left;\">Seti i \u00e7ar\u00e7af\u00ebve Baby Mia Pink, jan\u00eb pjes\u00eb e nevojshme p\u00ebr dhom\u00ebn e f\u00ebmij\u00ebs, duke ofruar nj\u00eb ambient t\u00eb p\u00ebrshtatsh\u00ebm dhe t\u00eb sigurt p\u00ebr gjum\u00eb t\u00eb mir\u00eb. K\u00ebto sete jan\u00eb projektuar me kujdes p\u00ebr t\u00eb p\u00ebrmbushur nevojat e f\u00ebmij\u00ebve dhe p\u00ebr t\u2019u p\u00ebrshtatur me zhvillimin e tyre. Ky set \u00e7ar\u00e7af\u00ebsh ju mund\u00ebson ambient higjenik larg alergjive dhe bakterieve.<br \/>\nDimensioni \/ Kompozicioni: Set me 4 pjes\u00eb: 1x k\u00ebll\u00ebf jorgani 100X150 CM, 1x \u00e7ar\u00e7af i dyshekut 120X160cm, 2x k\u00ebll\u00ebf jast\u00ebk\u00ebsh 35X45cm<br \/>\nNGJYRA: Me dizajn<br \/>\nMATERIALI: 100% Pambuk<br \/>\nUDH\u00cbZIMET E P\u00cbRDORIMIT: N\u00eb makin\u00eb lar\u00ebse 40\u00b0C<br \/>\nKUSHTET E KTHIMIT \/ GARANCION: P\u00ebr shkak t\u00eb kontaktit me higjien\u00eb personale, p\u00ebr produktet e tekstilit nuk pranohen kthime apo reklamacione.<br \/>\n<span style=\"color: #ffffff;\">3907489383432 qarshaf qarshafa carshafa carshaf femije kids<\/span><\/p>\n","protected":false},"featured_media":71349,"template":"","meta":[],"product_cat":[53,198],"product_tag":[],"_links":{"self":[{"href":"https:\/\/www.comoditahome.com\/al\/wp-json\/wp\/v2\/product\/71348"}],"collection":[{"href":"https:\/\/www.comoditahome.com\/al\/wp-json\/wp\/v2\/product"}],"about":[{"href":"https:\/\/www.comoditahome.com\/al\/wp-json\/wp\/v2\/types\/product"}],"version-history":[{"count":1,"href":"https:\/\/www.comoditahome.com\/al\/wp-json\/wp\/v2\/product\/71348\/revisions"}],"predecessor-version":[{"id":71353,"href":"https:\/\/www.comoditahome.com\/al\/wp-json\/wp\/v2\/product\/71348\/revisions\/71353"}],"wp:featuredmedia":[{"embeddable":true,"href":"https:\/\/www.comoditahome.com\/al\/wp-json\/wp\/v2\/media\/71349"}],"wp:attachment":[{"href":"https:\/\/www.comoditahome.com\/al\/wp-json\/wp\/v2\/media?parent=71348"}],"wp:term":[{"taxonomy":"product_cat","embeddable":true,"href":"https:\/\/www.comoditahome.com\/al\/wp-json\/wp\/v2\/product_cat?post=71348"},{"taxonomy":"product_tag","embeddable":true,"href":"https:\/\/www.comoditahome.com\/al\/wp-json\/wp\/v2\/product_tag?post=71348"}],"curies":[{"name":"wp","href":"https:\/\/api.w.org\/{rel}","templated":true}]}}