 {"id":71967,"date":"2024-03-01T12:05:58","date_gmt":"2024-03-01T10:05:58","guid":{"rendered":"https:\/\/www.comoditahome.com\/al\/?post_type=product&#038;p=71967"},"modified":"2026-05-07T09:34:28","modified_gmt":"2026-05-07T07:34:28","slug":"carcafe-te-fiksuar-90x200cm","status":"publish","type":"product","link":"https:\/\/www.comoditahome.com\/al\/product\/carcafe-te-fiksuar-90x200cm\/","title":{"rendered":"\u00c7ar\u00e7af\u00eb t\u00eb fiksuar 90x200cm"},"content":{"rendered":"","protected":false},"excerpt":{"rendered":"<p style=\"text-align: left;\">\u00c7ar\u00e7af\u00ebt e fiksuar me p\u00ebrmbajtje pambuku t\u00eb cil\u00ebsis\u00eb s\u00eb lart\u00eb ju mund\u00ebsojn\u00eb t\u00eb mbroni dyshekun tuaj. Me last\u00ebkut q\u00eb kan\u00eb t\u00eb qepur n\u00eb cepe, mb\u00ebshtjellen p\u00ebrmbi dyshekun tuaj duke krijuar nj\u00eb sip\u00ebrfaqe krejt\u00ebsisht t\u00eb rrafsh\u00ebt. Jan\u00eb 100% Pambuk dhe vijn\u00eb n\u00eb ngjyra t\u00eb bukura pastele, p\u00ebr t\u2019u kombinuar me setet e \u00e7ar\u00e7af\u00ebve leht\u00ebsisht.<br \/>\nDimensioni \/ Kompozicioni: 90x200cm<br \/>\nNGJYRA: Bezh\u00eb, Blu e hapur, Gri, Kafe e leht\u00eb, Pluhur<br \/>\nMATERIALI: 100% Pambuk<br \/>\nUDH\u00cbZIMET E P\u00cbRDORIMIT: N\u00eb makin\u00eb lar\u00ebse 40\u00b0C<br \/>\nKUSHTET E KTHIMIT \/ GARANCION: P\u00ebr shkak t\u00eb kontaktit me higjien\u00eb personale, p\u00ebr produktet e tekstilit nuk pranohen kthime apo reklamacione.<\/p>\n<p style=\"text-align: left;\"><span style=\"color: #ffffff;\">5310233006805 5310233001459 5310233001510 5310233001572 5310233001633 5310233001695 5310233001817 5310233001879 5310233001930 5310233001992 5310233002050<\/span><\/p>\n","protected":false},"featured_media":71978,"template":"","meta":[],"product_cat":[199,51,52],"product_tag":[],"_links":{"self":[{"href":"https:\/\/www.comoditahome.com\/al\/wp-json\/wp\/v2\/product\/71967"}],"collection":[{"href":"https:\/\/www.comoditahome.com\/al\/wp-json\/wp\/v2\/product"}],"about":[{"href":"https:\/\/www.comoditahome.com\/al\/wp-json\/wp\/v2\/types\/product"}],"version-history":[{"count":2,"href":"https:\/\/www.comoditahome.com\/al\/wp-json\/wp\/v2\/product\/71967\/revisions"}],"predecessor-version":[{"id":71987,"href":"https:\/\/www.comoditahome.com\/al\/wp-json\/wp\/v2\/product\/71967\/revisions\/71987"}],"wp:featuredmedia":[{"embeddable":true,"href":"https:\/\/www.comoditahome.com\/al\/wp-json\/wp\/v2\/media\/71978"}],"wp:attachment":[{"href":"https:\/\/www.comoditahome.com\/al\/wp-json\/wp\/v2\/media?parent=71967"}],"wp:term":[{"taxonomy":"product_cat","embeddable":true,"href":"https:\/\/www.comoditahome.com\/al\/wp-json\/wp\/v2\/product_cat?post=71967"},{"taxonomy":"product_tag","embeddable":true,"href":"https:\/\/www.comoditahome.com\/al\/wp-json\/wp\/v2\/product_tag?post=71967"}],"curies":[{"name":"wp","href":"https:\/\/api.w.org\/{rel}","templated":true}]}}