 {"id":72029,"date":"2024-03-01T12:42:31","date_gmt":"2024-03-01T10:42:31","guid":{"rendered":"https:\/\/www.comoditahome.com\/al\/?post_type=product&#038;p=72029"},"modified":"2026-03-02T09:11:50","modified_gmt":"2026-03-02T07:11:50","slug":"pjate-sherbimi-new-life","status":"publish","type":"product","link":"https:\/\/www.comoditahome.com\/al\/product\/pjate-sherbimi-new-life\/","title":{"rendered":"Pjat\u00eb sh\u00ebrbimi New Life"},"content":{"rendered":"","protected":false},"excerpt":{"rendered":"<div class=\"woocommerce-product-details__short-description\">\n<p style=\"text-align: left;\">Pjat\u00eb servimi n\u00eb form\u00eb ovale nga linja Porglaze Earth, e cila mund t\u00eb p\u00ebrdoret p\u00ebr servime t\u00eb ndryshme. Kjo linj\u00eb \u00ebsht\u00eb inspiruar nga ngjyrat e natyr\u00ebs dhe ka nj\u00eb dizajn me lule n\u00eb t\u00eb. Nj\u00eb pjat\u00eb e till\u00eb sh\u00ebrben q\u00eb prezantimet tuaja t\u00eb jen\u00eb sa m\u00eb natyrale.<\/p>\n<p style=\"text-align: left;\"><strong>Dimensioni \/ Kompozicioni:<\/strong> 36CM<\/p>\n<p style=\"text-align: left;\"><strong>NGJYRA:<\/strong> Bardh\u00eb me dizajn<\/p>\n<p style=\"text-align: left;\"><strong>MATERIALI:<\/strong> Porcelan<\/p>\n<p style=\"text-align: left;\"><strong>UDH\u00cbZIMET E P\u00cbRDORIMIT:<\/strong>\u00a0 T\u00eb lahet me dor\u00eb<\/p>\n<p style=\"text-align: left;\"><strong>KUSHTET E KTHIMIT \/ GARANCION:<\/strong> P\u00ebr k\u00ebt\u00eb produkt pranohet reklamacion brenda 24 or\u00ebve pasi t\u00eb pranoni porosin\u00eb.<br \/>\n<span style=\"color: #ffffff;\">3907489210883<\/span><\/p>\n<\/div>\n","protected":false},"featured_media":72030,"template":"","meta":[],"product_cat":[199,58,55,57],"product_tag":[],"_links":{"self":[{"href":"https:\/\/www.comoditahome.com\/al\/wp-json\/wp\/v2\/product\/72029"}],"collection":[{"href":"https:\/\/www.comoditahome.com\/al\/wp-json\/wp\/v2\/product"}],"about":[{"href":"https:\/\/www.comoditahome.com\/al\/wp-json\/wp\/v2\/types\/product"}],"version-history":[{"count":1,"href":"https:\/\/www.comoditahome.com\/al\/wp-json\/wp\/v2\/product\/72029\/revisions"}],"predecessor-version":[{"id":72035,"href":"https:\/\/www.comoditahome.com\/al\/wp-json\/wp\/v2\/product\/72029\/revisions\/72035"}],"wp:featuredmedia":[{"embeddable":true,"href":"https:\/\/www.comoditahome.com\/al\/wp-json\/wp\/v2\/media\/72030"}],"wp:attachment":[{"href":"https:\/\/www.comoditahome.com\/al\/wp-json\/wp\/v2\/media?parent=72029"}],"wp:term":[{"taxonomy":"product_cat","embeddable":true,"href":"https:\/\/www.comoditahome.com\/al\/wp-json\/wp\/v2\/product_cat?post=72029"},{"taxonomy":"product_tag","embeddable":true,"href":"https:\/\/www.comoditahome.com\/al\/wp-json\/wp\/v2\/product_tag?post=72029"}],"curies":[{"name":"wp","href":"https:\/\/api.w.org\/{rel}","templated":true}]}}