 {"id":72618,"date":"2024-04-25T12:41:28","date_gmt":"2024-04-25T10:41:28","guid":{"rendered":"https:\/\/www.comoditahome.com\/al\/?post_type=product&#038;p=72618"},"modified":"2026-03-02T09:11:50","modified_gmt":"2026-03-02T07:11:50","slug":"toster-goldmaster-2","status":"publish","type":"product","link":"https:\/\/www.comoditahome.com\/al\/product\/toster-goldmaster-2\/","title":{"rendered":"Toster Goldmaster"},"content":{"rendered":"","protected":false},"excerpt":{"rendered":"<div class=\"woocommerce-product-details__short-description\">\n<div class=\"woocommerce-product-details__short-description\">\n<p style=\"text-align: left;\">Toster nga brendi Goldmaster. Vjen me ngjyr\u00eb t\u00eb zez\u00eb dhe ka fuqi prej 1750W. P\u00ebrb\u00ebhet nga materiali i Granitit, material q\u00eb njihet p\u00ebr q\u00ebndrueshm\u00ebri t\u00eb madhe dhe q\u00eb pastrohet leht\u00ebsisht. Tani ju mund t\u00eb p\u00ebrgatisni tostin tuaj t\u00eb preferuar n\u00eb sht\u00ebpi, duke I b\u00ebr\u00eb mengjeset tuaja m\u00eb t\u00eb shijshme dhe m\u00eb t\u00eb lehta.<\/p>\n<p style=\"text-align: left;\"><strong>Dimensioni \/ Kompozicioni:<\/strong> 1750W Fuqi<\/p>\n<p style=\"text-align: left;\"><strong>NGJYRA:<\/strong> Ari<\/p>\n<p style=\"text-align: left;\"><strong>MATERIALI:<\/strong> Granit<\/p>\n<p style=\"text-align: left;\"><strong>UDH\u00cbZIMET E P\u00cbRDORIMIT:<\/strong> T\u00eb pastrohet me Dor\u00eb<\/p>\n<p style=\"text-align: left;\"><strong>KUSHTET E KTHIMIT \/ GARANCION:<\/strong>Tosteri ka garancion 1 vit.<br \/>\n<span style=\"color: #ffffff;\">8698758827073<\/span><\/p>\n<\/div>\n<p class=\"price\" style=\"text-align: left;\">\n<\/div>\n","protected":false},"featured_media":72619,"template":"","meta":[],"product_cat":[64,57],"product_tag":[],"_links":{"self":[{"href":"https:\/\/www.comoditahome.com\/al\/wp-json\/wp\/v2\/product\/72618"}],"collection":[{"href":"https:\/\/www.comoditahome.com\/al\/wp-json\/wp\/v2\/product"}],"about":[{"href":"https:\/\/www.comoditahome.com\/al\/wp-json\/wp\/v2\/types\/product"}],"version-history":[{"count":3,"href":"https:\/\/www.comoditahome.com\/al\/wp-json\/wp\/v2\/product\/72618\/revisions"}],"predecessor-version":[{"id":72875,"href":"https:\/\/www.comoditahome.com\/al\/wp-json\/wp\/v2\/product\/72618\/revisions\/72875"}],"wp:featuredmedia":[{"embeddable":true,"href":"https:\/\/www.comoditahome.com\/al\/wp-json\/wp\/v2\/media\/72619"}],"wp:attachment":[{"href":"https:\/\/www.comoditahome.com\/al\/wp-json\/wp\/v2\/media?parent=72618"}],"wp:term":[{"taxonomy":"product_cat","embeddable":true,"href":"https:\/\/www.comoditahome.com\/al\/wp-json\/wp\/v2\/product_cat?post=72618"},{"taxonomy":"product_tag","embeddable":true,"href":"https:\/\/www.comoditahome.com\/al\/wp-json\/wp\/v2\/product_tag?post=72618"}],"curies":[{"name":"wp","href":"https:\/\/api.w.org\/{rel}","templated":true}]}}