 {"id":72635,"date":"2024-04-25T13:03:09","date_gmt":"2024-04-25T11:03:09","guid":{"rendered":"https:\/\/www.comoditahome.com\/al\/?post_type=product&#038;p=72635"},"modified":"2026-04-23T09:00:44","modified_gmt":"2026-04-23T07:00:44","slug":"set-lugesh","status":"publish","type":"product","link":"https:\/\/www.comoditahome.com\/al\/product\/set-lugesh\/","title":{"rendered":"Set lug\u00ebsh"},"content":{"rendered":"","protected":false},"excerpt":{"rendered":"<p style=\"text-align: left;\"><strong>Dimensioni \/ Kompozicioni: <\/strong>11cm<strong>,<\/strong> 6 cop\u00eb<\/p>\n<p style=\"text-align: left;\"><strong>NGJYRA:<\/strong> Transparente, me dizajn<\/p>\n<p style=\"text-align: left;\"><strong>MATERIALI:<\/strong> Qelq<\/p>\n<p style=\"text-align: left;\"><strong>UDH\u00cbZIMET E P\u00cbRDORIMIT:<\/strong> T\u00eb pastrohet me Dor\u00eb<\/p>\n<p style=\"text-align: left;\"><strong>KUSHTET E KTHIMIT \/ GARANCION:<\/strong> P\u00ebr k\u00ebt\u00eb produkt pranohet reklamacion brenda 24 or\u00ebve pasi t\u00eb pranoni porosin\u00eb.<br \/>\n<span style=\"color: #ffffff;\">3907489370907<\/span><\/p>\n","protected":false},"featured_media":72636,"template":"","meta":[],"product_cat":[151,55],"product_tag":[],"_links":{"self":[{"href":"https:\/\/www.comoditahome.com\/al\/wp-json\/wp\/v2\/product\/72635"}],"collection":[{"href":"https:\/\/www.comoditahome.com\/al\/wp-json\/wp\/v2\/product"}],"about":[{"href":"https:\/\/www.comoditahome.com\/al\/wp-json\/wp\/v2\/types\/product"}],"version-history":[{"count":3,"href":"https:\/\/www.comoditahome.com\/al\/wp-json\/wp\/v2\/product\/72635\/revisions"}],"predecessor-version":[{"id":72873,"href":"https:\/\/www.comoditahome.com\/al\/wp-json\/wp\/v2\/product\/72635\/revisions\/72873"}],"wp:featuredmedia":[{"embeddable":true,"href":"https:\/\/www.comoditahome.com\/al\/wp-json\/wp\/v2\/media\/72636"}],"wp:attachment":[{"href":"https:\/\/www.comoditahome.com\/al\/wp-json\/wp\/v2\/media?parent=72635"}],"wp:term":[{"taxonomy":"product_cat","embeddable":true,"href":"https:\/\/www.comoditahome.com\/al\/wp-json\/wp\/v2\/product_cat?post=72635"},{"taxonomy":"product_tag","embeddable":true,"href":"https:\/\/www.comoditahome.com\/al\/wp-json\/wp\/v2\/product_tag?post=72635"}],"curies":[{"name":"wp","href":"https:\/\/api.w.org\/{rel}","templated":true}]}}