 {"id":72733,"date":"2024-05-07T13:47:26","date_gmt":"2024-05-07T11:47:26","guid":{"rendered":"https:\/\/www.comoditahome.com\/al\/?post_type=product&#038;p=72733"},"modified":"2026-03-30T10:29:25","modified_gmt":"2026-03-30T08:29:25","slug":"set-lugesh-fino-gold","status":"publish","type":"product","link":"https:\/\/www.comoditahome.com\/al\/product\/set-lugesh-fino-gold\/","title":{"rendered":"Set lug\u00ebsh Fino Gold"},"content":{"rendered":"","protected":false},"excerpt":{"rendered":"<div class=\"woocommerce-product-details__short-description\">\n<p style=\"text-align: left;\">Seti i lug\u00ebve Fino vjen me nj\u00eb sip\u00ebrfaqe t\u00eb l\u00ebmuar dhe trash\u00ebsi optimale p\u00ebr p\u00ebrdorim praktik. Dizajni i thjesht\u00eb klasik me nj\u00eb pamje t\u00eb past\u00ebr elegante e b\u00ebn\u00eb q\u00eb t\u2019i p\u00ebrshtatet secilit set t\u00eb pjatave leht\u00ebsisht.<\/p>\n<p style=\"text-align: left;\"><strong>Dimensioni \/ Kompozicioni:<\/strong> Seti ka 18 pjes\u00eb<\/p>\n<p style=\"text-align: left;\"><strong>NGJYRA:<\/strong> Gold<\/p>\n<p style=\"text-align: left;\"><strong>MATERIALI:<\/strong> \u00c7elik 18\/10<\/p>\n<p style=\"text-align: left;\"><strong>UDH\u00cbZIMET E P\u00cbRDORIMIT:<\/strong> T\u00eb pastrohet me Dor\u00eb<\/p>\n<p style=\"text-align: left;\"><strong>KUSHTET E KTHIMIT \/ GARANCION:<\/strong> P\u00ebr k\u00ebt\u00eb produkt pranohet reklamacion brenda 24 or\u00ebve pasi t\u00eb pranoni porosin\u00eb.<br \/>\n<span style=\"color: #ffffff;\">3907489382449<\/span><\/p>\n<\/div>\n","protected":false},"featured_media":72734,"template":"","meta":[],"product_cat":[152,57],"product_tag":[],"_links":{"self":[{"href":"https:\/\/www.comoditahome.com\/al\/wp-json\/wp\/v2\/product\/72733"}],"collection":[{"href":"https:\/\/www.comoditahome.com\/al\/wp-json\/wp\/v2\/product"}],"about":[{"href":"https:\/\/www.comoditahome.com\/al\/wp-json\/wp\/v2\/types\/product"}],"version-history":[{"count":1,"href":"https:\/\/www.comoditahome.com\/al\/wp-json\/wp\/v2\/product\/72733\/revisions"}],"predecessor-version":[{"id":72739,"href":"https:\/\/www.comoditahome.com\/al\/wp-json\/wp\/v2\/product\/72733\/revisions\/72739"}],"wp:featuredmedia":[{"embeddable":true,"href":"https:\/\/www.comoditahome.com\/al\/wp-json\/wp\/v2\/media\/72734"}],"wp:attachment":[{"href":"https:\/\/www.comoditahome.com\/al\/wp-json\/wp\/v2\/media?parent=72733"}],"wp:term":[{"taxonomy":"product_cat","embeddable":true,"href":"https:\/\/www.comoditahome.com\/al\/wp-json\/wp\/v2\/product_cat?post=72733"},{"taxonomy":"product_tag","embeddable":true,"href":"https:\/\/www.comoditahome.com\/al\/wp-json\/wp\/v2\/product_tag?post=72733"}],"curies":[{"name":"wp","href":"https:\/\/api.w.org\/{rel}","templated":true}]}}