 {"id":72795,"date":"2024-05-07T13:51:15","date_gmt":"2024-05-07T11:51:15","guid":{"rendered":"https:\/\/www.comoditahome.com\/al\/?post_type=product&#038;p=72795"},"modified":"2026-03-02T09:11:51","modified_gmt":"2026-03-02T07:11:51","slug":"set-lugesh-fino-rose-gold-2","status":"publish","type":"product","link":"https:\/\/www.comoditahome.com\/al\/product\/set-lugesh-fino-rose-gold-2\/","title":{"rendered":"Set lug\u00ebsh Fino Rose Gold"},"content":{"rendered":"","protected":false},"excerpt":{"rendered":"<div class=\"woocommerce-product-details__short-description\">\n<p style=\"text-align: left;\">Seti i lug\u00ebve Fino vjen me nj\u00eb sip\u00ebrfaqe t\u00eb l\u00ebmuar dhe trash\u00ebsi optimale p\u00ebr p\u00ebrdorim praktik. Dizajni i thjesht\u00eb klasik me nj\u00eb pamje t\u00eb past\u00ebr elegante e b\u00ebn\u00eb q\u00eb t\u2019i p\u00ebrshtatet secilit set t\u00eb pjatave leht\u00ebsisht.<\/p>\n<p style=\"text-align: left;\"><strong>Dimensioni \/ Kompozicioni:<\/strong> Seti ka 18 pjes\u00eb<\/p>\n<p style=\"text-align: left;\"><strong>NGJYRA:<\/strong> Shampanj\u00eb<\/p>\n<p style=\"text-align: left;\"><strong>MATERIALI:<\/strong> \u00c7elik 18\/10<\/p>\n<p style=\"text-align: left;\"><strong>UDH\u00cbZIMET E P\u00cbRDORIMIT:<\/strong> T\u00eb pastrohet me Dor\u00eb<\/p>\n<p style=\"text-align: left;\"><strong>KUSHTET E KTHIMIT \/ GARANCION:<\/strong> P\u00ebr k\u00ebt\u00eb produkt pranohet reklamacion brenda 24 or\u00ebve pasi t\u00eb pranoni porosin\u00eb.<br \/>\n<span style=\"color: #ffffff;\">3907489382487<\/span><\/p>\n<\/div>\n","protected":false},"featured_media":72796,"template":"","meta":[],"product_cat":[152,57],"product_tag":[],"_links":{"self":[{"href":"https:\/\/www.comoditahome.com\/al\/wp-json\/wp\/v2\/product\/72795"}],"collection":[{"href":"https:\/\/www.comoditahome.com\/al\/wp-json\/wp\/v2\/product"}],"about":[{"href":"https:\/\/www.comoditahome.com\/al\/wp-json\/wp\/v2\/types\/product"}],"version-history":[{"count":2,"href":"https:\/\/www.comoditahome.com\/al\/wp-json\/wp\/v2\/product\/72795\/revisions"}],"predecessor-version":[{"id":72802,"href":"https:\/\/www.comoditahome.com\/al\/wp-json\/wp\/v2\/product\/72795\/revisions\/72802"}],"wp:featuredmedia":[{"embeddable":true,"href":"https:\/\/www.comoditahome.com\/al\/wp-json\/wp\/v2\/media\/72796"}],"wp:attachment":[{"href":"https:\/\/www.comoditahome.com\/al\/wp-json\/wp\/v2\/media?parent=72795"}],"wp:term":[{"taxonomy":"product_cat","embeddable":true,"href":"https:\/\/www.comoditahome.com\/al\/wp-json\/wp\/v2\/product_cat?post=72795"},{"taxonomy":"product_tag","embeddable":true,"href":"https:\/\/www.comoditahome.com\/al\/wp-json\/wp\/v2\/product_tag?post=72795"}],"curies":[{"name":"wp","href":"https:\/\/api.w.org\/{rel}","templated":true}]}}