 {"id":72812,"date":"2022-05-08T11:42:40","date_gmt":"2022-05-08T09:42:40","guid":{"rendered":"https:\/\/www.comoditahome.com\/al\/?post_type=product&#038;p=72812"},"modified":"2026-05-07T09:34:28","modified_gmt":"2026-05-07T07:34:28","slug":"cante-shpine-regent-finesse","status":"publish","type":"product","link":"https:\/\/www.comoditahome.com\/al\/product\/cante-shpine-regent-finesse\/","title":{"rendered":"\u00c7ant\u00eb shpine Regent Finesse"},"content":{"rendered":"","protected":false},"excerpt":{"rendered":"<div class=\"woocommerce-product-details__short-description\">\n<p style=\"text-align: left;\">\u00c7anta e shpin\u00ebs Regent Slim vjen e punuar me p\u00ebrpikm\u00ebri n\u00eb t\u00eb gjitha detajet dhe finesat estetike. T\u00eb rafinuara n\u00eb pamje me tipare specifike, p\u00ebrforcuar nga shum\u00eb xhepa q\u00eb p\u00ebrpos gj\u00ebsendeve tjera personale, mund\u00ebson akomodim dhe sigurim t\u00eb shum\u00eb elementeve digjitale t\u00eb r\u00ebnd\u00ebsishme ditore.<br \/>\nKjo \u00e7ant\u00eb si tipar\u00eb t\u00eb ve\u00e7ant\u00eb ka qasjen e leht\u00eb n\u00eb gj\u00ebrat tuaja p\u00ebrmes zinxhir\u00ebve t\u00eb zgjeruar dhe t\u00eb shumt\u00eb. \u00cbsht\u00eb e p\u00ebrb\u00ebr\u00eb nga materiale me pesh\u00eb t\u00eb leht\u00eb, nj\u00ebkoh\u00ebsisht shum\u00eb t\u00eb qendrueshme dhe material \u201cFoam Najlon\u201d q\u00eb \u00ebsht\u00eb rezistent ndaj lag\u00ebshtis\u00eb dhe ujit, p\u00ebrfshir\u00eb materiale textili t\u00eb forta, najloni, mikro-fije l\u00ebkure, patent t\u00eb q\u00ebndruesh\u00ebm, dor\u00ebza t\u00eb mbushura nga sfungjeri p\u00ebr mbajtje sa m\u00eb komode. Materiali n\u00eb fytyr\u00ebn e \u00e7ant\u00ebs vjen I p\u00ebrb\u00ebr\u00eb nga mikro-fije l\u00ebkure, i shton hijeshin\u00eb bashk\u00eb me dor\u00ebzat e rehatshme dhe t\u00eb q\u00ebndrueshme. Xhepi i vog\u00ebl n\u00eb pjes\u00ebn e sip\u00ebrme \u00ebsht\u00eb i leht\u00eb i qassh\u00ebm p\u00ebr t\u00eb ruajtur telefonin, syzet etj dhe xhepa an\u00ebsor\u00eb me zingjir p\u00ebr mbajtje shishesh. Xhepi kryesor ka shum\u00eb hap\u00ebsir\u00eb p\u00ebr gj\u00ebsendet tuaja personale, nd\u00ebrsa xhepi i llaptopit vjen krejt\u00ebsisht i ndar\u00eb. Nj\u00eb xhep i fshehur n\u00eb pjes\u00ebn e prapme \u00ebsht\u00eb i konvenueshem p\u00ebr ruajtjen e pasaport\u00ebs dhe letrave me vler\u00eb. Ka sistem mb\u00ebshtet\u00ebs p\u00ebr rehatin\u00eb e shpin\u00ebs me rrjet\u00eb mbushje 3D q\u00eb lejon ajrosje dhe krah\u00eb \u2013 mbajt\u00ebs me mund\u00ebsi t\u00eb p\u00ebrshtatjes si dhe USB port p\u00ebr mbushje telefoni pa pasur nevoj\u00eb ta fusni brenda n\u00eb \u00e7ant\u00eb.\u201d<\/p>\n<p style=\"text-align: left;\"><strong>Dimensioni: 30\u00d715.5x45cm ; Kapaciteti 21L<\/strong><\/p>\n<p style=\"text-align: left;\"><strong>NGJYRA:<\/strong> E zez\u00eb<\/p>\n<p style=\"text-align: left;\"><strong>MATERIALI:<\/strong> Poliest\u00ebr<\/p>\n<p style=\"text-align: left;\"><strong>UDH\u00cbZIMET E P\u00cbRDORIMIT:<\/strong>\u00a0T\u00eb pastrohet me dor\u00eb<\/p>\n<p style=\"text-align: left;\"><strong>KUSHTET E KTHIMIT \/ GARANCION:<\/strong> P\u00ebr k\u00ebt\u00eb produkt pranohet reklamacion brenda 24 or\u00ebve pasi t\u00eb pranoni porosin\u00eb.<br \/>\n<span style=\"color: #ffffff;\">5310233006034 qant qont loptopo loptopi laptop<\/span><\/p>\n<\/div>\n","protected":false},"featured_media":72813,"template":"","meta":[],"product_cat":[90,88],"product_tag":[],"_links":{"self":[{"href":"https:\/\/www.comoditahome.com\/al\/wp-json\/wp\/v2\/product\/72812"}],"collection":[{"href":"https:\/\/www.comoditahome.com\/al\/wp-json\/wp\/v2\/product"}],"about":[{"href":"https:\/\/www.comoditahome.com\/al\/wp-json\/wp\/v2\/types\/product"}],"version-history":[{"count":2,"href":"https:\/\/www.comoditahome.com\/al\/wp-json\/wp\/v2\/product\/72812\/revisions"}],"predecessor-version":[{"id":72866,"href":"https:\/\/www.comoditahome.com\/al\/wp-json\/wp\/v2\/product\/72812\/revisions\/72866"}],"wp:featuredmedia":[{"embeddable":true,"href":"https:\/\/www.comoditahome.com\/al\/wp-json\/wp\/v2\/media\/72813"}],"wp:attachment":[{"href":"https:\/\/www.comoditahome.com\/al\/wp-json\/wp\/v2\/media?parent=72812"}],"wp:term":[{"taxonomy":"product_cat","embeddable":true,"href":"https:\/\/www.comoditahome.com\/al\/wp-json\/wp\/v2\/product_cat?post=72812"},{"taxonomy":"product_tag","embeddable":true,"href":"https:\/\/www.comoditahome.com\/al\/wp-json\/wp\/v2\/product_tag?post=72812"}],"curies":[{"name":"wp","href":"https:\/\/api.w.org\/{rel}","templated":true}]}}