 {"id":72847,"date":"2024-05-08T15:00:20","date_gmt":"2024-05-08T13:00:20","guid":{"rendered":"https:\/\/www.comoditahome.com\/al\/?post_type=product&#038;p=72847"},"modified":"2026-04-23T09:00:45","modified_gmt":"2026-04-23T07:00:45","slug":"set-filxhanesh-caji-fl","status":"publish","type":"product","link":"https:\/\/www.comoditahome.com\/al\/product\/set-filxhanesh-caji-fl\/","title":{"rendered":"Set filxhan\u00ebsh \u00e7aji FL"},"content":{"rendered":"","protected":false},"excerpt":{"rendered":"<div class=\"woocommerce-product-details__short-description\">\n<div class=\"woocommerce-product-details__short-description\">\n<div class=\"woocommerce-product-details__short-description\">\n<p style=\"text-align: left;\">Ky set fillxhan\u00ebsh \u00e7aji, ka nj\u00eb dizajn modern, konturuar me forma vijash minimale. Dizajni i tyre artistik, i mund\u00ebson p\u00ebrdorim jet\u00ebgjat\u00eb dhe i b\u00ebn\u00eb shum\u00eb t\u00eb leht\u00eb p\u00ebr t\u2019u mir\u00ebmbajtur. Shijoni koh\u00ebn tuaj me stil.<\/p>\n<p style=\"text-align: left;\"><strong>Dimensioni \/ Kompozicioni:<\/strong> Seti ka 12 pjes\u00eb: 6x filxhan\u00eb, 6x pjat\u00ebza<\/p>\n<p style=\"text-align: left;\"><strong>NGJYRA:<\/strong> Bardh\u00eb, gjelb\u00ebr, ari<\/p>\n<p style=\"text-align: left;\"><strong>MATERIALI:<\/strong> Porcelan<\/p>\n<p style=\"text-align: left;\"><strong>UDH\u00cbZIMET E P\u00cbRDORIMIT:<\/strong> T\u00eb pastrohet me dor\u00eb ose n\u00eb en\u00eb lar\u00ebse<\/p>\n<p style=\"text-align: left;\"><strong>KUSHTET E KTHIMIT \/ GARANCION:<\/strong> P\u00ebr k\u00ebt\u00eb produkt pranohet reklamacion brenda 24 or\u00ebve pasi t\u00eb pranoni porosin\u00eb.<\/p>\n<p style=\"text-align: left;\"><span style=\"color: #ffffff;\">3907489290502<\/span><\/p>\n<\/div>\n<\/div>\n<\/div>\n","protected":false},"featured_media":72849,"template":"","meta":[],"product_cat":[61,55,57],"product_tag":[],"_links":{"self":[{"href":"https:\/\/www.comoditahome.com\/al\/wp-json\/wp\/v2\/product\/72847"}],"collection":[{"href":"https:\/\/www.comoditahome.com\/al\/wp-json\/wp\/v2\/product"}],"about":[{"href":"https:\/\/www.comoditahome.com\/al\/wp-json\/wp\/v2\/types\/product"}],"version-history":[{"count":1,"href":"https:\/\/www.comoditahome.com\/al\/wp-json\/wp\/v2\/product\/72847\/revisions"}],"predecessor-version":[{"id":72848,"href":"https:\/\/www.comoditahome.com\/al\/wp-json\/wp\/v2\/product\/72847\/revisions\/72848"}],"wp:featuredmedia":[{"embeddable":true,"href":"https:\/\/www.comoditahome.com\/al\/wp-json\/wp\/v2\/media\/72849"}],"wp:attachment":[{"href":"https:\/\/www.comoditahome.com\/al\/wp-json\/wp\/v2\/media?parent=72847"}],"wp:term":[{"taxonomy":"product_cat","embeddable":true,"href":"https:\/\/www.comoditahome.com\/al\/wp-json\/wp\/v2\/product_cat?post=72847"},{"taxonomy":"product_tag","embeddable":true,"href":"https:\/\/www.comoditahome.com\/al\/wp-json\/wp\/v2\/product_tag?post=72847"}],"curies":[{"name":"wp","href":"https:\/\/api.w.org\/{rel}","templated":true}]}}