 {"id":72859,"date":"2024-05-08T15:04:37","date_gmt":"2024-05-08T13:04:37","guid":{"rendered":"https:\/\/www.comoditahome.com\/al\/?post_type=product&#038;p=72859"},"modified":"2026-04-23T09:00:45","modified_gmt":"2026-04-23T07:00:45","slug":"set-filxhanesh-kafeje-monochrome-stripes","status":"publish","type":"product","link":"https:\/\/www.comoditahome.com\/al\/product\/set-filxhanesh-kafeje-monochrome-stripes\/","title":{"rendered":"Set filxhan\u00ebsh kafeje Monochrome Stripes"},"content":{"rendered":"","protected":false},"excerpt":{"rendered":"<div class=\"woocommerce-product-details__short-description\">\n<div class=\"woocommerce-product-details__short-description\">\n<div class=\"woocommerce-product-details__short-description\">\n<div class=\"woocommerce-product-details__short-description\">\n<p style=\"text-align: left;\">Seti i filxhan\u00ebve t\u00eb kaf\u00ebs, Monochrome Stripes, ka nj\u00eb dizajn modern, konturuar me forma vijash bardh\u00eb dhe zi n\u00eb filxhan dhe pjat\u00eb, nd\u00ebrsa ka prezenc\u00eb t\u00eb ngjyr\u00ebs s\u00eb art\u00eb n\u00eb veg\u00ebz. Shijoni koh\u00ebn tuaj me stil.<\/p>\n<p style=\"text-align: left;\"><strong>Dimensioni \/ Kompozicioni:<\/strong> 120 mll; Seti ka 12 pjes\u00eb: 6x filxhan\u00eb, 6x pjat\u00ebza<\/p>\n<p style=\"text-align: left;\"><strong>NGJYRA:<\/strong> Me dizajn<\/p>\n<p style=\"text-align: left;\"><strong>MATERIALI:<\/strong> Porcelan<\/p>\n<p style=\"text-align: left;\"><strong>UDH\u00cbZIMET E P\u00cbRDORIMIT:<\/strong> T\u00eb pastrohet me dor\u00eb<\/p>\n<p style=\"text-align: left;\"><strong>KUSHTET E KTHIMIT \/ GARANCION:<\/strong> P\u00ebr k\u00ebt\u00eb produkt pranohet reklamacion brenda 24 or\u00ebve pasi t\u00eb pranoni porosin\u00eb.<\/p>\n<p style=\"text-align: left;\"><span style=\"color: #ffffff;\">3907489381890<\/span><\/p>\n<\/div>\n<p class=\"price\" style=\"text-align: left;\">\n<\/div>\n<\/div>\n<\/div>\n","protected":false},"featured_media":72860,"template":"","meta":[],"product_cat":[62,55,57],"product_tag":[],"_links":{"self":[{"href":"https:\/\/www.comoditahome.com\/al\/wp-json\/wp\/v2\/product\/72859"}],"collection":[{"href":"https:\/\/www.comoditahome.com\/al\/wp-json\/wp\/v2\/product"}],"about":[{"href":"https:\/\/www.comoditahome.com\/al\/wp-json\/wp\/v2\/types\/product"}],"version-history":[{"count":1,"href":"https:\/\/www.comoditahome.com\/al\/wp-json\/wp\/v2\/product\/72859\/revisions"}],"predecessor-version":[{"id":72864,"href":"https:\/\/www.comoditahome.com\/al\/wp-json\/wp\/v2\/product\/72859\/revisions\/72864"}],"wp:featuredmedia":[{"embeddable":true,"href":"https:\/\/www.comoditahome.com\/al\/wp-json\/wp\/v2\/media\/72860"}],"wp:attachment":[{"href":"https:\/\/www.comoditahome.com\/al\/wp-json\/wp\/v2\/media?parent=72859"}],"wp:term":[{"taxonomy":"product_cat","embeddable":true,"href":"https:\/\/www.comoditahome.com\/al\/wp-json\/wp\/v2\/product_cat?post=72859"},{"taxonomy":"product_tag","embeddable":true,"href":"https:\/\/www.comoditahome.com\/al\/wp-json\/wp\/v2\/product_tag?post=72859"}],"curies":[{"name":"wp","href":"https:\/\/api.w.org\/{rel}","templated":true}]}}