 {"id":72883,"date":"2024-05-08T15:24:14","date_gmt":"2024-05-08T13:24:14","guid":{"rendered":"https:\/\/www.comoditahome.com\/al\/?post_type=product&#038;p=72883"},"modified":"2026-04-23T09:00:45","modified_gmt":"2026-04-23T07:00:45","slug":"set-filxhanesh-kafeje-wild","status":"publish","type":"product","link":"https:\/\/www.comoditahome.com\/al\/product\/set-filxhanesh-kafeje-wild\/","title":{"rendered":"Set filxhan\u00ebsh kafeje Wild"},"content":{"rendered":"","protected":false},"excerpt":{"rendered":"<div class=\"woocommerce-product-details__short-description\">\n<div class=\"woocommerce-product-details__short-description\">\n<div class=\"woocommerce-product-details__short-description\">\n<div class=\"woocommerce-product-details__short-description\">\n<p style=\"text-align: left;\">Seti i filxhan\u00ebve t\u00eb kafes\u00eb nga linja Wild, vjen me nj\u00eb dizajn artistik, t\u00eb konturuar me detaje speciale n\u00eb gjith\u00eb sip\u00ebfaqen e filxhanit dhe kombinohet mjaft\u00eb bukur me ngjyr\u00ebn e dizajnit t\u00eb pjat\u00ebs. Shijoni koh\u00ebn tuaj t\u00eb lir\u00eb me stil.<\/p>\n<p style=\"text-align: left;\"><strong>Dimensioni \/ Kompozicioni:<\/strong> 120 mll; Seti ka 12 pjes\u00eb: 6x filxhan\u00eb, 6x pjat\u00ebza<\/p>\n<p style=\"text-align: left;\"><strong>NGJYRA:<\/strong> Me dizajn<\/p>\n<p style=\"text-align: left;\"><strong>MATERIALI:<\/strong> Porcelan<\/p>\n<p style=\"text-align: left;\"><strong>UDH\u00cbZIMET E P\u00cbRDORIMIT:<\/strong> T\u00eb pastrohet me dor\u00eb<\/p>\n<p style=\"text-align: left;\"><strong>KUSHTET E KTHIMIT \/ GARANCION:<\/strong> P\u00ebr k\u00ebt\u00eb produkt pranohet reklamacion brenda 24 or\u00ebve pasi t\u00eb pranoni porosin\u00eb.<\/p>\n<p style=\"text-align: left;\"><span style=\"color: #ffffff;\">3907489381913<\/span><\/p>\n<\/div>\n<p class=\"price\">\n<\/div>\n<\/div>\n<\/div>\n","protected":false},"featured_media":72884,"template":"","meta":[],"product_cat":[62,55,57],"product_tag":[],"_links":{"self":[{"href":"https:\/\/www.comoditahome.com\/al\/wp-json\/wp\/v2\/product\/72883"}],"collection":[{"href":"https:\/\/www.comoditahome.com\/al\/wp-json\/wp\/v2\/product"}],"about":[{"href":"https:\/\/www.comoditahome.com\/al\/wp-json\/wp\/v2\/types\/product"}],"version-history":[{"count":1,"href":"https:\/\/www.comoditahome.com\/al\/wp-json\/wp\/v2\/product\/72883\/revisions"}],"predecessor-version":[{"id":72888,"href":"https:\/\/www.comoditahome.com\/al\/wp-json\/wp\/v2\/product\/72883\/revisions\/72888"}],"wp:featuredmedia":[{"embeddable":true,"href":"https:\/\/www.comoditahome.com\/al\/wp-json\/wp\/v2\/media\/72884"}],"wp:attachment":[{"href":"https:\/\/www.comoditahome.com\/al\/wp-json\/wp\/v2\/media?parent=72883"}],"wp:term":[{"taxonomy":"product_cat","embeddable":true,"href":"https:\/\/www.comoditahome.com\/al\/wp-json\/wp\/v2\/product_cat?post=72883"},{"taxonomy":"product_tag","embeddable":true,"href":"https:\/\/www.comoditahome.com\/al\/wp-json\/wp\/v2\/product_tag?post=72883"}],"curies":[{"name":"wp","href":"https:\/\/api.w.org\/{rel}","templated":true}]}}