 {"id":72920,"date":"2024-05-11T12:28:04","date_gmt":"2024-05-11T10:28:04","guid":{"rendered":"https:\/\/www.comoditahome.com\/al\/?post_type=product&#038;p=72920"},"modified":"2026-04-23T09:00:46","modified_gmt":"2026-04-23T07:00:46","slug":"kellef-jasteku","status":"publish","type":"product","link":"https:\/\/www.comoditahome.com\/al\/product\/kellef-jasteku\/","title":{"rendered":"K\u00ebll\u00ebf jast\u00ebku"},"content":{"rendered":"","protected":false},"excerpt":{"rendered":"<p style=\"text-align: left;\">Dimensioni \/ Kompozicioni: 50x70cm<br \/>\nNGJYRA: Bardh\u00eb, Bezh\u00eb, Blu e hapur, Gri, Kafe e leht\u00eb, Pink e hapur<br \/>\nMATERIALI: 100% Pambuk<br \/>\nUDH\u00cbZIMET E P\u00cbRDORIMIT: N\u00eb makin\u00eb lar\u00ebse 40\u00b0C<br \/>\nKUSHTET E KTHIMIT \/ GARANCION: P\u00ebr shkak t\u00eb kontaktit me higjien\u00eb personale, p\u00ebr produktet e tekstilit nuk pranohen kthime apo reklamacione.<br \/>\n<span style=\"color: #ffffff;\">3907489170019 3907489170033 3907489170057 3907489170064 3907489170040 3907489170071 3907489170026<\/span><\/p>\n","protected":false},"featured_media":72928,"template":"","meta":[],"product_cat":[15],"product_tag":[],"_links":{"self":[{"href":"https:\/\/www.comoditahome.com\/al\/wp-json\/wp\/v2\/product\/72920"}],"collection":[{"href":"https:\/\/www.comoditahome.com\/al\/wp-json\/wp\/v2\/product"}],"about":[{"href":"https:\/\/www.comoditahome.com\/al\/wp-json\/wp\/v2\/types\/product"}],"version-history":[{"count":3,"href":"https:\/\/www.comoditahome.com\/al\/wp-json\/wp\/v2\/product\/72920\/revisions"}],"predecessor-version":[{"id":72931,"href":"https:\/\/www.comoditahome.com\/al\/wp-json\/wp\/v2\/product\/72920\/revisions\/72931"}],"wp:featuredmedia":[{"embeddable":true,"href":"https:\/\/www.comoditahome.com\/al\/wp-json\/wp\/v2\/media\/72928"}],"wp:attachment":[{"href":"https:\/\/www.comoditahome.com\/al\/wp-json\/wp\/v2\/media?parent=72920"}],"wp:term":[{"taxonomy":"product_cat","embeddable":true,"href":"https:\/\/www.comoditahome.com\/al\/wp-json\/wp\/v2\/product_cat?post=72920"},{"taxonomy":"product_tag","embeddable":true,"href":"https:\/\/www.comoditahome.com\/al\/wp-json\/wp\/v2\/product_tag?post=72920"}],"curies":[{"name":"wp","href":"https:\/\/api.w.org\/{rel}","templated":true}]}}