 {"id":72954,"date":"2024-05-11T12:37:39","date_gmt":"2024-05-11T10:37:39","guid":{"rendered":"https:\/\/www.comoditahome.com\/al\/?post_type=product&#038;p=72954"},"modified":"2026-05-07T09:34:29","modified_gmt":"2026-05-07T07:34:29","slug":"stol-kampingu-me-palojse","status":"publish","type":"product","link":"https:\/\/www.comoditahome.com\/al\/product\/stol-kampingu-me-palojse\/","title":{"rendered":"Stol kampingu me palojse"},"content":{"rendered":"","protected":false},"excerpt":{"rendered":"<div class=\"woocommerce-product-details__short-description\">\n<p style=\"text-align: left;\">Organizoni aktivitetet tuaja n\u00eb ambient t\u00eb hapur n\u00eb m\u00ebnyr\u00eb t\u00eb p\u00ebrkryer! P\u00ebrdorni stolin e kampingut q\u00eb t\u00eb krijoni komoditet p\u00ebr kat\u00ebr persona, n\u00eb t\u00eb gjitha aventurat tuaja t\u00eb natyr\u00ebs. Me nj\u00eb stuktur\u00eb t\u00eb ve\u00e7ant\u00eb t\u00eb punuar nga metali, ky stol dallohet p\u00ebr prakticitetin q\u00eb ka. Mekanizmi i tij palos\u00ebs e b\u00ebn\u00eb tejet t\u00eb thjesht t\u00eb bartet ngado me vete, dhe t\u00eb z\u00eb fare pak hap\u00ebsir\u00eb. Ul\u00ebset p\u00ebr nj\u00eb person mund t\u00eb mbajn\u00eb personat me pesh\u00eb deri 100kg., nd\u00ebrsa n\u00eb tavolina mund t\u00eb vendosni elemente deri n\u00eb 75kg.<\/p>\n<p style=\"text-align: left;\"><strong>Dimensioni \/ Kompozicioni:<\/strong> 86x65x66cm<br \/>\n<strong>NGJYRA:<\/strong> Hiri<br \/>\n<strong>MATERIALI:<\/strong> Metal<br \/>\n<strong>UDH\u00cbZIMET E P\u00cbRDORIMIT:<\/strong>\u00a0T\u00eb pastrohet me dor\u00eb<br \/>\n<strong>KUSHTET E KTHIMIT \/ GARANCION:<\/strong>\u00a0P\u00ebr k\u00ebt\u00eb produkt pranohet reklamacion brenda 24 or\u00ebve pasi t\u00eb pranoni porosin\u00eb.<br \/>\n<span style=\"color: #ffffff;\">3907489120496<\/span><\/p>\n<\/div>\n","protected":false},"featured_media":72955,"template":"","meta":[],"product_cat":[105,104,106],"product_tag":[],"_links":{"self":[{"href":"https:\/\/www.comoditahome.com\/al\/wp-json\/wp\/v2\/product\/72954"}],"collection":[{"href":"https:\/\/www.comoditahome.com\/al\/wp-json\/wp\/v2\/product"}],"about":[{"href":"https:\/\/www.comoditahome.com\/al\/wp-json\/wp\/v2\/types\/product"}],"version-history":[{"count":1,"href":"https:\/\/www.comoditahome.com\/al\/wp-json\/wp\/v2\/product\/72954\/revisions"}],"predecessor-version":[{"id":72964,"href":"https:\/\/www.comoditahome.com\/al\/wp-json\/wp\/v2\/product\/72954\/revisions\/72964"}],"wp:featuredmedia":[{"embeddable":true,"href":"https:\/\/www.comoditahome.com\/al\/wp-json\/wp\/v2\/media\/72955"}],"wp:attachment":[{"href":"https:\/\/www.comoditahome.com\/al\/wp-json\/wp\/v2\/media?parent=72954"}],"wp:term":[{"taxonomy":"product_cat","embeddable":true,"href":"https:\/\/www.comoditahome.com\/al\/wp-json\/wp\/v2\/product_cat?post=72954"},{"taxonomy":"product_tag","embeddable":true,"href":"https:\/\/www.comoditahome.com\/al\/wp-json\/wp\/v2\/product_tag?post=72954"}],"curies":[{"name":"wp","href":"https:\/\/api.w.org\/{rel}","templated":true}]}}