 {"id":72965,"date":"2024-05-11T12:43:46","date_gmt":"2024-05-11T10:43:46","guid":{"rendered":"https:\/\/www.comoditahome.com\/al\/?post_type=product&#038;p=72965"},"modified":"2026-03-20T13:55:59","modified_gmt":"2026-03-20T11:55:59","slug":"ore-muri-vintage-2","status":"publish","type":"product","link":"https:\/\/www.comoditahome.com\/al\/product\/ore-muri-vintage-2\/","title":{"rendered":"Or\u00eb muri Vintage"},"content":{"rendered":"","protected":false},"excerpt":{"rendered":"<p style=\"text-align: left;\">Or\u00eb muri ngjyr\u00eb t\u00eb zez\u00eb me nj\u00eb stil tejet unik q\u00eb hijeshon murin tuaj. P\u00ebrshtatet leht\u00ebsisht brenda sht\u00ebpis\u00eb, zyr\u00ebs apo dyqanit.<br \/>\n<strong>Dimensioni \/ Kompozicioni:<\/strong> 33.2\u00d733.2X4.1CM<br \/>\n<strong>NGJYRA:<\/strong> E zez\u00eb<br \/>\n<strong>MATERIALI:<\/strong> Plastik me xham<br \/>\n<strong>UDH\u00cbZIMET E P\u00cbRDORIMIT:<\/strong>\u00a0T\u00eb pastrohet me pastruese pluhuri<br \/>\n<strong>KUSHTET E KTHIMIT \/ GARANCION:<\/strong> P\u00ebr k\u00ebt\u00eb produkt pranohet reklamacion brenda 24 or\u00ebve pasi t\u00eb pranoni porosin\u00eb.<br \/>\n<span style=\"color: #ffffff;\">3907489180551 ora ore sahat<\/span><\/p>\n","protected":false},"featured_media":72966,"template":"","meta":[],"product_cat":[49,154],"product_tag":[],"_links":{"self":[{"href":"https:\/\/www.comoditahome.com\/al\/wp-json\/wp\/v2\/product\/72965"}],"collection":[{"href":"https:\/\/www.comoditahome.com\/al\/wp-json\/wp\/v2\/product"}],"about":[{"href":"https:\/\/www.comoditahome.com\/al\/wp-json\/wp\/v2\/types\/product"}],"version-history":[{"count":2,"href":"https:\/\/www.comoditahome.com\/al\/wp-json\/wp\/v2\/product\/72965\/revisions"}],"predecessor-version":[{"id":72971,"href":"https:\/\/www.comoditahome.com\/al\/wp-json\/wp\/v2\/product\/72965\/revisions\/72971"}],"wp:featuredmedia":[{"embeddable":true,"href":"https:\/\/www.comoditahome.com\/al\/wp-json\/wp\/v2\/media\/72966"}],"wp:attachment":[{"href":"https:\/\/www.comoditahome.com\/al\/wp-json\/wp\/v2\/media?parent=72965"}],"wp:term":[{"taxonomy":"product_cat","embeddable":true,"href":"https:\/\/www.comoditahome.com\/al\/wp-json\/wp\/v2\/product_cat?post=72965"},{"taxonomy":"product_tag","embeddable":true,"href":"https:\/\/www.comoditahome.com\/al\/wp-json\/wp\/v2\/product_tag?post=72965"}],"curies":[{"name":"wp","href":"https:\/\/api.w.org\/{rel}","templated":true}]}}