 {"id":72979,"date":"2021-05-11T12:47:04","date_gmt":"2021-05-11T10:47:04","guid":{"rendered":"https:\/\/www.comoditahome.com\/al\/?post_type=product&#038;p=72979"},"modified":"2026-04-23T09:00:46","modified_gmt":"2026-04-23T07:00:46","slug":"ore-muri-copper","status":"publish","type":"product","link":"https:\/\/www.comoditahome.com\/al\/product\/ore-muri-copper\/","title":{"rendered":"Or\u00eb muri Copper"},"content":{"rendered":"","protected":false},"excerpt":{"rendered":"<div class=\"woocommerce-product-details__short-description\">\n<p style=\"text-align: left;\">Or\u00eb muri ngjyr\u00eb t\u00eb zez\u00eb me nj\u00eb stil tejet modern q\u00eb hijeshon murin tuaj. P\u00ebrshtatet leht\u00ebsisht brenda sht\u00ebpis\u00eb, zyr\u00ebs apo dyqanit.<br \/>\n<strong>Dimensioni \/ Kompozicioni:<\/strong> 75x75x4CM<br \/>\n<strong>NGJYRA:<\/strong> E zez\u00eb<br \/>\n<strong>MATERIALI:<\/strong> Plastik me xham<br \/>\n<strong>UDH\u00cbZIMET E P\u00cbRDORIMIT:<\/strong>\u00a0T\u00eb pastrohet me pastruese pluhuri<br \/>\n<strong>KUSHTET E KTHIMIT \/ GARANCION:<\/strong> P\u00ebr k\u00ebt\u00eb produkt pranohet reklamacion brenda 24 or\u00ebve pasi t\u00eb pranoni porosin\u00eb.<br \/>\n<span style=\"color: #ffffff;\">3907489180650 ora ore sahat<\/span><br \/>\n<del aria-hidden=\"true\"><bdi><\/bdi><\/del><\/p>\n<\/div>\n","protected":false},"featured_media":72980,"template":"","meta":[],"product_cat":[49,154],"product_tag":[],"_links":{"self":[{"href":"https:\/\/www.comoditahome.com\/al\/wp-json\/wp\/v2\/product\/72979"}],"collection":[{"href":"https:\/\/www.comoditahome.com\/al\/wp-json\/wp\/v2\/product"}],"about":[{"href":"https:\/\/www.comoditahome.com\/al\/wp-json\/wp\/v2\/types\/product"}],"version-history":[{"count":1,"href":"https:\/\/www.comoditahome.com\/al\/wp-json\/wp\/v2\/product\/72979\/revisions"}],"predecessor-version":[{"id":72984,"href":"https:\/\/www.comoditahome.com\/al\/wp-json\/wp\/v2\/product\/72979\/revisions\/72984"}],"wp:featuredmedia":[{"embeddable":true,"href":"https:\/\/www.comoditahome.com\/al\/wp-json\/wp\/v2\/media\/72980"}],"wp:attachment":[{"href":"https:\/\/www.comoditahome.com\/al\/wp-json\/wp\/v2\/media?parent=72979"}],"wp:term":[{"taxonomy":"product_cat","embeddable":true,"href":"https:\/\/www.comoditahome.com\/al\/wp-json\/wp\/v2\/product_cat?post=72979"},{"taxonomy":"product_tag","embeddable":true,"href":"https:\/\/www.comoditahome.com\/al\/wp-json\/wp\/v2\/product_tag?post=72979"}],"curies":[{"name":"wp","href":"https:\/\/api.w.org\/{rel}","templated":true}]}}