 {"id":73028,"date":"2024-05-20T09:52:35","date_gmt":"2024-05-20T07:52:35","guid":{"rendered":"https:\/\/www.comoditahome.com\/al\/?post_type=product&#038;p=73028"},"modified":"2026-03-02T09:11:52","modified_gmt":"2026-03-02T07:11:52","slug":"tigan-per-krepa-recipe","status":"publish","type":"product","link":"https:\/\/www.comoditahome.com\/al\/product\/tigan-per-krepa-recipe\/","title":{"rendered":"Tigan p\u00ebr krepa Recipe"},"content":{"rendered":"","protected":false},"excerpt":{"rendered":"<div class=\"woocommerce-product-details__short-description\">\n<p style=\"text-align: left;\">Tigani p\u00ebr krepa Recipe ka nj\u00eb sip\u00ebrfaqe t\u00eb shesht\u00eb q\u00eb e b\u00ebn\u00eb pjekjen e pallaqinkave tuaja shpejt dhe shijsh\u00ebm. Doreza e tij dhe modeli me form\u00eb t\u00eb rrumbullak\u00ebt e b\u00ebn\u00eb q\u00eb tigani t\u00eb jet\u00eb i leht\u00eb p\u00ebr t\u2019u p\u00ebrdorur dhe p\u00ebr t\u2019u pastruar. Tigani shpr\u00ebndan nxeht\u00ebsin\u00eb nj\u00eblloj n\u00eb t\u00eb gjith\u00eb sip\u00ebrfaqen.<\/p>\n<p style=\"text-align: left;\"><strong>Dimensioni \/ Kompozicioni:<\/strong> 25cm.<\/p>\n<p style=\"text-align: left;\"><strong>NGJYRA:<\/strong> Portokalle<\/p>\n<p style=\"text-align: left;\"><strong>MATERIALI:<\/strong> Gur\u00eb<\/p>\n<p style=\"text-align: left;\"><strong>UDH\u00cbZIMET E P\u00cbRDORIMIT:<\/strong> T\u00eb pastrohet me Dor\u00eb<\/p>\n<p style=\"text-align: left;\"><strong>KUSHTET E KTHIMIT \/ GARANCION: <\/strong>P\u00ebr k\u00ebt\u00eb produkt pranohet reklamacion brenda 24 or\u00ebve pasi t\u00eb pranoni porosin\u00eb.<br \/>\n<span style=\"color: #ffffff;\">8003703180774 fertere filtere<\/span><\/p>\n<\/div>\n","protected":false},"featured_media":73029,"template":"","meta":[],"product_cat":[56,55],"product_tag":[],"_links":{"self":[{"href":"https:\/\/www.comoditahome.com\/al\/wp-json\/wp\/v2\/product\/73028"}],"collection":[{"href":"https:\/\/www.comoditahome.com\/al\/wp-json\/wp\/v2\/product"}],"about":[{"href":"https:\/\/www.comoditahome.com\/al\/wp-json\/wp\/v2\/types\/product"}],"version-history":[{"count":1,"href":"https:\/\/www.comoditahome.com\/al\/wp-json\/wp\/v2\/product\/73028\/revisions"}],"predecessor-version":[{"id":73032,"href":"https:\/\/www.comoditahome.com\/al\/wp-json\/wp\/v2\/product\/73028\/revisions\/73032"}],"wp:featuredmedia":[{"embeddable":true,"href":"https:\/\/www.comoditahome.com\/al\/wp-json\/wp\/v2\/media\/73029"}],"wp:attachment":[{"href":"https:\/\/www.comoditahome.com\/al\/wp-json\/wp\/v2\/media?parent=73028"}],"wp:term":[{"taxonomy":"product_cat","embeddable":true,"href":"https:\/\/www.comoditahome.com\/al\/wp-json\/wp\/v2\/product_cat?post=73028"},{"taxonomy":"product_tag","embeddable":true,"href":"https:\/\/www.comoditahome.com\/al\/wp-json\/wp\/v2\/product_tag?post=73028"}],"curies":[{"name":"wp","href":"https:\/\/api.w.org\/{rel}","templated":true}]}}