 {"id":73734,"date":"2024-05-23T11:46:08","date_gmt":"2024-05-23T09:46:08","guid":{"rendered":"https:\/\/www.comoditahome.com\/al\/?post_type=product&#038;p=73734"},"modified":"2026-04-23T09:00:47","modified_gmt":"2026-04-23T07:00:47","slug":"batanije-soft-touch-per-dy-persona-7","status":"publish","type":"product","link":"https:\/\/www.comoditahome.com\/al\/product\/batanije-soft-touch-per-dy-persona-7\/","title":{"rendered":"Batanije Soft Touch p\u00ebr dy p\u00ebrsona"},"content":{"rendered":"","protected":false},"excerpt":{"rendered":"<div class=\"woocommerce-product-details__short-description\">\n<p>Batanija Soft Touch \u00ebsht\u00eb e qepur n\u00eb nj\u00eb ngjyr\u00eb t\u00eb hijshme, me nj\u00eb material i but\u00eb me tekstur\u00eb tejet t\u00eb k\u00ebndshme n\u00eb prekje, gj\u00eb \u00e7ka ju b\u00ebn\u00eb t\u00eb ndiheni rehatsh\u00ebm kur mb\u00ebshtilleni me t\u00eb.<\/p>\n<p><strong>Dimensioni \/ Kompozicioni:<\/strong>200x200cm<\/p>\n<p><strong>NGJYRA:<\/strong> Me dizajn<\/p>\n<p><strong>MATERIALI:<\/strong> Poliester<\/p>\n<p><strong>UDH\u00cbZIMET E P\u00cbRDORIMIT:<\/strong> N\u00eb makin\u00eb lar\u00ebse 30\u00b0C<\/p>\n<p><strong>KUSHTET E KTHIMIT \/ GARANCION:<\/strong> P\u00ebr shkak t\u00eb kontaktit me higjien\u00eb personale, p\u00ebr produktet e tekstilit nuk pranohen kthime apo reklamacione.<br \/>\n<span style=\"color: #ffffff;\">3907489384456 plaf qebe cebe<\/span><\/p>\n<\/div>\n","protected":false},"featured_media":72013,"template":"","meta":[],"product_cat":[199,74,49,51],"product_tag":[],"_links":{"self":[{"href":"https:\/\/www.comoditahome.com\/al\/wp-json\/wp\/v2\/product\/73734"}],"collection":[{"href":"https:\/\/www.comoditahome.com\/al\/wp-json\/wp\/v2\/product"}],"about":[{"href":"https:\/\/www.comoditahome.com\/al\/wp-json\/wp\/v2\/types\/product"}],"version-history":[{"count":2,"href":"https:\/\/www.comoditahome.com\/al\/wp-json\/wp\/v2\/product\/73734\/revisions"}],"predecessor-version":[{"id":84897,"href":"https:\/\/www.comoditahome.com\/al\/wp-json\/wp\/v2\/product\/73734\/revisions\/84897"}],"wp:featuredmedia":[{"embeddable":true,"href":"https:\/\/www.comoditahome.com\/al\/wp-json\/wp\/v2\/media\/72013"}],"wp:attachment":[{"href":"https:\/\/www.comoditahome.com\/al\/wp-json\/wp\/v2\/media?parent=73734"}],"wp:term":[{"taxonomy":"product_cat","embeddable":true,"href":"https:\/\/www.comoditahome.com\/al\/wp-json\/wp\/v2\/product_cat?post=73734"},{"taxonomy":"product_tag","embeddable":true,"href":"https:\/\/www.comoditahome.com\/al\/wp-json\/wp\/v2\/product_tag?post=73734"}],"curies":[{"name":"wp","href":"https:\/\/api.w.org\/{rel}","templated":true}]}}