 {"id":74529,"date":"2024-07-09T09:03:36","date_gmt":"2024-07-09T07:03:36","guid":{"rendered":"https:\/\/www.comoditahome.com\/al\/?post_type=product&#038;p=74529"},"modified":"2026-03-02T09:11:52","modified_gmt":"2026-03-02T07:11:52","slug":"jastek-butterfly","status":"publish","type":"product","link":"https:\/\/www.comoditahome.com\/al\/product\/jastek-butterfly\/","title":{"rendered":"Jast\u00ebk Butterfly"},"content":{"rendered":"","protected":false},"excerpt":{"rendered":"<div class=\"woocommerce-product-details__short-description\">\n<div class=\"woocommerce-product-details__short-description\">\n<p style=\"text-align: left;\">Jast\u00ebku Butterfly, ka form\u00ebn e flutur\u00ebs dhe ka p\u00ebrb\u00ebrje t\u00eb shkum\u00ebs Memory t\u00eb cop\u00ebtuar. Pjesa e sip\u00ebrme \u00ebsht\u00eb material iCool\/ i ftoht\u00eb, nd\u00ebrsa pjesa e poshtme e jast\u00ebkut \u00ebsht\u00eb material prej pelushi, q\u00eb e b\u00ebn t\u00eb p\u00ebrdorsh\u00ebm p\u00ebr t\u00eb gjitha stin\u00ebt. Ky jast\u00ebk p\u00ebrshtatet n\u00eb m\u00ebnyr\u00eb t\u00eb p\u00ebrkryer me form\u00ebn e trupit, mb\u00ebshtet qaf\u00ebn e kok\u00ebs dhe shpin\u00ebn. Mbulesa e jast\u00ebkut mund t\u00eb hiqet dhe t\u00eb lahet.<\/p>\n<p style=\"text-align: left;\"><strong>Dimensioni \/ Kompozicioni:<\/strong> 40x50x16cm<\/p>\n<p style=\"text-align: left;\"><strong>NGJYRA:<\/strong> Bardh\u00eb, kalt\u00ebr<\/p>\n<p style=\"text-align: left;\"><strong>MATERIALI:<\/strong> Shkum\u00eb Memory e cop\u00ebtuar<\/p>\n<p style=\"text-align: left;\"><strong>UDH\u00cbZIMET E P\u00cbRDORIMIT:<\/strong> Jast\u00ebku nuk pastrohet, vet\u00ebm ajroset.<\/p>\n<p style=\"text-align: left;\"><strong>KUSHTET E KTHIMIT \/ GARANCION:<\/strong> P\u00ebr shkak t\u00eb kontaktit me higjien\u00eb personale, p\u00ebr produktet e tekstilit nuk pranohen kthime apo reklamacione.<br \/>\n<span style=\"color: #ffffff;\">3907489380647 jastyk jastek jostyk jostak<\/span><\/p>\n<\/div>\n<\/div>\n","protected":false},"featured_media":74530,"template":"","meta":[],"product_cat":[51,76],"product_tag":[],"_links":{"self":[{"href":"https:\/\/www.comoditahome.com\/al\/wp-json\/wp\/v2\/product\/74529"}],"collection":[{"href":"https:\/\/www.comoditahome.com\/al\/wp-json\/wp\/v2\/product"}],"about":[{"href":"https:\/\/www.comoditahome.com\/al\/wp-json\/wp\/v2\/types\/product"}],"version-history":[{"count":3,"href":"https:\/\/www.comoditahome.com\/al\/wp-json\/wp\/v2\/product\/74529\/revisions"}],"predecessor-version":[{"id":74546,"href":"https:\/\/www.comoditahome.com\/al\/wp-json\/wp\/v2\/product\/74529\/revisions\/74546"}],"wp:featuredmedia":[{"embeddable":true,"href":"https:\/\/www.comoditahome.com\/al\/wp-json\/wp\/v2\/media\/74530"}],"wp:attachment":[{"href":"https:\/\/www.comoditahome.com\/al\/wp-json\/wp\/v2\/media?parent=74529"}],"wp:term":[{"taxonomy":"product_cat","embeddable":true,"href":"https:\/\/www.comoditahome.com\/al\/wp-json\/wp\/v2\/product_cat?post=74529"},{"taxonomy":"product_tag","embeddable":true,"href":"https:\/\/www.comoditahome.com\/al\/wp-json\/wp\/v2\/product_tag?post=74529"}],"curies":[{"name":"wp","href":"https:\/\/api.w.org\/{rel}","templated":true}]}}