 {"id":74537,"date":"2024-07-09T09:15:53","date_gmt":"2024-07-09T07:15:53","guid":{"rendered":"https:\/\/www.comoditahome.com\/al\/?post_type=product&#038;p=74537"},"modified":"2026-03-25T09:33:35","modified_gmt":"2026-03-25T07:33:35","slug":"jastek-shredded-memory","status":"publish","type":"product","link":"https:\/\/www.comoditahome.com\/al\/product\/jastek-shredded-memory\/","title":{"rendered":"Jast\u00ebk Shredded Memory"},"content":{"rendered":"","protected":false},"excerpt":{"rendered":"<div class=\"woocommerce-product-details__short-description\">\n<div class=\"woocommerce-product-details__short-description\">\n<div class=\"woocommerce-product-details__short-description\">\n<p style=\"text-align: left;\">\u201cNdjeni but\u00ebsin\u00eb dhe freskin\u00eb e jast\u00ebkut Memory. Ky jast\u00ebk ka p\u00ebrb\u00ebrje t\u00eb shkum\u00ebs Memory t\u00eb cop\u00ebtuar dhe \u00ebsht\u00eb i rafinuar n\u00eb nj\u00eb kontur\u00eb ergonomike q\u00eb ofron mb\u00ebshtetje optimale e natyrale t\u00eb kok\u00ebs, qaf\u00ebs dhe fillimshpin\u00ebs. Jast\u00ebku \u00ebsht\u00eb i mbushur dhe ka q\u00ebndrueshm\u00ebri t\u00eb mjaftueshme q\u00eb nuk do t\u00eb lejoj\u00eb q\u00eb t\u00eb rrafshohet kur nd\u00ebrroni pozicionin gjat\u00eb gjumit. Mbulesa e jast\u00ebkut mund t\u00eb hiqet dhe t\u00eb lahet.<\/p>\n<p style=\"text-align: left;\"><strong>Dimensioni \/ Kompozicioni:<\/strong> 50x60cm<\/p>\n<p style=\"text-align: left;\"><strong>NGJYRA:<\/strong> Bardh\u00eb, portokall<\/p>\n<p style=\"text-align: left;\"><strong>MATERIALI:<\/strong> Shkum\u00eb Memory e cop\u00ebtuar<\/p>\n<p style=\"text-align: left;\"><strong>UDH\u00cbZIMET E P\u00cbRDORIMIT:<\/strong> Nuk pastrohet, vet\u00ebm ajroset.<\/p>\n<p style=\"text-align: left;\"><strong>KUSHTET E KTHIMIT \/ GARANCION:<\/strong> P\u00ebr shkak t\u00eb kontaktit me higjien\u00eb personale, p\u00ebr produktet e tekstilit nuk pranohen kthime apo reklamacione.<br \/>\n<span style=\"color: #ffffff;\">3905710920501 jastyk jastek jostyk jostak<\/span><\/p>\n<\/div>\n<\/div>\n<\/div>\n","protected":false},"featured_media":74538,"template":"","meta":[],"product_cat":[51,76],"product_tag":[],"_links":{"self":[{"href":"https:\/\/www.comoditahome.com\/al\/wp-json\/wp\/v2\/product\/74537"}],"collection":[{"href":"https:\/\/www.comoditahome.com\/al\/wp-json\/wp\/v2\/product"}],"about":[{"href":"https:\/\/www.comoditahome.com\/al\/wp-json\/wp\/v2\/types\/product"}],"version-history":[{"count":2,"href":"https:\/\/www.comoditahome.com\/al\/wp-json\/wp\/v2\/product\/74537\/revisions"}],"predecessor-version":[{"id":74545,"href":"https:\/\/www.comoditahome.com\/al\/wp-json\/wp\/v2\/product\/74537\/revisions\/74545"}],"wp:featuredmedia":[{"embeddable":true,"href":"https:\/\/www.comoditahome.com\/al\/wp-json\/wp\/v2\/media\/74538"}],"wp:attachment":[{"href":"https:\/\/www.comoditahome.com\/al\/wp-json\/wp\/v2\/media?parent=74537"}],"wp:term":[{"taxonomy":"product_cat","embeddable":true,"href":"https:\/\/www.comoditahome.com\/al\/wp-json\/wp\/v2\/product_cat?post=74537"},{"taxonomy":"product_tag","embeddable":true,"href":"https:\/\/www.comoditahome.com\/al\/wp-json\/wp\/v2\/product_tag?post=74537"}],"curies":[{"name":"wp","href":"https:\/\/api.w.org\/{rel}","templated":true}]}}