 {"id":75242,"date":"2024-08-24T09:07:48","date_gmt":"2024-08-24T07:07:48","guid":{"rendered":"https:\/\/www.comoditahome.com\/al\/?post_type=product&#038;p=75242"},"modified":"2026-04-23T09:00:48","modified_gmt":"2026-04-23T07:00:48","slug":"set-gotash-brillante","status":"publish","type":"product","link":"https:\/\/www.comoditahome.com\/al\/product\/set-gotash-brillante\/","title":{"rendered":"Set gotash Brillante"},"content":{"rendered":"","protected":false},"excerpt":{"rendered":"<div class=\"woocommerce-product-details__short-description\">\n<div class=\"woocommerce-product-details__short-description\">\n<div class=\"woocommerce-product-details__short-description\" style=\"text-align: left;\">\n<p>Seti i gotave p\u00ebr pije Brillante p\u00ebrb\u00ebhet nga 6 copa dhe vjen n\u00eb form\u00eb klasike dhe me ngjyr\u00eb transparente. P\u00ebrb\u00ebhen nga materiali i qelqit t\u00eb past\u00ebr, q\u00eb njihen p\u00ebr q\u00ebndrueshm\u00ebri t\u00eb lart\u00eb ndaj thyerjes apo krisjes. Pijet tuaja t\u00eb preferuara, lezetsh\u00ebm pihen nga kjo got\u00eb.<\/p>\n<p><strong>Dimensioni \/ Kompozicioni:<\/strong> Seti ka 6 cop\u00eb, 340ml.<\/p>\n<p><strong>NGJYRA:<\/strong> Transparente<\/p>\n<p><strong>MATERIALI:<\/strong> Xham<\/p>\n<p><strong>UDH\u00cbZIMET E P\u00cbRDORIMIT:<\/strong> T\u00eb pastrohet me Dor\u00eb<\/p>\n<p><strong>KUSHTET E KTHIMIT \/ GARANCION:<\/strong> P\u00ebr k\u00ebt\u00eb produkt pranohet reklamacion brenda 24 or\u00ebve pasi t\u00eb pranoni porosin\u00eb.<br \/>\n<span style=\"color: #ffffff;\">8007815267200 gastare gota<\/span><\/p>\n<\/div>\n<\/div>\n<\/div>\n","protected":false},"featured_media":75243,"template":"","meta":[],"product_cat":[15,95,57],"product_tag":[],"_links":{"self":[{"href":"https:\/\/www.comoditahome.com\/al\/wp-json\/wp\/v2\/product\/75242"}],"collection":[{"href":"https:\/\/www.comoditahome.com\/al\/wp-json\/wp\/v2\/product"}],"about":[{"href":"https:\/\/www.comoditahome.com\/al\/wp-json\/wp\/v2\/types\/product"}],"version-history":[{"count":3,"href":"https:\/\/www.comoditahome.com\/al\/wp-json\/wp\/v2\/product\/75242\/revisions"}],"predecessor-version":[{"id":75256,"href":"https:\/\/www.comoditahome.com\/al\/wp-json\/wp\/v2\/product\/75242\/revisions\/75256"}],"wp:featuredmedia":[{"embeddable":true,"href":"https:\/\/www.comoditahome.com\/al\/wp-json\/wp\/v2\/media\/75243"}],"wp:attachment":[{"href":"https:\/\/www.comoditahome.com\/al\/wp-json\/wp\/v2\/media?parent=75242"}],"wp:term":[{"taxonomy":"product_cat","embeddable":true,"href":"https:\/\/www.comoditahome.com\/al\/wp-json\/wp\/v2\/product_cat?post=75242"},{"taxonomy":"product_tag","embeddable":true,"href":"https:\/\/www.comoditahome.com\/al\/wp-json\/wp\/v2\/product_tag?post=75242"}],"curies":[{"name":"wp","href":"https:\/\/api.w.org\/{rel}","templated":true}]}}