 {"id":75258,"date":"2024-08-24T12:13:59","date_gmt":"2024-08-24T10:13:59","guid":{"rendered":"https:\/\/www.comoditahome.com\/al\/?post_type=product&#038;p=75258"},"modified":"2026-03-04T12:41:05","modified_gmt":"2026-03-04T10:41:05","slug":"cante-kozmetike-regent-5","status":"publish","type":"product","link":"https:\/\/www.comoditahome.com\/al\/product\/cante-kozmetike-regent-5\/","title":{"rendered":"\u00c7ant\u00eb kozmetike Regent"},"content":{"rendered":"","protected":false},"excerpt":{"rendered":"<p style=\"text-align: left;\">\u00c7anta e kozmetik\u00ebs Regent vjen n\u00eb ngjyr\u00eb dhe model unik. \u00cbsht\u00eb elemnti i cili kompleton m\u00eb s\u00eb miri setin tuaj t\u00eb udh\u00ebtimit. Dallohet p\u00ebr materialin e q\u00ebndruesh\u00ebm q\u00eb \u00ebsht\u00eb testuar p\u00ebr t&#8217;i rezistuar sfidave t\u00eb udh\u00ebtimeve t\u00eb shpeshta. \u00c7anta hapet dhe mbyllet me zingjir me q\u00ebndrueshm\u00ebri t\u00eb lart\u00eb dhe doreza ergonomike p\u00ebr p\u00ebrdorim t\u00eb leht\u00eb. Pjesa e saj e jashtme \u00ebsht\u00eb e p\u00ebrforcuar dhe rezistente ndaj g\u00ebrvishtjeve, nd\u00ebrsa p\u00ebrbrenda, valixhja mban gj\u00ebsendet t\u00eb sigurta nga lag\u00ebshtia.<br \/>\n<strong>Dimensioni \/ Kompozicioni: 29x23x13cm\u00a0<\/strong><br \/>\n<strong>NGJYRA:<\/strong> E kalt\u00ebr<br \/>\n<strong>MATERIALI:<\/strong> Plastik\u00eb<br \/>\n<strong>UDH\u00cbZIMET E P\u00cbRDORIMIT:<\/strong>\u00a0T\u00eb pastrohet me dor\u00eb<br \/>\n<strong>KUSHTET E KTHIMIT \/ GARANCION:<\/strong> P\u00ebr k\u00ebt\u00eb produkt pranohet reklamacion brenda 24 or\u00ebve pasi t\u00eb pranoni porosin\u00eb.<\/p>\n<p>&nbsp;<\/p>\n<p><span style=\"color: #ffffff;\">3907489170552<\/span><\/p>\n","protected":false},"featured_media":75259,"template":"","meta":[],"product_cat":[88,89],"product_tag":[],"_links":{"self":[{"href":"https:\/\/www.comoditahome.com\/al\/wp-json\/wp\/v2\/product\/75258"}],"collection":[{"href":"https:\/\/www.comoditahome.com\/al\/wp-json\/wp\/v2\/product"}],"about":[{"href":"https:\/\/www.comoditahome.com\/al\/wp-json\/wp\/v2\/types\/product"}],"version-history":[{"count":3,"href":"https:\/\/www.comoditahome.com\/al\/wp-json\/wp\/v2\/product\/75258\/revisions"}],"predecessor-version":[{"id":75390,"href":"https:\/\/www.comoditahome.com\/al\/wp-json\/wp\/v2\/product\/75258\/revisions\/75390"}],"wp:featuredmedia":[{"embeddable":true,"href":"https:\/\/www.comoditahome.com\/al\/wp-json\/wp\/v2\/media\/75259"}],"wp:attachment":[{"href":"https:\/\/www.comoditahome.com\/al\/wp-json\/wp\/v2\/media?parent=75258"}],"wp:term":[{"taxonomy":"product_cat","embeddable":true,"href":"https:\/\/www.comoditahome.com\/al\/wp-json\/wp\/v2\/product_cat?post=75258"},{"taxonomy":"product_tag","embeddable":true,"href":"https:\/\/www.comoditahome.com\/al\/wp-json\/wp\/v2\/product_tag?post=75258"}],"curies":[{"name":"wp","href":"https:\/\/api.w.org\/{rel}","templated":true}]}}