 {"id":75340,"date":"2024-08-30T12:23:33","date_gmt":"2024-08-30T10:23:33","guid":{"rendered":"https:\/\/www.comoditahome.com\/al\/?post_type=product&#038;p=75340"},"modified":"2026-04-09T11:55:16","modified_gmt":"2026-04-09T09:55:16","slug":"set-carcafesh-aria-per-nje-person","status":"publish","type":"product","link":"https:\/\/www.comoditahome.com\/al\/product\/set-carcafesh-aria-per-nje-person\/","title":{"rendered":"Set \u00e7ar\u00e7af\u00ebsh Aria p\u00ebr nj\u00eb person"},"content":{"rendered":"","protected":false},"excerpt":{"rendered":"<p style=\"text-align: left;\">Kur minimalizmi dhe eleganca bashkohen, krijohet ky set \u00e7ar\u00e7af\u00ebsh. Ky set ofron nj\u00eb ndjesi t\u00eb past\u00ebrtis\u00eb dhe qet\u00ebsis\u00eb, duke ju dhuruar nj\u00eb gjum\u00eb t\u00eb rehatsh\u00ebm \u00e7do nat\u00eb.<br \/>\n<strong>Dimensioni \/ Kompozicioni:<\/strong> Set me 3 pjes\u00eb: 1x \u00e7ar\u00e7af i sip\u00ebrm 160x220cm, 1x \u00e7ar\u00e7af i dyshekut 160x240cm, 1x k\u00ebll\u00ebf jast\u00ebku 50x70cm<br \/>\n<strong>NGJYRA:<\/strong><br \/>\n<strong>MATERIALI:<\/strong> 100% Pambuk, Perkale<br \/>\n<strong>UDH\u00cbZIMET E P\u00cbRDORIMIT:<\/strong> N\u00eb makin\u00eb lar\u00ebse 30\u00b0C<br \/>\n<strong>KUSHTET E KTHIMIT \/ GARANCION:<\/strong>\u00a0P\u00ebr shkak t\u00eb kontaktit me higjien\u00eb personale, p\u00ebr produktet e tekstilit nuk pranohen kthime apo reklamacione.<\/p>\n<p><span style=\"color: #ffffff;\">3907489384173<\/span><\/p>\n","protected":false},"featured_media":75341,"template":"","meta":[],"product_cat":[51,52],"product_tag":[],"_links":{"self":[{"href":"https:\/\/www.comoditahome.com\/al\/wp-json\/wp\/v2\/product\/75340"}],"collection":[{"href":"https:\/\/www.comoditahome.com\/al\/wp-json\/wp\/v2\/product"}],"about":[{"href":"https:\/\/www.comoditahome.com\/al\/wp-json\/wp\/v2\/types\/product"}],"version-history":[{"count":2,"href":"https:\/\/www.comoditahome.com\/al\/wp-json\/wp\/v2\/product\/75340\/revisions"}],"predecessor-version":[{"id":75345,"href":"https:\/\/www.comoditahome.com\/al\/wp-json\/wp\/v2\/product\/75340\/revisions\/75345"}],"wp:featuredmedia":[{"embeddable":true,"href":"https:\/\/www.comoditahome.com\/al\/wp-json\/wp\/v2\/media\/75341"}],"wp:attachment":[{"href":"https:\/\/www.comoditahome.com\/al\/wp-json\/wp\/v2\/media?parent=75340"}],"wp:term":[{"taxonomy":"product_cat","embeddable":true,"href":"https:\/\/www.comoditahome.com\/al\/wp-json\/wp\/v2\/product_cat?post=75340"},{"taxonomy":"product_tag","embeddable":true,"href":"https:\/\/www.comoditahome.com\/al\/wp-json\/wp\/v2\/product_tag?post=75340"}],"curies":[{"name":"wp","href":"https:\/\/api.w.org\/{rel}","templated":true}]}}