 {"id":82209,"date":"2024-11-05T10:27:48","date_gmt":"2024-11-05T08:27:48","guid":{"rendered":"https:\/\/www.comoditahome.com\/al\/?post_type=product&#038;p=82209"},"modified":"2026-04-09T11:55:17","modified_gmt":"2026-04-09T09:55:17","slug":"prince-kafe-turke-100gr","status":"publish","type":"product","link":"https:\/\/www.comoditahome.com\/al\/product\/prince-kafe-turke-100gr\/","title":{"rendered":"Prince kafe turke 100gr"},"content":{"rendered":"","protected":false},"excerpt":{"rendered":"<div class=\"woocommerce-product-details__short-description\">\n<div class=\"woocommerce-product-details__short-description\">\n<p style=\"text-align: left;\">Prince kafe turke nj\u00eb p\u00ebrzierje e kokrrave origjinale dhe t\u00eb p\u00ebrzgjedhura t\u00eb kafes\u00eb, n\u00eb p\u00ebrputhje me recetat unike dhe t\u00eb dizajnuara p\u00ebr ata q\u00eb d\u00ebshirojn\u00eb shijen e fort\u00eb dhe tradicionale t\u00eb kafes\u00eb, t\u00eb zez\u00eb me krem \u200b\u200bt\u00eb shijsh\u00ebm.<\/p>\n<p style=\"text-align: left;\"><strong>Dimensioni \/ Kompozicioni:<\/strong> 100 gram<\/p>\n<p style=\"text-align: left;\"><strong>NGJYRA:<\/strong> Me dizajn<\/p>\n<p style=\"text-align: left;\"><strong>P\u00cbRMBAJTJA:<\/strong> Kafe<\/p>\n<p style=\"text-align: left;\"><strong>UDH\u00cbZIMET E P\u00cbRDORIMIT:<\/strong>\u00a0 T\u00eb q\u00ebndroj n\u00eb ambient t\u00eb mbrojtur nga lag\u00ebshtia<\/p>\n<p style=\"text-align: left;\"><strong>KUSHTET E KTHIMIT \/ GARANCION:<\/strong> P\u00ebr k\u00ebt\u00eb produkt pranohet reklamacion brenda 24 or\u00ebve pasi t\u00eb pranoni porosin\u00eb.<br \/>\n<span class=\"sku_wrapper\" style=\"color: #ffffff;\"><span class=\"sku\">3904750980469<\/span><\/span><\/p>\n<\/div>\n<\/div>\n","protected":false},"featured_media":82210,"template":"","meta":[],"product_cat":[157],"product_tag":[],"_links":{"self":[{"href":"https:\/\/www.comoditahome.com\/al\/wp-json\/wp\/v2\/product\/82209"}],"collection":[{"href":"https:\/\/www.comoditahome.com\/al\/wp-json\/wp\/v2\/product"}],"about":[{"href":"https:\/\/www.comoditahome.com\/al\/wp-json\/wp\/v2\/types\/product"}],"version-history":[{"count":1,"href":"https:\/\/www.comoditahome.com\/al\/wp-json\/wp\/v2\/product\/82209\/revisions"}],"predecessor-version":[{"id":82212,"href":"https:\/\/www.comoditahome.com\/al\/wp-json\/wp\/v2\/product\/82209\/revisions\/82212"}],"wp:featuredmedia":[{"embeddable":true,"href":"https:\/\/www.comoditahome.com\/al\/wp-json\/wp\/v2\/media\/82210"}],"wp:attachment":[{"href":"https:\/\/www.comoditahome.com\/al\/wp-json\/wp\/v2\/media?parent=82209"}],"wp:term":[{"taxonomy":"product_cat","embeddable":true,"href":"https:\/\/www.comoditahome.com\/al\/wp-json\/wp\/v2\/product_cat?post=82209"},{"taxonomy":"product_tag","embeddable":true,"href":"https:\/\/www.comoditahome.com\/al\/wp-json\/wp\/v2\/product_tag?post=82209"}],"curies":[{"name":"wp","href":"https:\/\/api.w.org\/{rel}","templated":true}]}}