 {"id":82550,"date":"2024-11-19T10:04:37","date_gmt":"2024-11-19T08:04:37","guid":{"rendered":"https:\/\/www.comoditahome.com\/al\/?post_type=product&#038;p=82550"},"modified":"2026-03-02T09:11:54","modified_gmt":"2026-03-02T07:11:54","slug":"derrase-per-prerje-akacia-48x28x3cm","status":"publish","type":"product","link":"https:\/\/www.comoditahome.com\/al\/product\/derrase-per-prerje-akacia-48x28x3cm\/","title":{"rendered":"D\u00ebrras\u00eb p\u00ebr prerje Akacia 48x28x3cm"},"content":{"rendered":"","protected":false},"excerpt":{"rendered":"<div class=\"woocommerce-product-details__short-description\">\n<p style=\"text-align: left;\">Sillni eleganc\u00ebn natyrale n\u00eb kuzhin\u00ebn tuaj me d\u00ebrras\u00ebn p\u00ebr prerje nga druri Akacia, t\u00eb dizajnuara p\u00ebr t\u00eb kombinuar stilin dhe funksionalitetin. Mbajt\u00ebsja metalike e q\u00ebndrueshme i jep edhe m\u00eb shum\u00eb stil. D\u00ebrrasa mund t\u00eb p\u00ebrdoret leht\u00ebsisht edhe p\u00ebr servimin e ushqimeve dhe jan\u00eb detaji i p\u00ebrkryer q\u00eb shton nj\u00eb prekje luksi n\u00eb \u00e7do ambient.<\/p>\n<p style=\"text-align: left;\"><strong>Dimensioni \/ Kompozicioni:<\/strong> 48x28x3CM<\/p>\n<p style=\"text-align: left;\"><strong>NGJYRA:<\/strong> E kaft\u00eb<\/p>\n<p style=\"text-align: left;\"><strong>MATERIALI:<\/strong> Dru<\/p>\n<p style=\"text-align: left;\"><strong>UDH\u00cbZIMET E P\u00cbRDORIMIT:<\/strong> T\u00eb pastrohet me Dor\u00eb<\/p>\n<p style=\"text-align: left;\"><strong>KUSHTET E KTHIMIT \/ GARANCION:<\/strong>P\u00ebr k\u00ebt\u00eb produkt pranohet reklamacion brenda 24 or\u00ebve pasi t\u00eb pranoni porosin\u00eb.<br \/>\n3907489385746<\/p>\n<\/div>\n","protected":false},"featured_media":82551,"template":"","meta":[],"product_cat":[58,55,59,57],"product_tag":[],"_links":{"self":[{"href":"https:\/\/www.comoditahome.com\/al\/wp-json\/wp\/v2\/product\/82550"}],"collection":[{"href":"https:\/\/www.comoditahome.com\/al\/wp-json\/wp\/v2\/product"}],"about":[{"href":"https:\/\/www.comoditahome.com\/al\/wp-json\/wp\/v2\/types\/product"}],"version-history":[{"count":1,"href":"https:\/\/www.comoditahome.com\/al\/wp-json\/wp\/v2\/product\/82550\/revisions"}],"predecessor-version":[{"id":82555,"href":"https:\/\/www.comoditahome.com\/al\/wp-json\/wp\/v2\/product\/82550\/revisions\/82555"}],"wp:featuredmedia":[{"embeddable":true,"href":"https:\/\/www.comoditahome.com\/al\/wp-json\/wp\/v2\/media\/82551"}],"wp:attachment":[{"href":"https:\/\/www.comoditahome.com\/al\/wp-json\/wp\/v2\/media?parent=82550"}],"wp:term":[{"taxonomy":"product_cat","embeddable":true,"href":"https:\/\/www.comoditahome.com\/al\/wp-json\/wp\/v2\/product_cat?post=82550"},{"taxonomy":"product_tag","embeddable":true,"href":"https:\/\/www.comoditahome.com\/al\/wp-json\/wp\/v2\/product_tag?post=82550"}],"curies":[{"name":"wp","href":"https:\/\/api.w.org\/{rel}","templated":true}]}}