 {"id":83126,"date":"2024-12-17T13:30:05","date_gmt":"2024-12-17T11:30:05","guid":{"rendered":"https:\/\/www.comoditahome.com\/al\/?post_type=product&#038;p=83126"},"modified":"2026-05-07T09:34:31","modified_gmt":"2026-05-07T07:34:31","slug":"set-mbulese-shtrati-misty-elm-per-dy-persona","status":"publish","type":"product","link":"https:\/\/www.comoditahome.com\/al\/product\/set-mbulese-shtrati-misty-elm-per-dy-persona\/","title":{"rendered":"Set mbules\u00eb shtrati Misty Elm p\u00ebr dy persona"},"content":{"rendered":"<p>Seti i mbules\u00ebs s\u00eb shtratit nga linja Comfort prezantohet me nuanc\u00eb t\u00ebrheq\u00ebse q\u00eb i shton eleganc\u00eb krevatit tuaj t\u00eb gjumit. Me nj\u00eb sip\u00ebrfaqe t\u00eb but\u00eb dhe struktur\u00eb t\u00eb tekstur\u00ebs me vija simetrike, ky model integron madh\u00ebshtin\u00eb n\u00eb ambientin tuaj.<\/p>\n","protected":false},"excerpt":{"rendered":"<div class=\"woocommerce-product-details__short-description\" style=\"text-align: left;\">\n<p>Seti i mbules\u00ebs s\u00eb shtratit nga Embroidery prezantohet me nuanc\u00eb t\u00ebrheq\u00ebse q\u00eb i shton eleganc\u00eb krevatit tuaj t\u00eb gjumit. Me nj\u00eb sip\u00ebrfaqe t\u00eb but\u00eb dhe struktur\u00eb t\u00eb tekstur\u00ebs me vija simetrike, ky model integron madh\u00ebshtin\u00eb n\u00eb ambientin tuaj.<br \/>\nDimensioni \/ Kompozicioni: Set me 3 pjes\u00eb: 1x mbules\u00eb shtrati 220x240cm, 2x k\u00ebll\u00ebf jast\u00ebku 50x70cm<br \/>\nNGJYRA: Elm<br \/>\nMATERIALI: Mb\u00ebshtjell\u00ebsi: Mikrofiber \/ Mbushja:100% Poliester<br \/>\nUDH\u00cbZIMET E P\u00cbRDORIMIT: N\u00eb makin\u00eb lar\u00ebse 30\u00b0C<br \/>\nKUSHTET E KTHIMIT \/ GARANCION: P\u00ebr shkak t\u00eb kontaktit me higjien\u00eb personale, p\u00ebr produktet e tekstilit nuk pranohen kthime apo reklamacione.<br \/>\n<span style=\"color: #ffffff;\">3907489384593 mbulesa<\/span><\/p>\n<\/div>\n","protected":false},"featured_media":83127,"template":"","meta":[],"product_cat":[51,102],"product_tag":[],"_links":{"self":[{"href":"https:\/\/www.comoditahome.com\/al\/wp-json\/wp\/v2\/product\/83126"}],"collection":[{"href":"https:\/\/www.comoditahome.com\/al\/wp-json\/wp\/v2\/product"}],"about":[{"href":"https:\/\/www.comoditahome.com\/al\/wp-json\/wp\/v2\/types\/product"}],"version-history":[{"count":2,"href":"https:\/\/www.comoditahome.com\/al\/wp-json\/wp\/v2\/product\/83126\/revisions"}],"predecessor-version":[{"id":83132,"href":"https:\/\/www.comoditahome.com\/al\/wp-json\/wp\/v2\/product\/83126\/revisions\/83132"}],"wp:featuredmedia":[{"embeddable":true,"href":"https:\/\/www.comoditahome.com\/al\/wp-json\/wp\/v2\/media\/83127"}],"wp:attachment":[{"href":"https:\/\/www.comoditahome.com\/al\/wp-json\/wp\/v2\/media?parent=83126"}],"wp:term":[{"taxonomy":"product_cat","embeddable":true,"href":"https:\/\/www.comoditahome.com\/al\/wp-json\/wp\/v2\/product_cat?post=83126"},{"taxonomy":"product_tag","embeddable":true,"href":"https:\/\/www.comoditahome.com\/al\/wp-json\/wp\/v2\/product_tag?post=83126"}],"curies":[{"name":"wp","href":"https:\/\/api.w.org\/{rel}","templated":true}]}}