 {"id":83133,"date":"2024-12-17T13:36:19","date_gmt":"2024-12-17T11:36:19","guid":{"rendered":"https:\/\/www.comoditahome.com\/al\/?post_type=product&#038;p=83133"},"modified":"2026-03-02T09:11:54","modified_gmt":"2026-03-02T07:11:54","slug":"set-mbulese-shtrati-misty-gri-per-dy-persona","status":"publish","type":"product","link":"https:\/\/www.comoditahome.com\/al\/product\/set-mbulese-shtrati-misty-gri-per-dy-persona\/","title":{"rendered":"Set mbules\u00eb shtrati Misty Gri p\u00ebr dy persona"},"content":{"rendered":"<p>Seti i mbules\u00ebs s\u00eb shtratit nga linja Comfort prezantohet me nuanc\u00eb t\u00ebrheq\u00ebse q\u00eb i shton eleganc\u00eb krevatit tuaj t\u00eb gjumit. Me nj\u00eb sip\u00ebrfaqe t\u00eb but\u00eb dhe struktur\u00eb t\u00eb tekstur\u00ebs me vija simetrike, ky model integron madh\u00ebshtin\u00eb n\u00eb ambientin tuaj.<\/p>\n","protected":false},"excerpt":{"rendered":"<div class=\"woocommerce-product-details__short-description\" style=\"text-align: left;\">\n<p>Seti i mbules\u00ebs s\u00eb shtratit nga Embroidery prezantohet me nuanc\u00eb t\u00ebrheq\u00ebse q\u00eb i shton eleganc\u00eb krevatit tuaj t\u00eb gjumit. Me nj\u00eb sip\u00ebrfaqe t\u00eb but\u00eb dhe struktur\u00eb t\u00eb tekstur\u00ebs me vija simetrike, ky model integron madh\u00ebshtin\u00eb n\u00eb ambientin tuaj.<br \/>\n<strong>Dimensioni \/ Kompozicioni:<\/strong> Set me 3 pjes\u00eb: 1x mbules\u00eb shtrati 220x240cm, 2x k\u00ebll\u00ebf jast\u00ebku 50x70cm<br \/>\n<strong>NGJYRA:<\/strong> Gri<br \/>\n<strong>MATERIALI:<\/strong> Mb\u00ebshtjell\u00ebsi: Mikrofiber \/ Mbushja:100% Poliester<br \/>\n<strong>UDH\u00cbZIMET E P\u00cbRDORIMIT:<\/strong> N\u00eb makin\u00eb lar\u00ebse 30\u00b0C<br \/>\n<strong>KUSHTET E KTHIMIT \/ GARANCION:<\/strong>\u00a0P\u00ebr shkak t\u00eb kontaktit me higjien\u00eb personale, p\u00ebr produktet e tekstilit nuk pranohen kthime apo reklamacione.<br \/>\n<span style=\"color: #ffffff;\">3907489384579 mbulesa<\/span><\/p>\n<\/div>\n","protected":false},"featured_media":83134,"template":"","meta":[],"product_cat":[51,102],"product_tag":[],"_links":{"self":[{"href":"https:\/\/www.comoditahome.com\/al\/wp-json\/wp\/v2\/product\/83133"}],"collection":[{"href":"https:\/\/www.comoditahome.com\/al\/wp-json\/wp\/v2\/product"}],"about":[{"href":"https:\/\/www.comoditahome.com\/al\/wp-json\/wp\/v2\/types\/product"}],"version-history":[{"count":1,"href":"https:\/\/www.comoditahome.com\/al\/wp-json\/wp\/v2\/product\/83133\/revisions"}],"predecessor-version":[{"id":83138,"href":"https:\/\/www.comoditahome.com\/al\/wp-json\/wp\/v2\/product\/83133\/revisions\/83138"}],"wp:featuredmedia":[{"embeddable":true,"href":"https:\/\/www.comoditahome.com\/al\/wp-json\/wp\/v2\/media\/83134"}],"wp:attachment":[{"href":"https:\/\/www.comoditahome.com\/al\/wp-json\/wp\/v2\/media?parent=83133"}],"wp:term":[{"taxonomy":"product_cat","embeddable":true,"href":"https:\/\/www.comoditahome.com\/al\/wp-json\/wp\/v2\/product_cat?post=83133"},{"taxonomy":"product_tag","embeddable":true,"href":"https:\/\/www.comoditahome.com\/al\/wp-json\/wp\/v2\/product_tag?post=83133"}],"curies":[{"name":"wp","href":"https:\/\/api.w.org\/{rel}","templated":true}]}}