 {"id":83139,"date":"2024-12-17T13:45:44","date_gmt":"2024-12-17T11:45:44","guid":{"rendered":"https:\/\/www.comoditahome.com\/al\/?post_type=product&#038;p=83139"},"modified":"2026-04-23T09:00:50","modified_gmt":"2026-04-23T07:00:50","slug":"tabak-sherbimi-34x14x2cm-2","status":"publish","type":"product","link":"https:\/\/www.comoditahome.com\/al\/product\/tabak-sherbimi-34x14x2cm-2\/","title":{"rendered":"Tabak sh\u00ebrbimi 34x14x2cm"},"content":{"rendered":"","protected":false},"excerpt":{"rendered":"<p>Tabak sh\u00ebrbimi Akacia dallohet p\u00ebr form\u00ebn artistike, trash\u00ebsin\u00eb dhe ngjyr\u00ebn natyrale t\u00eb drurit. Ky tabak ka sip\u00ebrfaqe t\u00eb punuar nga materiali i drurit t\u00eb akacias dhe dor\u00ebza t\u00eb metalit. Jepi kuzhin\u00ebs tuaj shum\u00eb stil dhe b\u00ebni prezantimet tuaja m\u00eb unike.<\/p>\n<p>Dimensioni \/ Kompozicioni: 34x14x2cm<\/p>\n<p>NGJYRA: E kaft\u00eb<\/p>\n<p>MATERIALI: Dru Akasia, metal<\/p>\n<p>UDH\u00cbZIMET E P\u00cbRDORIMIT: T\u00eb pastrohet me Dor\u00eb<\/p>\n<p>KUSHTET E KTHIMIT \/ GARANCION:P\u00ebr k\u00ebt\u00eb produkt pranohet reklamacion brenda 24 or\u00ebve pasi t\u00eb pranoni porosin\u00eb.<\/p>\n<p><span style=\"color: #ffffff;\">3907489385821<\/span><\/p>\n","protected":false},"featured_media":83140,"template":"","meta":[],"product_cat":[58,55,57],"product_tag":[],"_links":{"self":[{"href":"https:\/\/www.comoditahome.com\/al\/wp-json\/wp\/v2\/product\/83139"}],"collection":[{"href":"https:\/\/www.comoditahome.com\/al\/wp-json\/wp\/v2\/product"}],"about":[{"href":"https:\/\/www.comoditahome.com\/al\/wp-json\/wp\/v2\/types\/product"}],"version-history":[{"count":1,"href":"https:\/\/www.comoditahome.com\/al\/wp-json\/wp\/v2\/product\/83139\/revisions"}],"predecessor-version":[{"id":83144,"href":"https:\/\/www.comoditahome.com\/al\/wp-json\/wp\/v2\/product\/83139\/revisions\/83144"}],"wp:featuredmedia":[{"embeddable":true,"href":"https:\/\/www.comoditahome.com\/al\/wp-json\/wp\/v2\/media\/83140"}],"wp:attachment":[{"href":"https:\/\/www.comoditahome.com\/al\/wp-json\/wp\/v2\/media?parent=83139"}],"wp:term":[{"taxonomy":"product_cat","embeddable":true,"href":"https:\/\/www.comoditahome.com\/al\/wp-json\/wp\/v2\/product_cat?post=83139"},{"taxonomy":"product_tag","embeddable":true,"href":"https:\/\/www.comoditahome.com\/al\/wp-json\/wp\/v2\/product_tag?post=83139"}],"curies":[{"name":"wp","href":"https:\/\/api.w.org\/{rel}","templated":true}]}}