 {"id":83625,"date":"2025-01-10T11:44:45","date_gmt":"2025-01-10T09:44:45","guid":{"rendered":"https:\/\/www.comoditahome.com\/al\/?post_type=product&#038;p=83625"},"modified":"2026-04-09T11:55:18","modified_gmt":"2026-04-09T09:55:18","slug":"set-gotash-caji-fusion-glam-bliss","status":"publish","type":"product","link":"https:\/\/www.comoditahome.com\/al\/product\/set-gotash-caji-fusion-glam-bliss\/","title":{"rendered":"Set gotash \u00e7aji Fusion Glam Bliss"},"content":{"rendered":"","protected":false},"excerpt":{"rendered":"<p>Seti i gotave t\u00eb \u00e7ajit Fusion Glam Bliss, prezanton form\u00ebn e ve\u00e7ant\u00eb dhe tejet unike me t\u00eb cil\u00ebn servimi i \u00e7ajit b\u00ebhet i paharruesh\u00ebm. Dizajni i tyre me nuanca t\u00eb oqeanit n\u00eb pjat\u00ebza, i mund\u00ebson p\u00ebrdorim jet\u00ebgjat\u00eb dhe n\u00eb t\u00eb gjitha rastet.<br \/>\nDimensioni \/ Kompozicioni: 12 pjes\u00eb: 6x filxhan\u00eb, 6x pjat\u00ebza<br \/>\nNGJYRA: Bardh\u00eb me dizajn<br \/>\nMATERIALI: Qeramike<br \/>\nUDH\u00cbZIMET E P\u00cbRDORIMIT: T\u00eb pastrohet me dor\u00eb<br \/>\nKUSHTET E KTHIMIT \/ GARANCION: P\u00ebr k\u00ebt\u00eb produkt pranohet reklamacion brenda 24 or\u00ebve pasi t\u00eb pranoni porosin\u00eb.\n<\/p><\/div>\n<p><span style=\"color: #ffffff;\">3907489130310<\/span><\/p>\n","protected":false},"featured_media":83626,"template":"","meta":[],"product_cat":[61,55,57],"product_tag":[],"_links":{"self":[{"href":"https:\/\/www.comoditahome.com\/al\/wp-json\/wp\/v2\/product\/83625"}],"collection":[{"href":"https:\/\/www.comoditahome.com\/al\/wp-json\/wp\/v2\/product"}],"about":[{"href":"https:\/\/www.comoditahome.com\/al\/wp-json\/wp\/v2\/types\/product"}],"version-history":[{"count":2,"href":"https:\/\/www.comoditahome.com\/al\/wp-json\/wp\/v2\/product\/83625\/revisions"}],"predecessor-version":[{"id":83632,"href":"https:\/\/www.comoditahome.com\/al\/wp-json\/wp\/v2\/product\/83625\/revisions\/83632"}],"wp:featuredmedia":[{"embeddable":true,"href":"https:\/\/www.comoditahome.com\/al\/wp-json\/wp\/v2\/media\/83626"}],"wp:attachment":[{"href":"https:\/\/www.comoditahome.com\/al\/wp-json\/wp\/v2\/media?parent=83625"}],"wp:term":[{"taxonomy":"product_cat","embeddable":true,"href":"https:\/\/www.comoditahome.com\/al\/wp-json\/wp\/v2\/product_cat?post=83625"},{"taxonomy":"product_tag","embeddable":true,"href":"https:\/\/www.comoditahome.com\/al\/wp-json\/wp\/v2\/product_tag?post=83625"}],"curies":[{"name":"wp","href":"https:\/\/api.w.org\/{rel}","templated":true}]}}