 {"id":83755,"date":"2025-01-24T11:01:48","date_gmt":"2025-01-24T09:01:48","guid":{"rendered":"https:\/\/www.comoditahome.com\/al\/?post_type=product&#038;p=83755"},"modified":"2026-04-23T09:00:51","modified_gmt":"2026-04-23T07:00:51","slug":"set-gotash-colorful","status":"publish","type":"product","link":"https:\/\/www.comoditahome.com\/al\/product\/set-gotash-colorful\/","title":{"rendered":"Set gotash Colorful"},"content":{"rendered":"","protected":false},"excerpt":{"rendered":"<p style=\"text-align: left;\">Seti i gotave Colorful jan\u00eb sinonim i luksit dhe eleganc\u00ebs. Punuar nga kristali m\u00eb i past\u00ebr, \u00e7do got\u00eb \u00ebsht\u00eb nj\u00eb vep\u00ebr arti e cila reflekton drit\u00ebn n\u00eb m\u00ebnyr\u00eb t\u00eb shk\u00eblqyer. Dizajni klasik, shum\u00ebngjyr\u00ebsh dhe i detajuar i b\u00ebn k\u00ebto gota perfekte p\u00ebr ngjarje t\u00eb ve\u00e7anta dhe p\u00ebr ata q\u00eb k\u00ebrkojn\u00eb vet\u00ebm m\u00eb t\u00eb mir\u00ebn. Ideale p\u00ebr ngjarje t\u00eb ve\u00e7anta dhe degustime t\u00eb rafinuara.<\/p>\n<p style=\"text-align: left;\">Dimensioni \/ Kompozicioni: Seti ka 5 gota<\/p>\n<p style=\"text-align: left;\">NGJYRA: Transparente<\/p>\n<p style=\"text-align: left;\">MATERIALI: Xham<\/p>\n<p style=\"text-align: left;\">UDH\u00cbZIMET E P\u00cbRDORIMIT: T\u00eb pastrohet me Dor\u00eb<\/p>\n<p style=\"text-align: left;\">KUSHTET E KTHIMIT \/ GARANCION: P\u00ebr k\u00ebt\u00eb produkt pranohet reklamacion brenda 24 or\u00ebve pasi t\u00eb pranoni porosin\u00eb.<br \/>\n<span style=\"color: #ffffff;\">5900345909998 gastare gota<\/span><\/p>\n","protected":false},"featured_media":83757,"template":"","meta":[],"product_cat":[95,57],"product_tag":[],"_links":{"self":[{"href":"https:\/\/www.comoditahome.com\/al\/wp-json\/wp\/v2\/product\/83755"}],"collection":[{"href":"https:\/\/www.comoditahome.com\/al\/wp-json\/wp\/v2\/product"}],"about":[{"href":"https:\/\/www.comoditahome.com\/al\/wp-json\/wp\/v2\/types\/product"}],"version-history":[{"count":1,"href":"https:\/\/www.comoditahome.com\/al\/wp-json\/wp\/v2\/product\/83755\/revisions"}],"predecessor-version":[{"id":83764,"href":"https:\/\/www.comoditahome.com\/al\/wp-json\/wp\/v2\/product\/83755\/revisions\/83764"}],"wp:featuredmedia":[{"embeddable":true,"href":"https:\/\/www.comoditahome.com\/al\/wp-json\/wp\/v2\/media\/83757"}],"wp:attachment":[{"href":"https:\/\/www.comoditahome.com\/al\/wp-json\/wp\/v2\/media?parent=83755"}],"wp:term":[{"taxonomy":"product_cat","embeddable":true,"href":"https:\/\/www.comoditahome.com\/al\/wp-json\/wp\/v2\/product_cat?post=83755"},{"taxonomy":"product_tag","embeddable":true,"href":"https:\/\/www.comoditahome.com\/al\/wp-json\/wp\/v2\/product_tag?post=83755"}],"curies":[{"name":"wp","href":"https:\/\/api.w.org\/{rel}","templated":true}]}}