 {"id":84183,"date":"2023-11-03T14:47:30","date_gmt":"2023-11-03T12:47:30","guid":{"rendered":"https:\/\/www.comoditahome.com\/al\/?post_type=product&#038;p=84183"},"modified":"2026-04-19T12:58:44","modified_gmt":"2026-04-19T10:58:44","slug":"dyshek-aloe-vera-160x190cm","status":"publish","type":"product","link":"https:\/\/www.comoditahome.com\/al\/product\/dyshek-aloe-vera-160x190cm\/","title":{"rendered":"Dyshek Aloe Vera 160x190cm"},"content":{"rendered":"\t\t<div data-elementor-type=\"product-post\" data-elementor-id=\"84183\" class=\"elementor elementor-84183\" data-elementor-settings=\"[]\">\n\t\t\t\t\t\t\t<div class=\"elementor-section-wrap\">\n\t\t\t\t\t\t\t<section class=\"elementor-section elementor-top-section elementor-element elementor-element-c72d94c elementor-section-full_width elementor-section-stretched elementor-section-height-default elementor-section-height-default\" data-id=\"c72d94c\" data-element_type=\"section\" data-settings=\"{&quot;stretch_section&quot;:&quot;section-stretched&quot;}\">\n\t\t\t\t\t\t<div class=\"elementor-container elementor-column-gap-default\">\n\t\t\t\t\t<div class=\"elementor-column elementor-col-100 elementor-top-column elementor-element elementor-element-71521c2\" data-id=\"71521c2\" data-element_type=\"column\">\n\t\t\t<div class=\"elementor-widget-wrap elementor-element-populated\">\n\t\t\t\t\t\t\t\t<div class=\"elementor-element elementor-element-33d23ec elementor-widget elementor-widget-heading\" data-id=\"33d23ec\" data-element_type=\"widget\" data-widget_type=\"heading.default\">\n\t\t\t\t<div class=\"elementor-widget-container\">\n\t\t\t<h2 class=\"elementor-heading-title elementor-size-default\">\u00c7far\u00eb p\u00ebrfitoni nga dysheku Aloe Vera?<\/h2>\t\t<\/div>\n\t\t\t\t<\/div>\n\t\t\t\t\t<\/div>\n\t\t<\/div>\n\t\t\t\t\t\t\t<\/div>\n\t\t<\/section>\n\t\t\t\t<section class=\"elementor-section elementor-top-section elementor-element elementor-element-0c4b63d elementor-section-boxed elementor-section-height-default elementor-section-height-default\" data-id=\"0c4b63d\" data-element_type=\"section\">\n\t\t\t\t\t\t<div class=\"elementor-container elementor-column-gap-default\">\n\t\t\t\t\t<div class=\"elementor-column elementor-col-20 elementor-top-column elementor-element elementor-element-25c5c44\" data-id=\"25c5c44\" data-element_type=\"column\">\n\t\t\t<div class=\"elementor-widget-wrap elementor-element-populated\">\n\t\t\t\t\t\t\t\t<div class=\"elementor-element elementor-element-cdae888 elementor-widget elementor-widget-image\" data-id=\"cdae888\" data-element_type=\"widget\" data-widget_type=\"image.default\">\n\t\t\t\t<div class=\"elementor-widget-container\">\n\t\t\t\t\t\t\t\t\t\t\t\t\t\t\t<img loading=\"lazy\" decoding=\"async\" width=\"150\" height=\"60\" src=\"https:\/\/www.comoditahome.com\/al\/wp-content\/uploads\/2025\/03\/aloe-web-1-1.png\" class=\"attachment-large size-large\" alt=\"\" \/>\t\t\t\t\t\t\t\t\t\t\t\t\t\t\t<\/div>\n\t\t\t\t<\/div>\n\t\t\t\t<div class=\"elementor-element elementor-element-42eb592 elementor-widget elementor-widget-heading\" data-id=\"42eb592\" data-element_type=\"widget\" data-widget_type=\"heading.default\">\n\t\t\t\t<div class=\"elementor-widget-container\">\n\t\t\t<h2 class=\"elementor-heading-title elementor-size-default\"><span style=\"color: #3b4368;\"><strong>E konturuar<\/strong><\/span><\/h2>\t\t<\/div>\n\t\t\t\t<\/div>\n\t\t\t\t<div class=\"elementor-element elementor-element-a27b3bb elementor-widget elementor-widget-text-editor\" data-id=\"a27b3bb\" data-element_type=\"widget\" data-widget_type=\"text-editor.default\">\n\t\t\t\t<div class=\"elementor-widget-container\">\n\t\t\t\t\t\t\t<p><span style=\"color: #3b4368;\">Prerjet e shpuz\u00ebs sjellin zonat e ndryshme t\u00eb trupit tuaj n\u00eb nj\u00eb pozicion gjumi relaksues t\u00eb muskujve.<\/span><\/p>\t\t\t\t\t\t<\/div>\n\t\t\t\t<\/div>\n\t\t\t\t\t<\/div>\n\t\t<\/div>\n\t\t\t\t<div class=\"elementor-column elementor-col-20 elementor-top-column elementor-element elementor-element-f2982c3\" data-id=\"f2982c3\" data-element_type=\"column\">\n\t\t\t<div class=\"elementor-widget-wrap elementor-element-populated\">\n\t\t\t\t\t\t\t\t<div class=\"elementor-element elementor-element-472d796 elementor-widget elementor-widget-image\" data-id=\"472d796\" data-element_type=\"widget\" data-widget_type=\"image.default\">\n\t\t\t\t<div class=\"elementor-widget-container\">\n\t\t\t\t\t\t\t\t\t\t\t\t\t\t\t<img loading=\"lazy\" decoding=\"async\" width=\"150\" height=\"70\" src=\"https:\/\/www.comoditahome.com\/al\/wp-content\/uploads\/2025\/03\/aloe-web-2.png\" class=\"attachment-large size-large\" alt=\"\" \/>\t\t\t\t\t\t\t\t\t\t\t\t\t\t\t<\/div>\n\t\t\t\t<\/div>\n\t\t\t\t<div class=\"elementor-element elementor-element-2939fd9 elementor-widget elementor-widget-heading\" data-id=\"2939fd9\" data-element_type=\"widget\" data-widget_type=\"heading.default\">\n\t\t\t\t<div class=\"elementor-widget-container\">\n\t\t\t<h2 class=\"elementor-heading-title elementor-size-default\"><span style=\"color: #3b4368;\"><strong>Ergonomike<\/strong><\/span><\/h2>\t\t<\/div>\n\t\t\t\t<\/div>\n\t\t\t\t<div class=\"elementor-element elementor-element-75a00c3 elementor-widget elementor-widget-text-editor\" data-id=\"75a00c3\" data-element_type=\"widget\" data-widget_type=\"text-editor.default\">\n\t\t\t\t<div class=\"elementor-widget-container\">\n\t\t\t\t\t\t\t<p><span style=\"color: #3b4368;\">Dyshek ergonomik q\u00eb i p\u00ebrshtatet form\u00ebs s\u00eb shtyll\u00ebs kurrizore dhe trupit n\u00eb p\u00ebrgjith\u00ebsi, mund\u00ebson shtrirje natyrale, parandalon dhimbjet dhe shton rehatin\u00eb gjat\u00eb gjumit.<\/span><\/p>\t\t\t\t\t\t<\/div>\n\t\t\t\t<\/div>\n\t\t\t\t\t<\/div>\n\t\t<\/div>\n\t\t\t\t<div class=\"elementor-column elementor-col-20 elementor-top-column elementor-element elementor-element-69dd5f0\" data-id=\"69dd5f0\" data-element_type=\"column\">\n\t\t\t<div class=\"elementor-widget-wrap elementor-element-populated\">\n\t\t\t\t\t\t\t\t<div class=\"elementor-element elementor-element-521f353 elementor-widget elementor-widget-image\" data-id=\"521f353\" data-element_type=\"widget\" data-widget_type=\"image.default\">\n\t\t\t\t<div class=\"elementor-widget-container\">\n\t\t\t\t\t\t\t\t\t\t\t\t\t\t\t<img loading=\"lazy\" decoding=\"async\" width=\"150\" height=\"70\" src=\"https:\/\/www.comoditahome.com\/al\/wp-content\/uploads\/2025\/03\/aloe-web-1.png\" class=\"attachment-large size-large\" alt=\"\" \/>\t\t\t\t\t\t\t\t\t\t\t\t\t\t\t<\/div>\n\t\t\t\t<\/div>\n\t\t\t\t<div class=\"elementor-element elementor-element-1f6356e elementor-widget elementor-widget-heading\" data-id=\"1f6356e\" data-element_type=\"widget\" data-widget_type=\"heading.default\">\n\t\t\t\t<div class=\"elementor-widget-container\">\n\t\t\t<h2 class=\"elementor-heading-title elementor-size-default\"><span style=\"color: #3b4368;\"><strong>Q\u00ebndrueshm\u00ebria<\/strong><\/span><\/h2>\t\t<\/div>\n\t\t\t\t<\/div>\n\t\t\t\t<div class=\"elementor-element elementor-element-5ee6ff5 elementor-widget elementor-widget-text-editor\" data-id=\"5ee6ff5\" data-element_type=\"widget\" data-widget_type=\"text-editor.default\">\n\t\t\t\t<div class=\"elementor-widget-container\">\n\t\t\t\t\t\t\t<p style=\"text-align: center;\" align=\"justify\"><span style=\"color: #3b4368;\">Dysheku garanton q\u00ebndrueshm\u00ebri, nd\u00ebrsa mbulesa hiqet leht\u00ebsisht me zinxhir dhe mund t\u00eb lahet n\u00eb 40 grad\u00eb.<\/span><\/p><p>\u00a0<\/p>\t\t\t\t\t\t<\/div>\n\t\t\t\t<\/div>\n\t\t\t\t\t<\/div>\n\t\t<\/div>\n\t\t\t\t<div class=\"elementor-column elementor-col-20 elementor-top-column elementor-element elementor-element-92e444c\" data-id=\"92e444c\" data-element_type=\"column\">\n\t\t\t<div class=\"elementor-widget-wrap elementor-element-populated\">\n\t\t\t\t\t\t\t\t<div class=\"elementor-element elementor-element-5bb807d elementor-widget elementor-widget-image\" data-id=\"5bb807d\" data-element_type=\"widget\" data-widget_type=\"image.default\">\n\t\t\t\t<div class=\"elementor-widget-container\">\n\t\t\t\t\t\t\t\t\t\t\t\t\t\t\t<img loading=\"lazy\" decoding=\"async\" width=\"150\" height=\"70\" src=\"https:\/\/www.comoditahome.com\/al\/wp-content\/uploads\/2025\/03\/aloe-web-4.png\" class=\"attachment-large size-large\" alt=\"\" \/>\t\t\t\t\t\t\t\t\t\t\t\t\t\t\t<\/div>\n\t\t\t\t<\/div>\n\t\t\t\t<div class=\"elementor-element elementor-element-a60f454 elementor-widget elementor-widget-heading\" data-id=\"a60f454\" data-element_type=\"widget\" data-widget_type=\"heading.default\">\n\t\t\t\t<div class=\"elementor-widget-container\">\n\t\t\t<h2 class=\"elementor-heading-title elementor-size-default\"><span style=\"color: #3b4368;\"><strong>Anti Alergjike<\/strong><\/span><\/h2>\t\t<\/div>\n\t\t\t\t<\/div>\n\t\t\t\t<div class=\"elementor-element elementor-element-f61cafb elementor-widget elementor-widget-text-editor\" data-id=\"f61cafb\" data-element_type=\"widget\" data-widget_type=\"text-editor.default\">\n\t\t\t\t<div class=\"elementor-widget-container\">\n\t\t\t\t\t\t\t<p style=\"text-align: center;\" align=\"justify\"><span style=\"color: #3b4368;\">Materialet e p\u00ebrdorura jan\u00eb t\u00eb p\u00ebrshtatshme edhe p\u00ebr l\u00ebkur\u00eb t\u00eb ndjeshme, ku mund\u00ebsojn\u00eb ambient higjenik larg alergjive dhe bakterieve.<\/span><\/p><p>\u00a0<\/p>\t\t\t\t\t\t<\/div>\n\t\t\t\t<\/div>\n\t\t\t\t\t<\/div>\n\t\t<\/div>\n\t\t\t\t<div class=\"elementor-column elementor-col-20 elementor-top-column elementor-element elementor-element-a58748c\" data-id=\"a58748c\" data-element_type=\"column\">\n\t\t\t<div class=\"elementor-widget-wrap elementor-element-populated\">\n\t\t\t\t\t\t\t\t<div class=\"elementor-element elementor-element-4c88558 elementor-widget elementor-widget-image\" data-id=\"4c88558\" data-element_type=\"widget\" data-widget_type=\"image.default\">\n\t\t\t\t<div class=\"elementor-widget-container\">\n\t\t\t\t\t\t\t\t\t\t\t\t\t\t\t<img loading=\"lazy\" decoding=\"async\" width=\"150\" height=\"70\" src=\"https:\/\/www.comoditahome.com\/al\/wp-content\/uploads\/2025\/03\/aloe-web-5.png\" class=\"attachment-large size-large\" alt=\"\" \/>\t\t\t\t\t\t\t\t\t\t\t\t\t\t\t<\/div>\n\t\t\t\t<\/div>\n\t\t\t\t<div class=\"elementor-element elementor-element-5cb1a47 elementor-widget elementor-widget-heading\" data-id=\"5cb1a47\" data-element_type=\"widget\" data-widget_type=\"heading.default\">\n\t\t\t\t<div class=\"elementor-widget-container\">\n\t\t\t<h2 class=\"elementor-heading-title elementor-size-default\"><p style=\"text-align: center;\"><span style=\"color: #3b4368;\"><strong>T\u00eb rehatsh\u00ebm<\/strong><\/span><\/p><\/h2>\t\t<\/div>\n\t\t\t\t<\/div>\n\t\t\t\t<div class=\"elementor-element elementor-element-eaf30fc elementor-widget elementor-widget-text-editor\" data-id=\"eaf30fc\" data-element_type=\"widget\" data-widget_type=\"text-editor.default\">\n\t\t\t\t<div class=\"elementor-widget-container\">\n\t\t\t\t\t\t\t<p><span style=\"color: #3b4368;\">Nd\u00ebrtimi i shpuzave <\/span><span style=\"color: #3b4368;\">mbi <\/span><span style=\"color: #3b4368;\">nj\u00ebra-tjetr\u00ebn, p\u00ebrmir\u00ebsojn\u00eb n\u00eb m\u00ebnyr\u00eb t\u00eb q\u00ebndrueshme gjumin tuaj.<\/span><\/p>\t\t\t\t\t\t<\/div>\n\t\t\t\t<\/div>\n\t\t\t\t\t<\/div>\n\t\t<\/div>\n\t\t\t\t\t\t\t<\/div>\n\t\t<\/section>\n\t\t\t\t<section class=\"elementor-section elementor-top-section elementor-element elementor-element-35cca0c elementor-section-boxed elementor-section-height-default elementor-section-height-default\" data-id=\"35cca0c\" data-element_type=\"section\">\n\t\t\t\t\t\t<div class=\"elementor-container elementor-column-gap-default\">\n\t\t\t\t\t<div class=\"elementor-column elementor-col-100 elementor-top-column elementor-element elementor-element-a071328\" data-id=\"a071328\" data-element_type=\"column\">\n\t\t\t<div class=\"elementor-widget-wrap elementor-element-populated\">\n\t\t\t\t\t\t\t\t<div class=\"elementor-element elementor-element-9ee12b7 elementor-widget elementor-widget-image\" data-id=\"9ee12b7\" data-element_type=\"widget\" data-widget_type=\"image.default\">\n\t\t\t\t<div class=\"elementor-widget-container\">\n\t\t\t\t\t\t\t\t\t\t\t\t\t\t\t<img loading=\"lazy\" decoding=\"async\" width=\"640\" height=\"65\" src=\"https:\/\/www.comoditahome.com\/al\/wp-content\/uploads\/2025\/03\/web-aloe-05-1024x104.jpg\" class=\"attachment-large size-large\" alt=\"\" srcset=\"https:\/\/www.comoditahome.com\/al\/wp-content\/uploads\/2025\/03\/web-aloe-05-1024x104.jpg 1024w, https:\/\/www.comoditahome.com\/al\/wp-content\/uploads\/2025\/03\/web-aloe-05-300x30.jpg 300w, https:\/\/www.comoditahome.com\/al\/wp-content\/uploads\/2025\/03\/web-aloe-05-768x78.jpg 768w, https:\/\/www.comoditahome.com\/al\/wp-content\/uploads\/2025\/03\/web-aloe-05-1536x156.jpg 1536w, https:\/\/www.comoditahome.com\/al\/wp-content\/uploads\/2025\/03\/web-aloe-05-2048x208.jpg 2048w, https:\/\/www.comoditahome.com\/al\/wp-content\/uploads\/2025\/03\/web-aloe-05-1200x122.jpg 1200w\" sizes=\"(max-width: 640px) 100vw, 640px\" \/>\t\t\t\t\t\t\t\t\t\t\t\t\t\t\t<\/div>\n\t\t\t\t<\/div>\n\t\t\t\t\t<\/div>\n\t\t<\/div>\n\t\t\t\t\t\t\t<\/div>\n\t\t<\/section>\n\t\t\t\t<section class=\"elementor-section elementor-top-section elementor-element elementor-element-5f8cf45 elementor-section-boxed elementor-section-height-default elementor-section-height-default\" data-id=\"5f8cf45\" data-element_type=\"section\">\n\t\t\t\t\t\t<div class=\"elementor-container elementor-column-gap-default\">\n\t\t\t\t\t<div class=\"elementor-column elementor-col-50 elementor-top-column elementor-element elementor-element-0e6ebcd\" data-id=\"0e6ebcd\" data-element_type=\"column\">\n\t\t\t<div class=\"elementor-widget-wrap elementor-element-populated\">\n\t\t\t\t\t\t\t\t<div class=\"elementor-element elementor-element-1b3fe30 elementor-widget elementor-widget-image\" data-id=\"1b3fe30\" data-element_type=\"widget\" data-widget_type=\"image.default\">\n\t\t\t\t<div class=\"elementor-widget-container\">\n\t\t\t\t\t\t\t\t\t\t\t\t\t\t\t<img loading=\"lazy\" decoding=\"async\" width=\"640\" height=\"839\" src=\"https:\/\/www.comoditahome.com\/al\/wp-content\/uploads\/2025\/03\/Harta-e-dyqaneve-781x1024.png\" class=\"attachment-large size-large\" alt=\"\" srcset=\"https:\/\/www.comoditahome.com\/al\/wp-content\/uploads\/2025\/03\/Harta-e-dyqaneve-781x1024.png 781w, https:\/\/www.comoditahome.com\/al\/wp-content\/uploads\/2025\/03\/Harta-e-dyqaneve-229x300.png 229w, https:\/\/www.comoditahome.com\/al\/wp-content\/uploads\/2025\/03\/Harta-e-dyqaneve-768x1007.png 768w, https:\/\/www.comoditahome.com\/al\/wp-content\/uploads\/2025\/03\/Harta-e-dyqaneve.png 987w\" sizes=\"(max-width: 640px) 100vw, 640px\" \/>\t\t\t\t\t\t\t\t\t\t\t\t\t\t\t<\/div>\n\t\t\t\t<\/div>\n\t\t\t\t\t<\/div>\n\t\t<\/div>\n\t\t\t\t<div class=\"elementor-column elementor-col-50 elementor-top-column elementor-element elementor-element-8378c89\" data-id=\"8378c89\" data-element_type=\"column\">\n\t\t\t<div class=\"elementor-widget-wrap elementor-element-populated\">\n\t\t\t\t\t\t\t\t<div class=\"elementor-element elementor-element-91ec38c elementor-widget elementor-widget-heading\" data-id=\"91ec38c\" data-element_type=\"widget\" data-widget_type=\"heading.default\">\n\t\t\t\t<div class=\"elementor-widget-container\">\n\t\t\t<h2 class=\"elementor-heading-title elementor-size-default\"><div data-id=\"24e78562\" data-element_type=\"column\"><div><div><div data-id=\"30ea11af\" data-element_type=\"widget\" data-widget_type=\"image.default\"><div><div><h4 style=\"text-align: left;\"><span style=\"color: #333399;\"><strong>COMODITA P\u00cbR \u00c7DO FAMILJE<\/strong><\/span><\/h4><\/div><\/div><\/div><\/div><\/div><\/div><\/h2>\t\t<\/div>\n\t\t\t\t<\/div>\n\t\t\t\t<div class=\"elementor-element elementor-element-9a7f4ec elementor-widget elementor-widget-text-editor\" data-id=\"9a7f4ec\" data-element_type=\"widget\" data-widget_type=\"text-editor.default\">\n\t\t\t\t<div class=\"elementor-widget-container\">\n\t\t\t\t\t\t\t<p style=\"text-align: justify;;\" align=\"justify\"><span style=\"color: #333399;\">Me\n premis\u00ebn p\u00ebr nd\u00ebrtimin e nj\u00eb brend-i q\u00eb do t\u00eb ofroj p\u00ebrmisimin e \nkualitetit t\u00eb jet\u00ebs n\u00eb sht\u00ebpi dhe familje, sot Comodita Home \u00ebsht\u00eb \nzinxhiri m\u00eb njohur i dyqaneve n\u00eb Kosov\u00eb dhe rajon dhe prodhuesi m\u00eb i \nmadh i shpuz\u00ebs dhe dyshek\u00ebve. Aktualisht numeron gjithsej 31 dyqane n\u00eb \nKosov\u00eb, 24 n\u00eb <a style=\"color: #333399;\" href=\"https:\/\/www.comoditahome.com\/al\/\">Shqip\u00ebri<\/a> dhe 23 n\u00eb <a style=\"color: #333399;\" href=\"https:\/\/comoditahome.com\/mk\/\">Maqedonin\u00eb e Veriut.<\/a><\/span><\/p>\n<p style=\"text-align: justify;;\"><span style=\"color: #333399;\">Kategorit\u00eb\n Mattress, Line, Kitchen, Accessories, Kids dhe Regent, jan\u00eb projektuar \nsi linja q\u00eb premtojn\u00eb komoditetin optimal dhe kthejn\u00eb rutin\u00ebn e \np\u00ebrditshme n\u00eb jetes\u00eb t\u00eb lumtur p\u00ebrplot rehati.<\/span><\/p>\n<p style=\"text-align: justify;;\"><span style=\"color: #333399;\">Fjetja e \nqet\u00eb, t\u00eb ushqyerit sh\u00ebndetsh\u00ebm dhe mir\u00ebqenja mes familjes, q\u00eb nga Marsi i\n 2014-t\u00ebs \u00ebsht\u00eb pjes\u00eb e pandashme e \u00e7do kujt q\u00eb ka zgjedhur produktet \nComodita.<\/span><\/p><p><\/p>\t\t\t\t\t\t<\/div>\n\t\t\t\t<\/div>\n\t\t\t\t\t<\/div>\n\t\t<\/div>\n\t\t\t\t\t\t\t<\/div>\n\t\t<\/section>\n\t\t\t\t\t\t<\/div>\n\t\t\t\t\t<\/div>\n\t\t","protected":false},"excerpt":{"rendered":"<p style=\"text-align: left;\">Dysheku Aloe Vera \u00ebsht\u00eb me trash\u00ebsi prej 21cm, vjen me nj\u00eb mb\u00ebshtetje an\u00ebsore e b\u00ebr\u00eb nga shkum\u00eb mb\u00ebshtet\u00ebse, q\u00eb ofron stabilitet dhe struktur\u00eb n\u00eb skaje. Rehatia e siguruar nga shtresa e shkum\u00ebs s\u00eb rib\u00ebr\u00eb <strong data-start=\"121\" data-end=\"129\">4 cm<\/strong> n\u00eb pjes\u00ebn e sip\u00ebrme, Strukturua e dyshekut njihet p\u00ebr elasticitetin e shkum\u00ebs polietane q\u00eb ofron mb\u00ebshtetje optimale p\u00ebr form\u00ebn e trupit. Nj\u00eb baz\u00eb klasike me susta t\u00eb lidhura p\u00ebr mb\u00ebshtetje t\u00eb fort\u00eb dhe jet\u00ebgjat\u00ebsi. Dysheku ka nj\u00eb sturktur\u00eb pozore q\u00eb ofron nj\u00eb ventilim optimal duke hequr ajrin e lag\u00ebsht nga dysheku dhe vendosur ajrin e past\u00ebr, p\u00ebr nj\u00eb fjetje t\u00eb qet\u00eb n\u00eb temperatur\u00eb t\u00eb duhur.<\/p>\n<p style=\"text-align: left;\"><strong>DIMENSIONI \/ KOMPOZICIONI:<\/strong> 160x190cm<\/p>\n<p style=\"text-align: left;\"><strong>NGJYRA:<\/strong> Me dizajn<\/p>\n<p style=\"text-align: left;\"><strong>LART\u00cbSIA E DYSHEKUT:<\/strong> 21 cm<\/p>\n<p style=\"text-align: left;\"><strong>TRASH\u00cbSIA E SHTRES\u00cbS S\u00cb SIP\u00cbRME:<\/strong> 4 cm shkum\u00eb e rib\u00ebr\u00eb<\/p>\n<p style=\"text-align: left;\"><strong>SISTEMI I MB\u00cbSHTETJES S\u00cb BAZ\u00cbS:<\/strong> Susta<\/p>\n<p style=\"text-align: left;\"><strong>MB\u00cbSHTETJE AN\u00cbSORE:<\/strong> Shkum\u00eb me dend\u00ebsi t\u00eb lart\u00eb<\/p>\n<p style=\"text-align: left;\"><strong>MBULESA:<\/strong> Aloe Vera<\/p>\n<p style=\"text-align: left;\"><strong>UDH\u00cbZIMET E P\u00cbRDORIMIT:<\/strong> Dysheku vjen n\u00eb paketim t\u00eb vakumuar i mb\u00ebshtjellur n\u00eb m\u00ebnyr\u00eb hermetike. Pas hapjes, ai merr form\u00ebn brenda 10-20 minutave, por nuk duhet t\u00eb p\u00ebrdoret s\u00eb paku p\u00ebr 24 or\u00ebt e ardhshme. Dysheku nuk duhet t\u00eb ket\u00eb kontakt me ujin.<\/p>\n<p style=\"text-align: left;\"><strong>KUSHTET E KTHIMIT \/ GARANCION:<\/strong><\/p>\n<p style=\"text-align: left;\"><span style=\"color: #ffffff;\">3905710980499 DYSHEK ALOE VERA<\/span><\/p>\n","protected":false},"featured_media":86751,"template":"","meta":[],"product_cat":[15,85,72],"product_tag":[],"_links":{"self":[{"href":"https:\/\/www.comoditahome.com\/al\/wp-json\/wp\/v2\/product\/84183"}],"collection":[{"href":"https:\/\/www.comoditahome.com\/al\/wp-json\/wp\/v2\/product"}],"about":[{"href":"https:\/\/www.comoditahome.com\/al\/wp-json\/wp\/v2\/types\/product"}],"version-history":[{"count":9,"href":"https:\/\/www.comoditahome.com\/al\/wp-json\/wp\/v2\/product\/84183\/revisions"}],"predecessor-version":[{"id":88258,"href":"https:\/\/www.comoditahome.com\/al\/wp-json\/wp\/v2\/product\/84183\/revisions\/88258"}],"wp:featuredmedia":[{"embeddable":true,"href":"https:\/\/www.comoditahome.com\/al\/wp-json\/wp\/v2\/media\/86751"}],"wp:attachment":[{"href":"https:\/\/www.comoditahome.com\/al\/wp-json\/wp\/v2\/media?parent=84183"}],"wp:term":[{"taxonomy":"product_cat","embeddable":true,"href":"https:\/\/www.comoditahome.com\/al\/wp-json\/wp\/v2\/product_cat?post=84183"},{"taxonomy":"product_tag","embeddable":true,"href":"https:\/\/www.comoditahome.com\/al\/wp-json\/wp\/v2\/product_tag?post=84183"}],"curies":[{"name":"wp","href":"https:\/\/api.w.org\/{rel}","templated":true}]}}